{"id":1099,"date":"2023-02-22T15:47:08","date_gmt":"2023-02-22T14:47:08","guid":{"rendered":"http:\/\/localhost\/wordpress\/?post_type=product&#038;p=1099"},"modified":"2023-02-22T16:03:33","modified_gmt":"2023-02-22T15:03:33","slug":"technicienne-pnl-a-paris-2","status":"publish","type":"product","link":"https:\/\/cftbc.com\/index.php\/produit\/technicienne-pnl-a-paris-2\/","title":{"rendered":"Technicien(ne) PNL \u00e0 Paris"},"content":{"rendered":"<p>Formation de Technicien(ne) en Programmation Neuro-Linguistique (PNL) \u00e0 <strong>Paris<\/strong><\/p>\n","protected":false},"excerpt":{"rendered":"<p>Cette formation est le <strong><mark class=\"has-inline-color has-ast-global-color-8-color\">premier niveau du cursus de formation de la PNL<\/mark><\/strong>, la premi\u00e8re \u00e9tape d&rsquo;un apprentissage sp\u00e9cifique qui est ax\u00e9 sur de la <mark class=\"has-inline-color has-ast-global-color-8-color\">psychologie<\/mark> et de la <mark class=\"has-inline-color has-ast-global-color-8-color\">communication<\/mark>.<\/p>\n","protected":false},"featured_media":178,"comment_status":"open","ping_status":"closed","template":"","meta":[],"product_cat":[24,33],"product_tag":[34],"class_list":["post-1099","product","type-product","status-publish","has-post-thumbnail","hentry","product_cat-formations-a-paris","product_cat-pnl","product_tag-pnl-paris"],"yoast_head":"<!-- This site is optimized with the Yoast SEO plugin v20.1 - https:\/\/yoast.com\/wordpress\/plugins\/seo\/ -->\n<title>Technicien(ne) PNL \u00e0 Paris - Centre de Formation en Th\u00e9rapies Br\u00e8ves et Cognitives<\/title>\n<meta name=\"robots\" content=\"index, follow, max-snippet:-1, max-image-preview:large, max-video-preview:-1\" \/>\n<link rel=\"canonical\" href=\"https:\/\/cftbc.com\/index.php\/produit\/technicienne-pnl-a-paris-2\/\" \/>\n<meta property=\"og:locale\" content=\"fr_FR\" \/>\n<meta property=\"og:type\" content=\"article\" \/>\n<meta property=\"og:title\" content=\"Technicien(ne) PNL \u00e0 Paris - Centre de Formation en Th\u00e9rapies Br\u00e8ves et Cognitives\" \/>\n<meta property=\"og:description\" content=\"Cette formation est le premier niveau du cursus de formation de la PNL, la premi\u00e8re \u00e9tape d&#039;un apprentissage sp\u00e9cifique qui est ax\u00e9 sur de la psychologie et de la communication.\" \/>\n<meta property=\"og:url\" content=\"https:\/\/cftbc.com\/index.php\/produit\/technicienne-pnl-a-paris-2\/\" \/>\n<meta property=\"og:site_name\" content=\"Centre de Formation en Th\u00e9rapies Br\u00e8ves et Cognitives\" \/>\n<meta property=\"article:modified_time\" content=\"2023-02-22T15:03:33+00:00\" \/>\n<meta property=\"og:image\" content=\"https:\/\/cftbc.com\/wp-content\/uploads\/2023\/01\/pexels-digital-buggu-171198-scaled.jpg\" \/>\n\t<meta property=\"og:image:width\" content=\"2560\" \/>\n\t<meta property=\"og:image:height\" content=\"1440\" \/>\n\t<meta property=\"og:image:type\" content=\"image\/jpeg\" \/>\n<meta name=\"twitter:card\" content=\"summary_large_image\" \/>\n<meta name=\"twitter:label1\" content=\"Dur\u00e9e de lecture estim\u00e9e\" \/>\n\t<meta name=\"twitter:data1\" content=\"1 minute\" \/>\n<script type=\"application\/ld+json\" class=\"yoast-schema-graph\">{\"@context\":\"https:\/\/schema.org\",\"@graph\":[{\"@type\":\"WebPage\",\"@id\":\"https:\/\/cftbc.com\/index.php\/produit\/technicienne-pnl-a-paris-2\/\",\"url\":\"https:\/\/cftbc.com\/index.php\/produit\/technicienne-pnl-a-paris-2\/\",\"name\":\"Technicien(ne) PNL \u00e0 Paris - Centre de Formation en Th\u00e9rapies Br\u00e8ves et Cognitives\",\"isPartOf\":{\"@id\":\"https:\/\/cftbc.com\/#website\"},\"datePublished\":\"2023-02-22T14:47:08+00:00\",\"dateModified\":\"2023-02-22T15:03:33+00:00\",\"breadcrumb\":{\"@id\":\"https:\/\/cftbc.com\/index.php\/produit\/technicienne-pnl-a-paris-2\/#breadcrumb\"},\"inLanguage\":\"fr-FR\",\"potentialAction\":[{\"@type\":\"ReadAction\",\"target\":[\"https:\/\/cftbc.com\/index.php\/produit\/technicienne-pnl-a-paris-2\/\"]}]},{\"@type\":\"BreadcrumbList\",\"@id\":\"https:\/\/cftbc.com\/index.php\/produit\/technicienne-pnl-a-paris-2\/#breadcrumb\",\"itemListElement\":[{\"@type\":\"ListItem\",\"position\":1,\"name\":\"Accueil\",\"item\":\"https:\/\/cftbc.com\/\"},{\"@type\":\"ListItem\",\"position\":2,\"name\":\"Inscription\",\"item\":\"https:\/\/cftbc.com\/index.php\/boutique\/\"},{\"@type\":\"ListItem\",\"position\":3,\"name\":\"Technicien(ne) PNL \u00e0 Paris\"}]},{\"@type\":\"WebSite\",\"@id\":\"https:\/\/cftbc.com\/#website\",\"url\":\"https:\/\/cftbc.com\/\",\"name\":\"Centre de Formation en Th\u00e9rapies Br\u00e8ves et Cognitives\",\"description\":\"Soyez l&#039;acteur du changement !\",\"publisher\":{\"@id\":\"https:\/\/cftbc.com\/#organization\"},\"potentialAction\":[{\"@type\":\"SearchAction\",\"target\":{\"@type\":\"EntryPoint\",\"urlTemplate\":\"https:\/\/cftbc.com\/?s={search_term_string}\"},\"query-input\":\"required name=search_term_string\"}],\"inLanguage\":\"fr-FR\"},{\"@type\":\"Organization\",\"@id\":\"https:\/\/cftbc.com\/#organization\",\"name\":\"Centre de Formation en Th\u00e9rapies Br\u00e8ves et Cognitives\",\"url\":\"https:\/\/cftbc.com\/\",\"logo\":{\"@type\":\"ImageObject\",\"inLanguage\":\"fr-FR\",\"@id\":\"https:\/\/cftbc.com\/#\/schema\/logo\/image\/\",\"url\":\"https:\/\/cftbc.com\/wp-content\/uploads\/2022\/12\/centre-de-formation-de-therapie1-scaled.jpg\",\"contentUrl\":\"https:\/\/cftbc.com\/wp-content\/uploads\/2022\/12\/centre-de-formation-de-therapie1-scaled.jpg\",\"width\":2238,\"height\":2560,\"caption\":\"Centre de Formation en Th\u00e9rapies Br\u00e8ves et Cognitives\"},\"image\":{\"@id\":\"https:\/\/cftbc.com\/#\/schema\/logo\/image\/\"}}]}<\/script>\n<!-- \/ Yoast SEO plugin. -->","yoast_head_json":{"title":"Technicien(ne) PNL \u00e0 Paris - Centre de Formation en Th\u00e9rapies Br\u00e8ves et Cognitives","robots":{"index":"index","follow":"follow","max-snippet":"max-snippet:-1","max-image-preview":"max-image-preview:large","max-video-preview":"max-video-preview:-1"},"canonical":"https:\/\/cftbc.com\/index.php\/produit\/technicienne-pnl-a-paris-2\/","og_locale":"fr_FR","og_type":"article","og_title":"Technicien(ne) PNL \u00e0 Paris - Centre de Formation en Th\u00e9rapies Br\u00e8ves et Cognitives","og_description":"Cette formation est le premier niveau du cursus de formation de la PNL, la premi\u00e8re \u00e9tape d'un apprentissage sp\u00e9cifique qui est ax\u00e9 sur de la psychologie et de la communication.","og_url":"https:\/\/cftbc.com\/index.php\/produit\/technicienne-pnl-a-paris-2\/","og_site_name":"Centre de Formation en Th\u00e9rapies Br\u00e8ves et Cognitives","article_modified_time":"2023-02-22T15:03:33+00:00","og_image":[{"width":2560,"height":1440,"url":"https:\/\/cftbc.com\/wp-content\/uploads\/2023\/01\/pexels-digital-buggu-171198-scaled.jpg","type":"image\/jpeg"}],"twitter_card":"summary_large_image","twitter_misc":{"Dur\u00e9e de lecture estim\u00e9e":"1 minute"},"schema":{"@context":"https:\/\/schema.org","@graph":[{"@type":"WebPage","@id":"https:\/\/cftbc.com\/index.php\/produit\/technicienne-pnl-a-paris-2\/","url":"https:\/\/cftbc.com\/index.php\/produit\/technicienne-pnl-a-paris-2\/","name":"Technicien(ne) PNL \u00e0 Paris - Centre de Formation en Th\u00e9rapies Br\u00e8ves et Cognitives","isPartOf":{"@id":"https:\/\/cftbc.com\/#website"},"datePublished":"2023-02-22T14:47:08+00:00","dateModified":"2023-02-22T15:03:33+00:00","breadcrumb":{"@id":"https:\/\/cftbc.com\/index.php\/produit\/technicienne-pnl-a-paris-2\/#breadcrumb"},"inLanguage":"fr-FR","potentialAction":[{"@type":"ReadAction","target":["https:\/\/cftbc.com\/index.php\/produit\/technicienne-pnl-a-paris-2\/"]}]},{"@type":"BreadcrumbList","@id":"https:\/\/cftbc.com\/index.php\/produit\/technicienne-pnl-a-paris-2\/#breadcrumb","itemListElement":[{"@type":"ListItem","position":1,"name":"Accueil","item":"https:\/\/cftbc.com\/"},{"@type":"ListItem","position":2,"name":"Inscription","item":"https:\/\/cftbc.com\/index.php\/boutique\/"},{"@type":"ListItem","position":3,"name":"Technicien(ne) PNL \u00e0 Paris"}]},{"@type":"WebSite","@id":"https:\/\/cftbc.com\/#website","url":"https:\/\/cftbc.com\/","name":"Centre de Formation en Th\u00e9rapies Br\u00e8ves et Cognitives","description":"Soyez l&#039;acteur du changement !","publisher":{"@id":"https:\/\/cftbc.com\/#organization"},"potentialAction":[{"@type":"SearchAction","target":{"@type":"EntryPoint","urlTemplate":"https:\/\/cftbc.com\/?s={search_term_string}"},"query-input":"required name=search_term_string"}],"inLanguage":"fr-FR"},{"@type":"Organization","@id":"https:\/\/cftbc.com\/#organization","name":"Centre de Formation en Th\u00e9rapies Br\u00e8ves et Cognitives","url":"https:\/\/cftbc.com\/","logo":{"@type":"ImageObject","inLanguage":"fr-FR","@id":"https:\/\/cftbc.com\/#\/schema\/logo\/image\/","url":"https:\/\/cftbc.com\/wp-content\/uploads\/2022\/12\/centre-de-formation-de-therapie1-scaled.jpg","contentUrl":"https:\/\/cftbc.com\/wp-content\/uploads\/2022\/12\/centre-de-formation-de-therapie1-scaled.jpg","width":2238,"height":2560,"caption":"Centre de Formation en Th\u00e9rapies Br\u00e8ves et Cognitives"},"image":{"@id":"https:\/\/cftbc.com\/#\/schema\/logo\/image\/"}}]}},"_links":{"self":[{"href":"https:\/\/cftbc.com\/index.php\/wp-json\/wp\/v2\/product\/1099","targetHints":{"allow":["GET"]}}],"collection":[{"href":"https:\/\/cftbc.com\/index.php\/wp-json\/wp\/v2\/product"}],"about":[{"href":"https:\/\/cftbc.com\/index.php\/wp-json\/wp\/v2\/types\/product"}],"replies":[{"embeddable":true,"href":"https:\/\/cftbc.com\/index.php\/wp-json\/wp\/v2\/comments?post=1099"}],"wp:featuredmedia":[{"embeddable":true,"href":"https:\/\/cftbc.com\/index.php\/wp-json\/wp\/v2\/media\/178"}],"wp:attachment":[{"href":"https:\/\/cftbc.com\/index.php\/wp-json\/wp\/v2\/media?parent=1099"}],"wp:term":[{"taxonomy":"product_cat","embeddable":true,"href":"https:\/\/cftbc.com\/index.php\/wp-json\/wp\/v2\/product_cat?post=1099"},{"taxonomy":"product_tag","embeddable":true,"href":"https:\/\/cftbc.com\/index.php\/wp-json\/wp\/v2\/product_tag?post=1099"}],"curies":[{"name":"wp","href":"https:\/\/api.w.org\/{rel}","templated":true}]}}