{"id":1091,"date":"2023-02-22T14:59:44","date_gmt":"2023-02-22T13:59:44","guid":{"rendered":"http:\/\/localhost\/wordpress\/?post_type=product&#038;p=1091"},"modified":"2023-03-18T15:19:27","modified_gmt":"2023-03-18T14:19:27","slug":"praticienne-he-a-annecy","status":"publish","type":"product","link":"https:\/\/cftbc.com\/index.php\/produit\/praticienne-he-a-annecy\/","title":{"rendered":"Praticien(ne) HE \u00e0 Annecy"},"content":{"rendered":"<p>Formation de Praticien(ne) en Hypnose Ericksonienne \u00e0 <strong>Annecy<\/strong><\/p>\n","protected":false},"excerpt":{"rendered":"<p>Cette formation, au m\u00eame titre que celle en PNL, est une <strong>mise en pratique<\/strong> de toutes les techniques sp\u00e9cifiques apprises lors de la partie <strong><a href=\"https:\/\/cftbc.com\/index.php\/technicienne-en-hypnose-ericksonienne\/\" target=\"_blank\" rel=\"noreferrer noopener\" data-type=\"page\" data-id=\"12\"><mark class=\"has-inline-color\">Technicien(ne)<\/mark><\/a><\/strong>, \u00e0 travers <strong><mark class=\"has-inline-color has-ast-global-color-8-color\">des protocoles et des situations r\u00e9elles<\/mark><\/strong>, et un <strong>approfondissement de ces connaissances<\/strong>. Elle vous permettra de vous <strong>construire des r\u00e9flexes de bon praticien<\/strong>, dans le \u00ab <mark class=\"has-inline-color has-ast-global-color-8-color\">savoir-\u00eatre<\/mark> \u00bb et le \u00ab <mark class=\"has-inline-color has-ast-global-color-8-color\">savoir-faire<\/mark>\u00a0\u00bb qui s\u2019automatiseront davantage.<\/p>\n","protected":false},"featured_media":610,"comment_status":"open","ping_status":"closed","template":"","meta":[],"product_cat":[30,31],"product_tag":[32],"class_list":["post-1091","product","type-product","status-publish","has-post-thumbnail","hentry","product_cat-formations-a-annecy","product_cat-hypnose-ericksonienne-formation-a-annecy","product_tag-hypnose-annecy"],"yoast_head":"<!-- This site is optimized with the Yoast SEO plugin v20.1 - https:\/\/yoast.com\/wordpress\/plugins\/seo\/ -->\n<title>Praticien(ne) HE \u00e0 Annecy - Centre de Formation en Th\u00e9rapies Br\u00e8ves et Cognitives<\/title>\n<meta name=\"robots\" content=\"index, follow, max-snippet:-1, max-image-preview:large, max-video-preview:-1\" \/>\n<link rel=\"canonical\" href=\"https:\/\/cftbc.com\/index.php\/produit\/praticienne-he-a-annecy\/\" \/>\n<meta property=\"og:locale\" content=\"fr_FR\" \/>\n<meta property=\"og:type\" content=\"article\" \/>\n<meta property=\"og:title\" content=\"Praticien(ne) HE \u00e0 Annecy - Centre de Formation en Th\u00e9rapies Br\u00e8ves et Cognitives\" \/>\n<meta property=\"og:description\" content=\"Cette formation, au m\u00eame titre que celle en PNL, est une mise en pratique de toutes les techniques sp\u00e9cifiques apprises lors de la partie Technicien(ne), \u00e0 travers des protocoles et des situations r\u00e9elles, et un approfondissement de ces connaissances. Elle vous permettra de vous construire des r\u00e9flexes de bon praticien, dans le \u00ab savoir-\u00eatre \u00bb et le \u00ab savoir-faire\u00a0\u00bb qui s\u2019automatiseront davantage.\" \/>\n<meta property=\"og:url\" content=\"https:\/\/cftbc.com\/index.php\/produit\/praticienne-he-a-annecy\/\" \/>\n<meta property=\"og:site_name\" content=\"Centre de Formation en Th\u00e9rapies Br\u00e8ves et Cognitives\" \/>\n<meta property=\"article:modified_time\" content=\"2023-03-18T14:19:27+00:00\" \/>\n<meta property=\"og:image\" content=\"https:\/\/cftbc.com\/wp-content\/uploads\/2023\/02\/pexels-inchs-67025556-scaled-e1676734962707.jpg\" \/>\n\t<meta property=\"og:image:width\" content=\"1708\" \/>\n\t<meta property=\"og:image:height\" content=\"787\" \/>\n\t<meta property=\"og:image:type\" content=\"image\/jpeg\" \/>\n<meta name=\"twitter:card\" content=\"summary_large_image\" \/>\n<meta name=\"twitter:label1\" content=\"Dur\u00e9e de lecture estim\u00e9e\" \/>\n\t<meta name=\"twitter:data1\" content=\"1 minute\" \/>\n<script type=\"application\/ld+json\" class=\"yoast-schema-graph\">{\"@context\":\"https:\/\/schema.org\",\"@graph\":[{\"@type\":\"WebPage\",\"@id\":\"https:\/\/cftbc.com\/index.php\/produit\/praticienne-he-a-annecy\/\",\"url\":\"https:\/\/cftbc.com\/index.php\/produit\/praticienne-he-a-annecy\/\",\"name\":\"Praticien(ne) HE \u00e0 Annecy - Centre de Formation en Th\u00e9rapies Br\u00e8ves et Cognitives\",\"isPartOf\":{\"@id\":\"https:\/\/cftbc.com\/#website\"},\"datePublished\":\"2023-02-22T13:59:44+00:00\",\"dateModified\":\"2023-03-18T14:19:27+00:00\",\"breadcrumb\":{\"@id\":\"https:\/\/cftbc.com\/index.php\/produit\/praticienne-he-a-annecy\/#breadcrumb\"},\"inLanguage\":\"fr-FR\",\"potentialAction\":[{\"@type\":\"ReadAction\",\"target\":[\"https:\/\/cftbc.com\/index.php\/produit\/praticienne-he-a-annecy\/\"]}]},{\"@type\":\"BreadcrumbList\",\"@id\":\"https:\/\/cftbc.com\/index.php\/produit\/praticienne-he-a-annecy\/#breadcrumb\",\"itemListElement\":[{\"@type\":\"ListItem\",\"position\":1,\"name\":\"Accueil\",\"item\":\"https:\/\/cftbc.com\/\"},{\"@type\":\"ListItem\",\"position\":2,\"name\":\"Inscription\",\"item\":\"https:\/\/cftbc.com\/index.php\/boutique\/\"},{\"@type\":\"ListItem\",\"position\":3,\"name\":\"Praticien(ne) HE \u00e0 Annecy\"}]},{\"@type\":\"WebSite\",\"@id\":\"https:\/\/cftbc.com\/#website\",\"url\":\"https:\/\/cftbc.com\/\",\"name\":\"Centre de Formation en Th\u00e9rapies Br\u00e8ves et Cognitives\",\"description\":\"Soyez l&#039;acteur du changement !\",\"publisher\":{\"@id\":\"https:\/\/cftbc.com\/#organization\"},\"potentialAction\":[{\"@type\":\"SearchAction\",\"target\":{\"@type\":\"EntryPoint\",\"urlTemplate\":\"https:\/\/cftbc.com\/?s={search_term_string}\"},\"query-input\":\"required name=search_term_string\"}],\"inLanguage\":\"fr-FR\"},{\"@type\":\"Organization\",\"@id\":\"https:\/\/cftbc.com\/#organization\",\"name\":\"Centre de Formation en Th\u00e9rapies Br\u00e8ves et Cognitives\",\"url\":\"https:\/\/cftbc.com\/\",\"logo\":{\"@type\":\"ImageObject\",\"inLanguage\":\"fr-FR\",\"@id\":\"https:\/\/cftbc.com\/#\/schema\/logo\/image\/\",\"url\":\"https:\/\/cftbc.com\/wp-content\/uploads\/2022\/12\/centre-de-formation-de-therapie1-scaled.jpg\",\"contentUrl\":\"https:\/\/cftbc.com\/wp-content\/uploads\/2022\/12\/centre-de-formation-de-therapie1-scaled.jpg\",\"width\":2238,\"height\":2560,\"caption\":\"Centre de Formation en Th\u00e9rapies Br\u00e8ves et Cognitives\"},\"image\":{\"@id\":\"https:\/\/cftbc.com\/#\/schema\/logo\/image\/\"}}]}<\/script>\n<!-- \/ Yoast SEO plugin. -->","yoast_head_json":{"title":"Praticien(ne) HE \u00e0 Annecy - Centre de Formation en Th\u00e9rapies Br\u00e8ves et Cognitives","robots":{"index":"index","follow":"follow","max-snippet":"max-snippet:-1","max-image-preview":"max-image-preview:large","max-video-preview":"max-video-preview:-1"},"canonical":"https:\/\/cftbc.com\/index.php\/produit\/praticienne-he-a-annecy\/","og_locale":"fr_FR","og_type":"article","og_title":"Praticien(ne) HE \u00e0 Annecy - Centre de Formation en Th\u00e9rapies Br\u00e8ves et Cognitives","og_description":"Cette formation, au m\u00eame titre que celle en PNL, est une mise en pratique de toutes les techniques sp\u00e9cifiques apprises lors de la partie Technicien(ne), \u00e0 travers des protocoles et des situations r\u00e9elles, et un approfondissement de ces connaissances. Elle vous permettra de vous construire des r\u00e9flexes de bon praticien, dans le \u00ab savoir-\u00eatre \u00bb et le \u00ab savoir-faire\u00a0\u00bb qui s\u2019automatiseront davantage.","og_url":"https:\/\/cftbc.com\/index.php\/produit\/praticienne-he-a-annecy\/","og_site_name":"Centre de Formation en Th\u00e9rapies Br\u00e8ves et Cognitives","article_modified_time":"2023-03-18T14:19:27+00:00","og_image":[{"width":1708,"height":787,"url":"https:\/\/cftbc.com\/wp-content\/uploads\/2023\/02\/pexels-inchs-67025556-scaled-e1676734962707.jpg","type":"image\/jpeg"}],"twitter_card":"summary_large_image","twitter_misc":{"Dur\u00e9e de lecture estim\u00e9e":"1 minute"},"schema":{"@context":"https:\/\/schema.org","@graph":[{"@type":"WebPage","@id":"https:\/\/cftbc.com\/index.php\/produit\/praticienne-he-a-annecy\/","url":"https:\/\/cftbc.com\/index.php\/produit\/praticienne-he-a-annecy\/","name":"Praticien(ne) HE \u00e0 Annecy - Centre de Formation en Th\u00e9rapies Br\u00e8ves et Cognitives","isPartOf":{"@id":"https:\/\/cftbc.com\/#website"},"datePublished":"2023-02-22T13:59:44+00:00","dateModified":"2023-03-18T14:19:27+00:00","breadcrumb":{"@id":"https:\/\/cftbc.com\/index.php\/produit\/praticienne-he-a-annecy\/#breadcrumb"},"inLanguage":"fr-FR","potentialAction":[{"@type":"ReadAction","target":["https:\/\/cftbc.com\/index.php\/produit\/praticienne-he-a-annecy\/"]}]},{"@type":"BreadcrumbList","@id":"https:\/\/cftbc.com\/index.php\/produit\/praticienne-he-a-annecy\/#breadcrumb","itemListElement":[{"@type":"ListItem","position":1,"name":"Accueil","item":"https:\/\/cftbc.com\/"},{"@type":"ListItem","position":2,"name":"Inscription","item":"https:\/\/cftbc.com\/index.php\/boutique\/"},{"@type":"ListItem","position":3,"name":"Praticien(ne) HE \u00e0 Annecy"}]},{"@type":"WebSite","@id":"https:\/\/cftbc.com\/#website","url":"https:\/\/cftbc.com\/","name":"Centre de Formation en Th\u00e9rapies Br\u00e8ves et Cognitives","description":"Soyez l&#039;acteur du changement !","publisher":{"@id":"https:\/\/cftbc.com\/#organization"},"potentialAction":[{"@type":"SearchAction","target":{"@type":"EntryPoint","urlTemplate":"https:\/\/cftbc.com\/?s={search_term_string}"},"query-input":"required name=search_term_string"}],"inLanguage":"fr-FR"},{"@type":"Organization","@id":"https:\/\/cftbc.com\/#organization","name":"Centre de Formation en Th\u00e9rapies Br\u00e8ves et Cognitives","url":"https:\/\/cftbc.com\/","logo":{"@type":"ImageObject","inLanguage":"fr-FR","@id":"https:\/\/cftbc.com\/#\/schema\/logo\/image\/","url":"https:\/\/cftbc.com\/wp-content\/uploads\/2022\/12\/centre-de-formation-de-therapie1-scaled.jpg","contentUrl":"https:\/\/cftbc.com\/wp-content\/uploads\/2022\/12\/centre-de-formation-de-therapie1-scaled.jpg","width":2238,"height":2560,"caption":"Centre de Formation en Th\u00e9rapies Br\u00e8ves et Cognitives"},"image":{"@id":"https:\/\/cftbc.com\/#\/schema\/logo\/image\/"}}]}},"_links":{"self":[{"href":"https:\/\/cftbc.com\/index.php\/wp-json\/wp\/v2\/product\/1091","targetHints":{"allow":["GET"]}}],"collection":[{"href":"https:\/\/cftbc.com\/index.php\/wp-json\/wp\/v2\/product"}],"about":[{"href":"https:\/\/cftbc.com\/index.php\/wp-json\/wp\/v2\/types\/product"}],"replies":[{"embeddable":true,"href":"https:\/\/cftbc.com\/index.php\/wp-json\/wp\/v2\/comments?post=1091"}],"wp:featuredmedia":[{"embeddable":true,"href":"https:\/\/cftbc.com\/index.php\/wp-json\/wp\/v2\/media\/610"}],"wp:attachment":[{"href":"https:\/\/cftbc.com\/index.php\/wp-json\/wp\/v2\/media?parent=1091"}],"wp:term":[{"taxonomy":"product_cat","embeddable":true,"href":"https:\/\/cftbc.com\/index.php\/wp-json\/wp\/v2\/product_cat?post=1091"},{"taxonomy":"product_tag","embeddable":true,"href":"https:\/\/cftbc.com\/index.php\/wp-json\/wp\/v2\/product_tag?post=1091"}],"curies":[{"name":"wp","href":"https:\/\/api.w.org\/{rel}","templated":true}]}}