{"id":8,"date":"2022-12-15T16:49:45","date_gmt":"2022-12-15T15:49:45","guid":{"rendered":"http:\/\/localhost\/wordpress\/?page_id=8"},"modified":"2023-04-21T00:58:33","modified_gmt":"2023-04-20T22:58:33","slug":"formation-en-hypnose-ericksonienne","status":"publish","type":"page","link":"https:\/\/cftbc.com\/index.php\/formation-en-hypnose-ericksonienne\/","title":{"rendered":"Formation en Hypnose Ericksonienne"},"content":{"rendered":"\n<div class=\"wp-block-cover alignfull has-custom-content-position is-position-bottom-left\" style=\"min-height:555px;aspect-ratio:unset;\"><span aria-hidden=\"true\" class=\"wp-block-cover__background has-background-dim-10 has-background-dim\"><\/span><img loading=\"lazy\" decoding=\"async\" width=\"2099\" height=\"1356\" class=\"wp-block-cover__image-background wp-image-815\" alt=\"\" src=\"https:\/\/cftbc.com\/wp-content\/uploads\/2023\/02\/pexels-jeremy-bishop-2397414-scaled-e1676832017385.jpg\" style=\"object-position:61% 87%\" data-object-fit=\"cover\" data-object-position=\"61% 87%\" srcset=\"https:\/\/cftbc.com\/wp-content\/uploads\/2023\/02\/pexels-jeremy-bishop-2397414-scaled-e1676832017385.jpg 2099w, https:\/\/cftbc.com\/wp-content\/uploads\/2023\/02\/pexels-jeremy-bishop-2397414-scaled-e1676832017385-600x388.jpg 600w, https:\/\/cftbc.com\/wp-content\/uploads\/2023\/02\/pexels-jeremy-bishop-2397414-scaled-e1676832017385-300x194.jpg 300w, https:\/\/cftbc.com\/wp-content\/uploads\/2023\/02\/pexels-jeremy-bishop-2397414-scaled-e1676832017385-1024x662.jpg 1024w, https:\/\/cftbc.com\/wp-content\/uploads\/2023\/02\/pexels-jeremy-bishop-2397414-scaled-e1676832017385-768x496.jpg 768w, https:\/\/cftbc.com\/wp-content\/uploads\/2023\/02\/pexels-jeremy-bishop-2397414-scaled-e1676832017385-1536x992.jpg 1536w, https:\/\/cftbc.com\/wp-content\/uploads\/2023\/02\/pexels-jeremy-bishop-2397414-scaled-e1676832017385-2048x1323.jpg 2048w\" sizes=\"auto, (max-width: 2099px) 100vw, 2099px\" \/><div class=\"wp-block-cover__inner-container is-layout-flow wp-block-cover-is-layout-flow\">\n<h2 class=\"wp-block-heading alignfull has-text-align-left\" style=\"margin-top:0;margin-right:0;margin-bottom:0;margin-left:0;font-size:45px\"><strong><mark style=\"background-color:rgba(0, 0, 0, 0)\" class=\"has-inline-color has-white-color\">Hypnose Ericksonienne<\/mark> <\/strong><\/h2>\n<\/div><\/div>\n\n\n\n<h2 class=\"wp-block-heading alignwide has-text-align-left\" style=\"margin-top:var(--wp--preset--spacing--40);margin-left:0;padding-left:0\"><strong>Formation en Hypnose<\/strong><\/h2>\n\n\n\n<p class=\"has-text-align-left\"><strong><mark style=\"background-color:rgba(0, 0, 0, 0)\" class=\"has-inline-color has-ast-global-color-8-color\"><a href=\"https:\/\/cftbc.com\/index.php\/certification-cftbc\/\">Certifi\u00e9e <\/a><\/mark><mark style=\"background-color:rgba(0, 0, 0, 0)\" class=\"has-inline-color has-black-color\"><a href=\"https:\/\/cftbc.com\/index.php\/certification-cftbc\/\">CFTBC<\/a><\/mark><\/strong><\/p>\n\n\n\n<p class=\"has-text-align-justify has-medium-font-size\" style=\"margin-top:var(--wp--preset--spacing--40)\">Devenir un(e) praticien(ne) en hypnose<mark style=\"background-color:rgba(0, 0, 0, 0)\" class=\"has-inline-color has-ast-global-color-8-color\"> <\/mark>signifie souvent que vous recherchez <mark style=\"background-color:rgba(0, 0, 0, 0)\" class=\"has-inline-color has-ast-global-color-8-color\">un outil de communication efficace qui a la capacit\u00e9 de faire du bien, de faire apparaitre des solutions qui semblaient jusque l\u00e0 inaccessibles, ou pour poursuivre un d\u00e9veloppement personnel.<\/mark><\/p>\n\n\n\n<h4 class=\"wp-block-heading has-medium-font-size\"><span style=\"text-decoration: underline;\"><strong>Une attitude<\/strong><\/span><\/h4>\n\n\n\n<p class=\"has-text-align-justify has-medium-font-size\">L\u2019Hypnose Ericksonienne est un \u00ab&nbsp;<mark style=\"background-color:rgba(0, 0, 0, 0)\" class=\"has-inline-color has-ast-global-color-8-color\">savoir-\u00eatre<\/mark>&nbsp;\u00bb et un \u00ab&nbsp;<mark style=\"background-color:rgba(0, 0, 0, 0)\" class=\"has-inline-color has-ast-global-color-8-color\">savoir-faire<\/mark>&nbsp;\u00bb consistant \u00e0 utiliser <strong>une attitude et un langage particulier dans le but d\u2019accompagner une personne (ou plusieurs) dans son voyage int\u00e9rieur vers l\u2019<mark style=\"background-color:rgba(0, 0, 0, 0)\" class=\"has-inline-color has-ast-global-color-8-color\">atteinte de l\u2019objectif qu\u2019elle d\u00e9sire<\/mark><\/strong>. Il permet \u00e9galement de pratiquer de l&rsquo;<strong><mark style=\"background-color:rgba(0, 0, 0, 0)\" class=\"has-inline-color has-black-color\">auto-hypnose<\/mark><\/strong>.<\/p>\n\n\n\n<p class=\"has-text-align-justify has-medium-font-size\">Ce langage hypnotique sp\u00e9cifique est tr\u00e8s efficace pour <mark style=\"background-color:rgba(0, 0, 0, 0)\" class=\"has-inline-color has-ast-global-color-8-color\">trouver plus facilement les ressources<\/mark><mark style=\"background-color:rgba(0, 0, 0, 0)\" class=\"has-inline-color has-black-color\">, l<\/mark><mark style=\"background-color:rgba(0, 0, 0, 0)\" class=\"has-inline-color has-ast-global-color-8-color\">es informations ou les solutions qui lui permettront de <strong>r\u00e9aliser les changements qu\u2019elle souhaite<\/strong><\/mark>.<\/p>\n\n\n\n<h4 class=\"wp-block-heading has-medium-font-size\"><strong><span style=\"text-decoration: underline;\">Un h\u00e9ritage<\/span><\/strong><\/h4>\n\n\n\n<p class=\"has-text-align-justify has-medium-font-size\">De plus en plus populaire, l\u2019Hypnose Ericksonienne est <mark style=\"background-color:rgba(0, 0, 0, 0)\" class=\"has-inline-color has-ast-global-color-8-color\">n\u00e9e des exp\u00e9riences et de la pratique du psychiatre et psychologue am\u00e9ricain, Milton Erickson<\/mark>. Elle est reconnue aujourd\u2019hui pour son efficacit\u00e9 \u00e0 <strong>apporter des changements favorables dans des probl\u00e9matiques relatives \u00e0 la psych\u00e9<\/strong>&nbsp;:<\/p>\n\n\n\n<ul class=\"has-medium-font-size wp-block-list\">\n<li><mark style=\"background-color:rgba(0, 0, 0, 0);color:#a53721\" class=\"has-inline-color\"><em>\u00ab\u00a0Le corps est le temple de l\u2019esprit. \u00a0\u00bb <\/em>Saint Paul<\/mark><\/li>\n\n\n\n<li><mark style=\"background-color:rgba(0, 0, 0, 0);color:#a24224\" class=\"has-inline-color\"><em>\u00ab\u00a0L\u00e0 o\u00f9 l\u2019esprit souffre, le corps souffre aussi<\/em>. \u00a0\u00bb Paracelse<\/mark><\/li>\n\n\n\n<li><mark style=\"background-color:rgba(0, 0, 0, 0);color:#a63f1f\" class=\"has-inline-color\"><em>\u00ab\u00a0Nous ne sommes pas seulement corps, ou seulement esprit\u00a0; nous sommes corps et esprit tout ensemble. <\/em>\u00a0\u00bb George Sand<\/mark><\/li>\n<\/ul>\n\n\n\n<p class=\"has-medium-font-size\">Cette forme d\u2019hypnose est tr\u00e8s pertinente pour <mark style=\"background-color:rgba(0, 0, 0, 0)\" class=\"has-inline-color has-ast-global-color-8-color\">soulager des probl\u00e9matiques au sujet de processus cognitifs, comportementaux, \u00e9motionnels, ou de manifestations corporelles<\/mark>. <mark style=\"background-color:#f1aca1\" class=\"has-inline-color has-ast-global-color-8-color\">En aucun cas un substitut \u00e0 la m\u00e9decine ou au syst\u00e8me de sant\u00e9<\/mark>, l\u2019Hypnose Ericksonienne a n\u00e9anmoins des fonctions th\u00e9rapeutiques qui <strong>offrent <mark style=\"background-color:rgba(0, 0, 0, 0)\" class=\"has-inline-color has-ast-global-color-8-color\">des r\u00e9sultats qui pourraient vous surprendre par leur rapidit\u00e9 et leur performance<\/mark><\/strong>.<\/p>\n\n\n\n<h4 class=\"wp-block-heading has-medium-font-size\"><strong><span style=\"text-decoration: underline;\">Un parcours d&rsquo;apprentissage<\/span><\/strong><\/h4>\n\n\n\n<p class=\"has-text-align-justify has-medium-font-size\">Le <a href=\"https:\/\/cftbc.com\/index.php\/a-propos\/\"><mark style=\"background-color:rgba(0, 0, 0, 0);color:#0574b3\" class=\"has-inline-color\"><strong>Centre de Formation en Th\u00e9rapies Br\u00e8ves et Cognitives<\/strong><\/mark><\/a><strong><mark style=\"background-color:rgba(0, 0, 0, 0);color:#0173b5\" class=\"has-inline-color\"> <\/mark><a href=\"https:\/\/cftbc.com\/index.php\/a-propos\/\"><mark style=\"background-color:rgba(0, 0, 0, 0);color:#0473b4\" class=\"has-inline-color\">(CFTBC)<\/mark><\/a><\/strong> vous pr\u00e9sente un parcours en Hypnose Ericksonienne particuli\u00e8rement <strong><mark style=\"background-color:rgba(0, 0, 0, 0)\" class=\"has-inline-color has-ast-global-color-8-color\">adapt\u00e9 \u00e0 chacun(e), d\u00e9butant(e) ou confirm\u00e9(e), quel que soit son niveau d\u2019\u00e9tude<\/mark><\/strong>.<\/p>\n\n\n\n<p class=\"has-text-align-justify has-medium-font-size\">Le <strong><a href=\"https:\/\/cftbc.com\/index.php\/a-propos\/\"><mark style=\"background-color:rgba(0, 0, 0, 0);color:#0570ae\" class=\"has-inline-color\">CFTBC<\/mark><\/a><\/strong><mark style=\"background-color:rgba(0, 0, 0, 0)\" class=\"has-inline-color has-ast-global-color-8-color\"> <\/mark>met l\u2019accent sur la pratique de chaque technique. <strong><mark style=\"background-color:rgba(0, 0, 0, 0)\" class=\"has-inline-color has-black-color\">C<\/mark><mark style=\"background-color:rgba(0, 0, 0, 0)\" class=\"has-inline-color has-ast-global-color-8-color\">haque <\/mark><mark style=\"background-color:rgba(0, 0, 0, 0);color:#388f39\" class=\"has-inline-color\">Praticien(ne)<\/mark><mark style=\"background-color:rgba(0, 0, 0, 0)\" class=\"has-inline-color has-ast-global-color-8-color\"> ou <\/mark><mark style=\"background-color:rgba(0, 0, 0, 0);color:#13591b\" class=\"has-inline-color\">Ma\u00eetre-Praticien(ne) <\/mark><mark style=\"background-color:rgba(0, 0, 0, 0)\" class=\"has-inline-color has-ast-global-color-8-color\">certifi\u00e9(e) grandira en confiance et <\/mark><mark style=\"background-color:rgba(0, 0, 0, 0)\" class=\"has-inline-color has-black-color\">en<\/mark><mark style=\"background-color:rgba(0, 0, 0, 0)\" class=\"has-inline-color has-ast-global-color-8-color\"> ma\u00eetrise des techniques<\/mark> <\/strong>relatives \u00e0 l\u2019Hypnose Ericksonienne. Chaque formation compte <strong><mark style=\"background-color:rgba(0, 0, 0, 0)\" class=\"has-inline-color has-ast-global-color-8-color\">plus de 50% de mise en pratique<\/mark><\/strong>. Cette m\u00e9thode vous confrontera \u00e0 la r\u00e9alit\u00e9 de cette discipline, et vous pourrez ainsi d\u00e9velopper des comp\u00e9tences \u00e9lev\u00e9es.<\/p>\n\n\n\n<div class=\"wp-block-group alignwide has-contrast-color has-text-color has-background\" style=\"background:linear-gradient(90deg,rgb(202,236,202) 0%,rgb(30,103,3) 100%)\"><div class=\"wp-block-group__inner-container is-layout-constrained wp-block-group-is-layout-constrained\">\n<h2 class=\"wp-block-heading alignwide has-contrast-color has-text-color has-large-font-size\"><strong>Parcours de Formations<\/strong> <\/h2>\n\n\n\n<p class=\"has-text-align-justify has-contrast-color has-text-color\"><mark style=\"background-color:rgba(0, 0, 0, 0);color:#363131\" class=\"has-inline-color\">Ces 3 formations sont \u00e9volutives et compl\u00e9mentaires, chacune \u00e9tant le pr\u00e9requis de la suivante. Elles permettent d&rsquo;acqu\u00e9rir un niveau d&rsquo;expertise de plus en plus \u00e9lev\u00e9 qui sera l&rsquo;alli\u00e9 de vos projets.<\/mark><\/p>\n\n\n\n<div class=\"wp-block-buttons has-custom-font-size has-medium-font-size is-content-justification-center is-layout-flex wp-container-core-buttons-is-layout-47571c3d wp-block-buttons-is-layout-flex\">\n<div class=\"wp-block-button has-custom-font-size has-medium-font-size\"><a class=\"wp-block-button__link has-base-color has-text-color has-background wp-element-button\" href=\"https:\/\/cftbc.com\/index.php\/technicienne-en-hypnose-ericksonienne\/\" style=\"border-radius:15px;background:linear-gradient(272deg,rgba(24,101,31,0.62) 0%,rgb(191,211,182) 100%);padding-top:15px;padding-right:15px;padding-bottom:15px;padding-left:15px\" target=\"_blank\" rel=\"noreferrer noopener\"><strong><mark style=\"background-color:rgba(0, 0, 0, 0)\" class=\"has-inline-color has-white-color\">Technicien(ne)<\/mark><\/strong><\/a><\/div>\n\n\n\n<div class=\"wp-block-button has-custom-font-size has-medium-font-size\"><a class=\"wp-block-button__link has-base-color has-text-color has-background wp-element-button\" href=\"https:\/\/cftbc.com\/index.php\/praticienne-en-hypnose-ericksonienne\/\" style=\"border-radius:15px;background:linear-gradient(268deg,rgba(22,74,15,0.88) 0%,rgba(19,109,36,0.48) 100%)\" target=\"_blank\" rel=\"noreferrer noopener\"><strong><mark style=\"background-color:rgba(0, 0, 0, 0)\" class=\"has-inline-color has-white-color\">Praticien(ne)<\/mark><\/strong><\/a><\/div>\n\n\n\n<div class=\"wp-block-button has-custom-font-size has-medium-font-size\"><a class=\"wp-block-button__link has-base-color has-text-color has-background wp-element-button\" href=\"https:\/\/cftbc.com\/index.php\/maitre-praticienne-en-hypnose-ericksonienne-2\/\" style=\"border-radius:15px;background:linear-gradient(268deg,rgb(7,33,1) 0%,rgba(20,94,18,0.74) 100%)\" target=\"_blank\" rel=\"noreferrer noopener\"><strong><mark style=\"background-color:rgba(0, 0, 0, 0)\" class=\"has-inline-color has-white-color\">Ma\u00eetre-Praticien(ne)<\/mark><\/strong><\/a><\/div>\n<\/div>\n<\/div><\/div>\n\n\n\n<p><\/p>\n","protected":false},"excerpt":{"rendered":"<p>Formation en Hypnose Certifi\u00e9e CFTBC Devenir un(e) praticien(ne) en hypnose signifie souvent que vous recherchez un outil de communication efficace qui a la capacit\u00e9 de&hellip;<\/p>\n","protected":false},"author":1,"featured_media":0,"parent":0,"menu_order":0,"comment_status":"closed","ping_status":"closed","template":"","meta":{"footnotes":""},"class_list":["post-8","page","type-page","status-publish","hentry"],"yoast_head":"<!-- This site is optimized with the Yoast SEO plugin v20.1 - https:\/\/yoast.com\/wordpress\/plugins\/seo\/ -->\n<title>Formation en Hypnose Ericksonienne<\/title>\n<meta name=\"description\" content=\"Cette formation en Hypnose vous ouvrira les portes de l&#039;inconscient, vous donnera l&#039;acc\u00e8s \u00e0 un r\u00e9servoir de ressources illimit\u00e9es...\" \/>\n<meta name=\"robots\" content=\"index, follow, max-snippet:-1, max-image-preview:large, max-video-preview:-1\" \/>\n<link rel=\"canonical\" href=\"https:\/\/cftbc.com\/index.php\/formation-en-hypnose-ericksonienne\/\" \/>\n<meta property=\"og:locale\" content=\"fr_FR\" \/>\n<meta property=\"og:type\" content=\"article\" \/>\n<meta property=\"og:title\" content=\"Formation en Hypnose Ericksonienne\" \/>\n<meta property=\"og:description\" content=\"Cette formation en Hypnose vous ouvrira les portes de l&#039;inconscient, vous donnera l&#039;acc\u00e8s \u00e0 un r\u00e9servoir de ressources illimit\u00e9es...\" \/>\n<meta property=\"og:url\" content=\"https:\/\/cftbc.com\/index.php\/formation-en-hypnose-ericksonienne\/\" \/>\n<meta property=\"og:site_name\" content=\"Centre de Formation en Th\u00e9rapies Br\u00e8ves et Cognitives\" \/>\n<meta property=\"article:modified_time\" content=\"2023-04-20T22:58:33+00:00\" \/>\n<meta property=\"og:image\" content=\"https:\/\/cftbc.com\/wp-content\/uploads\/2023\/02\/pexels-jeremy-bishop-2397414-scaled-e1676832017385.jpg\" \/>\n<meta name=\"twitter:card\" content=\"summary_large_image\" \/>\n<meta name=\"twitter:label1\" content=\"Dur\u00e9e de lecture estim\u00e9e\" \/>\n\t<meta name=\"twitter:data1\" content=\"3 minutes\" \/>\n<script type=\"application\/ld+json\" class=\"yoast-schema-graph\">{\"@context\":\"https:\/\/schema.org\",\"@graph\":[{\"@type\":\"WebPage\",\"@id\":\"https:\/\/cftbc.com\/index.php\/formation-en-hypnose-ericksonienne\/\",\"url\":\"https:\/\/cftbc.com\/index.php\/formation-en-hypnose-ericksonienne\/\",\"name\":\"Formation en Hypnose Ericksonienne\",\"isPartOf\":{\"@id\":\"https:\/\/cftbc.com\/#website\"},\"datePublished\":\"2022-12-15T15:49:45+00:00\",\"dateModified\":\"2023-04-20T22:58:33+00:00\",\"description\":\"Cette formation en Hypnose vous ouvrira les portes de l'inconscient, vous donnera l'acc\u00e8s \u00e0 un r\u00e9servoir de ressources illimit\u00e9es...\",\"breadcrumb\":{\"@id\":\"https:\/\/cftbc.com\/index.php\/formation-en-hypnose-ericksonienne\/#breadcrumb\"},\"inLanguage\":\"fr-FR\",\"potentialAction\":[{\"@type\":\"ReadAction\",\"target\":[\"https:\/\/cftbc.com\/index.php\/formation-en-hypnose-ericksonienne\/\"]}]},{\"@type\":\"BreadcrumbList\",\"@id\":\"https:\/\/cftbc.com\/index.php\/formation-en-hypnose-ericksonienne\/#breadcrumb\",\"itemListElement\":[{\"@type\":\"ListItem\",\"position\":1,\"name\":\"Accueil\",\"item\":\"https:\/\/cftbc.com\/\"},{\"@type\":\"ListItem\",\"position\":2,\"name\":\"Formation en Hypnose Ericksonienne\"}]},{\"@type\":\"WebSite\",\"@id\":\"https:\/\/cftbc.com\/#website\",\"url\":\"https:\/\/cftbc.com\/\",\"name\":\"Centre de Formation en Th\u00e9rapies Br\u00e8ves et Cognitives\",\"description\":\"Soyez l&#039;acteur du changement !\",\"publisher\":{\"@id\":\"https:\/\/cftbc.com\/#organization\"},\"potentialAction\":[{\"@type\":\"SearchAction\",\"target\":{\"@type\":\"EntryPoint\",\"urlTemplate\":\"https:\/\/cftbc.com\/?s={search_term_string}\"},\"query-input\":\"required name=search_term_string\"}],\"inLanguage\":\"fr-FR\"},{\"@type\":\"Organization\",\"@id\":\"https:\/\/cftbc.com\/#organization\",\"name\":\"Centre de Formation en Th\u00e9rapies Br\u00e8ves et Cognitives\",\"url\":\"https:\/\/cftbc.com\/\",\"logo\":{\"@type\":\"ImageObject\",\"inLanguage\":\"fr-FR\",\"@id\":\"https:\/\/cftbc.com\/#\/schema\/logo\/image\/\",\"url\":\"https:\/\/cftbc.com\/wp-content\/uploads\/2022\/12\/centre-de-formation-de-therapie1-scaled.jpg\",\"contentUrl\":\"https:\/\/cftbc.com\/wp-content\/uploads\/2022\/12\/centre-de-formation-de-therapie1-scaled.jpg\",\"width\":2238,\"height\":2560,\"caption\":\"Centre de Formation en Th\u00e9rapies Br\u00e8ves et Cognitives\"},\"image\":{\"@id\":\"https:\/\/cftbc.com\/#\/schema\/logo\/image\/\"}}]}<\/script>\n<!-- \/ Yoast SEO plugin. -->","yoast_head_json":{"title":"Formation en Hypnose Ericksonienne","description":"Cette formation en Hypnose vous ouvrira les portes de l'inconscient, vous donnera l'acc\u00e8s \u00e0 un r\u00e9servoir de ressources illimit\u00e9es...","robots":{"index":"index","follow":"follow","max-snippet":"max-snippet:-1","max-image-preview":"max-image-preview:large","max-video-preview":"max-video-preview:-1"},"canonical":"https:\/\/cftbc.com\/index.php\/formation-en-hypnose-ericksonienne\/","og_locale":"fr_FR","og_type":"article","og_title":"Formation en Hypnose Ericksonienne","og_description":"Cette formation en Hypnose vous ouvrira les portes de l'inconscient, vous donnera l'acc\u00e8s \u00e0 un r\u00e9servoir de ressources illimit\u00e9es...","og_url":"https:\/\/cftbc.com\/index.php\/formation-en-hypnose-ericksonienne\/","og_site_name":"Centre de Formation en Th\u00e9rapies Br\u00e8ves et Cognitives","article_modified_time":"2023-04-20T22:58:33+00:00","og_image":[{"url":"https:\/\/cftbc.com\/wp-content\/uploads\/2023\/02\/pexels-jeremy-bishop-2397414-scaled-e1676832017385.jpg"}],"twitter_card":"summary_large_image","twitter_misc":{"Dur\u00e9e de lecture estim\u00e9e":"3 minutes"},"schema":{"@context":"https:\/\/schema.org","@graph":[{"@type":"WebPage","@id":"https:\/\/cftbc.com\/index.php\/formation-en-hypnose-ericksonienne\/","url":"https:\/\/cftbc.com\/index.php\/formation-en-hypnose-ericksonienne\/","name":"Formation en Hypnose Ericksonienne","isPartOf":{"@id":"https:\/\/cftbc.com\/#website"},"datePublished":"2022-12-15T15:49:45+00:00","dateModified":"2023-04-20T22:58:33+00:00","description":"Cette formation en Hypnose vous ouvrira les portes de l'inconscient, vous donnera l'acc\u00e8s \u00e0 un r\u00e9servoir de ressources illimit\u00e9es...","breadcrumb":{"@id":"https:\/\/cftbc.com\/index.php\/formation-en-hypnose-ericksonienne\/#breadcrumb"},"inLanguage":"fr-FR","potentialAction":[{"@type":"ReadAction","target":["https:\/\/cftbc.com\/index.php\/formation-en-hypnose-ericksonienne\/"]}]},{"@type":"BreadcrumbList","@id":"https:\/\/cftbc.com\/index.php\/formation-en-hypnose-ericksonienne\/#breadcrumb","itemListElement":[{"@type":"ListItem","position":1,"name":"Accueil","item":"https:\/\/cftbc.com\/"},{"@type":"ListItem","position":2,"name":"Formation en Hypnose Ericksonienne"}]},{"@type":"WebSite","@id":"https:\/\/cftbc.com\/#website","url":"https:\/\/cftbc.com\/","name":"Centre de Formation en Th\u00e9rapies Br\u00e8ves et Cognitives","description":"Soyez l&#039;acteur du changement !","publisher":{"@id":"https:\/\/cftbc.com\/#organization"},"potentialAction":[{"@type":"SearchAction","target":{"@type":"EntryPoint","urlTemplate":"https:\/\/cftbc.com\/?s={search_term_string}"},"query-input":"required name=search_term_string"}],"inLanguage":"fr-FR"},{"@type":"Organization","@id":"https:\/\/cftbc.com\/#organization","name":"Centre de Formation en Th\u00e9rapies Br\u00e8ves et Cognitives","url":"https:\/\/cftbc.com\/","logo":{"@type":"ImageObject","inLanguage":"fr-FR","@id":"https:\/\/cftbc.com\/#\/schema\/logo\/image\/","url":"https:\/\/cftbc.com\/wp-content\/uploads\/2022\/12\/centre-de-formation-de-therapie1-scaled.jpg","contentUrl":"https:\/\/cftbc.com\/wp-content\/uploads\/2022\/12\/centre-de-formation-de-therapie1-scaled.jpg","width":2238,"height":2560,"caption":"Centre de Formation en Th\u00e9rapies Br\u00e8ves et Cognitives"},"image":{"@id":"https:\/\/cftbc.com\/#\/schema\/logo\/image\/"}}]}},"_links":{"self":[{"href":"https:\/\/cftbc.com\/index.php\/wp-json\/wp\/v2\/pages\/8","targetHints":{"allow":["GET"]}}],"collection":[{"href":"https:\/\/cftbc.com\/index.php\/wp-json\/wp\/v2\/pages"}],"about":[{"href":"https:\/\/cftbc.com\/index.php\/wp-json\/wp\/v2\/types\/page"}],"author":[{"embeddable":true,"href":"https:\/\/cftbc.com\/index.php\/wp-json\/wp\/v2\/users\/1"}],"replies":[{"embeddable":true,"href":"https:\/\/cftbc.com\/index.php\/wp-json\/wp\/v2\/comments?post=8"}],"version-history":[{"count":68,"href":"https:\/\/cftbc.com\/index.php\/wp-json\/wp\/v2\/pages\/8\/revisions"}],"predecessor-version":[{"id":2024,"href":"https:\/\/cftbc.com\/index.php\/wp-json\/wp\/v2\/pages\/8\/revisions\/2024"}],"wp:attachment":[{"href":"https:\/\/cftbc.com\/index.php\/wp-json\/wp\/v2\/media?parent=8"}],"curies":[{"name":"wp","href":"https:\/\/api.w.org\/{rel}","templated":true}]}}