{"id":5,"date":"2022-12-15T16:47:02","date_gmt":"2022-12-15T15:47:02","guid":{"rendered":"http:\/\/localhost\/wordpress\/?page_id=5"},"modified":"2023-06-04T14:52:21","modified_gmt":"2023-06-04T12:52:21","slug":"formation-hypnose-pnl-annecy-lyon-paris","status":"publish","type":"page","link":"https:\/\/cftbc.com\/","title":{"rendered":"Formation Hypnose PNL Annecy Lyon Paris"},"content":{"rendered":"\n<h2 class=\"wp-block-heading alignfull has-text-align-center\" style=\"font-size:28px;font-style:normal;font-weight:400\"><a href=\"https:\/\/cftbc.com\/index.php\/a-propos\/\"><strong><mark style=\"background-color:rgba(0, 0, 0, 0);color:#3742c2\" class=\"has-inline-color\">CENTRE DE FORMATION<\/mark><\/strong> <sup><mark style=\"background-color:rgba(0, 0, 0, 0);color:#84d1b7\" class=\"has-inline-color\">en<\/mark><\/sup><\/a><\/h2>\n\n\n\n<h2 class=\"wp-block-heading alignfull has-text-align-center\" style=\"font-size:28px;font-style:normal;font-weight:400\"><a href=\"https:\/\/cftbc.com\/index.php\/a-propos\/\"><strong><mark style=\"background-color:rgba(0, 0, 0, 0);color:#3c47c4\" class=\"has-inline-color\">TH\u00c9RAPIES BR\u00c8VES<\/mark><\/strong> <sup><mark style=\"background-color:rgba(0, 0, 0, 0);color:#bcca64\" class=\"has-inline-color\">et<\/mark><\/sup> <strong><mark style=\"background-color:rgba(0, 0, 0, 0);color:#394cbc\" class=\"has-inline-color\">COGNITIVES<\/mark><\/strong><\/a><\/h2>\n\n\n<div class=\"wp-block-image is-style-default\">\n<figure class=\"aligncenter size-medium\"><img loading=\"lazy\" decoding=\"async\" width=\"273\" height=\"300\" src=\"https:\/\/cftbc.com\/wp-content\/uploads\/2022\/12\/centre-de-formation-de-therapie1-scaled-e1681782071686-273x300.jpg\" alt=\"Formation Hypnose PNL Annecy Lyon Paris\" class=\"wp-image-134\" srcset=\"https:\/\/cftbc.com\/wp-content\/uploads\/2022\/12\/centre-de-formation-de-therapie1-scaled-e1681782071686-273x300.jpg 273w, https:\/\/cftbc.com\/wp-content\/uploads\/2022\/12\/centre-de-formation-de-therapie1-scaled-e1681782071686-600x659.jpg 600w, https:\/\/cftbc.com\/wp-content\/uploads\/2022\/12\/centre-de-formation-de-therapie1-scaled-e1681782071686-933x1024.jpg 933w, https:\/\/cftbc.com\/wp-content\/uploads\/2022\/12\/centre-de-formation-de-therapie1-scaled-e1681782071686-768x843.jpg 768w, https:\/\/cftbc.com\/wp-content\/uploads\/2022\/12\/centre-de-formation-de-therapie1-scaled-e1681782071686-1399x1536.jpg 1399w, https:\/\/cftbc.com\/wp-content\/uploads\/2022\/12\/centre-de-formation-de-therapie1-scaled-e1681782071686-1866x2048.jpg 1866w, https:\/\/cftbc.com\/wp-content\/uploads\/2022\/12\/centre-de-formation-de-therapie1-scaled-e1681782071686-1320x1449.jpg 1320w\" sizes=\"auto, (max-width: 273px) 100vw, 273px\" \/><\/figure>\n<\/div>\n\n\n<div class=\"wp-block-group\"><div class=\"wp-block-group__inner-container is-layout-constrained wp-block-group-is-layout-constrained\">\n<h2 class=\"wp-block-heading has-text-align-center\" style=\"font-size:18px\"><strong><span style=\"text-decoration: underline;\"><mark style=\"background-color:rgba(0, 0, 0, 0)\" class=\"has-inline-color has-black-color\">FORMATION EN HYPNOSE ET PNL<\/mark><\/span><\/strong><\/h2>\n\n\n\n<h2 class=\"wp-block-heading has-text-align-center\" style=\"font-size:18px\"><strong><mark style=\"background-color:rgba(0, 0, 0, 0)\" class=\"has-inline-color has-black-color\">Annecy &#8211; Lyon &#8211; Paris<\/mark><\/strong><\/h2>\n\n\n\n<div class=\"wp-block-group alignwide\"><div class=\"wp-block-group__inner-container is-layout-constrained wp-block-group-is-layout-constrained\">\n<div class=\"wp-block-group alignfull\"><div class=\"wp-block-group__inner-container is-layout-constrained wp-block-group-is-layout-constrained\">\n<p class=\"has-text-align-justify\">Nous vous proposons une <mark style=\"background-color:rgba(0, 0, 0, 0)\" class=\"has-inline-color has-black-color\">formation en Hypnose Ericksonienne et PNL<\/mark> (Programmation Neuro-Linguistique) dans les villes d&rsquo;<mark style=\"background-color:rgba(0, 0, 0, 0)\" class=\"has-inline-color has-black-color\">Annecy, Lyon et Paris<\/mark>.<\/p>\n\n\n\n<p class=\"has-text-align-center\" style=\"font-size:18px;font-style:normal;font-weight:400\"><strong>Des formations qui changent notre vision\u2026<\/strong><\/p>\n\n\n\n<p class=\"has-text-align-justify\">Notre <mark style=\"background-color:rgba(0, 0, 0, 0)\" class=\"has-inline-color has-black-color\">formation en Hypnose<\/mark> est bas\u00e9e sur l\u2019exp\u00e9rience et les travaux du psychiatre et psychologue am\u00e9ricain Milton Erickson. Elle vous permet en quelques jours de vous familiariser avec un langage particulier qui vous permettra de <mark style=\"background-color:rgba(0, 0, 0, 0)\" class=\"has-inline-color has-black-color\">communiquer avec l&rsquo;inconscient<\/mark>, si\u00e8ge de ressources insoup\u00e7onnables.<\/p>\n\n\n\n<p class=\"has-text-align-justify\">Notre <mark style=\"background-color:rgba(0, 0, 0, 0)\" class=\"has-inline-color has-black-color\">formation en PNL<\/mark>, quant \u00e0 elle, est bas\u00e9e principalement sur les travaux de John Grinder et Richard Bandler. Elle vous d\u00e9voile les rouages structurels de nos exp\u00e9riences subjectives, laissant appara\u00eetre <mark style=\"background-color:rgba(0, 0, 0, 0)\" class=\"has-inline-color has-black-color\">une nouvelle compr\u00e9hension de nos \u00e9motions, r\u00e9flexions et comportements<\/mark>.<\/p>\n\n\n\n<p class=\"has-text-align-justify\">Avant tout,  <mark style=\"background-color:rgba(0, 0, 0, 0)\" class=\"has-inline-color has-black-color\">mieux nous comprendre<\/mark> c&rsquo;est <mark style=\"background-color:rgba(0, 0, 0, 0)\" class=\"has-inline-color has-black-color\">gagner en tol\u00e9rance et en pertinence<\/mark>. Ensuite, mieux nous comprendre c&rsquo;est <mark style=\"background-color:rgba(0, 0, 0, 0)\" class=\"has-inline-color has-black-color\">mieux communiquer, se faire comprendre<\/mark>. Enfin, mieux nous comprendre c&rsquo;est <mark style=\"background-color:rgba(0, 0, 0, 0)\" class=\"has-inline-color has-black-color\">mieux comprendre l&rsquo;autre, le monde<\/mark>.<\/p>\n\n\n\n<p class=\"has-text-align-center has-ast-global-color-0-color has-text-color\" style=\"font-size:18px;font-style:normal;font-weight:400\"><strong>Soyez l&rsquo;acteur du changement !<\/strong><\/p>\n\n\n\n<p class=\"has-text-align-justify\">Il faut dire que si nous <mark style=\"background-color:rgba(0, 0, 0, 0)\" class=\"has-inline-color has-black-color\">comprenons davantage le monde<\/mark> qui nous entoure, alors nous pourrons plus facilement interagir avec lui.<\/p>\n\n\n\n<p class=\"has-text-align-justify\">Autrement dit, nous serons <mark style=\"background-color:rgba(0, 0, 0, 0)\" class=\"has-inline-color has-black-color\">mieux \u00e9quip\u00e9 pour discerner, organiser et planifier<\/mark> avec perspicacit\u00e9. Nous pourrons plus simplement <mark style=\"background-color:rgba(0, 0, 0, 0)\" class=\"has-inline-color has-black-color\">d\u00e9velopper notre potentiel<\/mark> \u00e0 la hauteur de nos ambitions.<\/p>\n\n\n\n<p class=\"has-text-align-justify\">En un mot, nous accro\u00eetrons notre habilet\u00e9 \u00e0 <mark style=\"background-color:rgba(0, 0, 0, 0)\" class=\"has-inline-color has-black-color\">changer ce qui appara\u00eet n\u00e9cessaire de changer<\/mark>. <strong><em><mark style=\"background-color:rgba(0, 0, 0, 0)\" class=\"has-inline-color has-vivid-cyan-blue-color\">\u00ab\u00a0Nous avons tous en nous les ressources n\u00e9cessaires pour effectuer les changements d\u00e9sir\u00e9s.\u00a0\u00bb<\/mark><\/em><\/strong><\/p>\n\n\n\n<p class=\"has-text-align-center\" style=\"font-size:18px;font-style:normal;font-weight:400\"><strong>Une ann\u00e9e pour se perfectionner<\/strong><\/p>\n\n\n\n<p class=\"has-text-align-justify\">En effet, durant une ann\u00e9e vous pourrez <mark style=\"background-color:rgba(0, 0, 0, 0)\" class=\"has-inline-color has-black-color\">refaire gratuitement toute formation en Hypnose ou en PNL termin\u00e9e<\/mark>, parmi celles propos\u00e9es \u00e0<mark style=\"background-color:rgba(0, 0, 0, 0)\" class=\"has-inline-color has-black-color\"> Annecy, Lyon ou Paris<\/mark>, ind\u00e9pendamment de la ville initiale.<\/p>\n\n\n\n<p class=\"has-text-align-justify\">Ainsi, <mark style=\"background-color:rgba(0, 0, 0, 0)\" class=\"has-inline-color has-black-color\">l&rsquo;ann\u00e9e de perfectionnement d\u00e9bute \u00e0 partir du premier jour de la formation initiale<\/mark>.<\/p>\n<\/div><\/div>\n<\/div><\/div>\n<\/div><\/div>\n\n\n\n<div class=\"wp-block-group alignwide is-content-justification-center is-nowrap is-layout-flex wp-container-core-group-is-layout-94bc23d7 wp-block-group-is-layout-flex\">\n<div class=\"wp-block-group\"><div class=\"wp-block-group__inner-container is-layout-constrained wp-block-group-is-layout-constrained\">\n<div class=\"wp-block-columns are-vertically-aligned-center is-not-stacked-on-mobile is-layout-flex wp-container-core-columns-is-layout-53642b31 wp-block-columns-is-layout-flex\" style=\"border-style:none;border-width:0px;border-radius:0px;padding-top:0;padding-right:0;padding-bottom:0;padding-left:0\">\n<div class=\"wp-block-column is-vertically-aligned-center has-background is-layout-flow wp-block-column-is-layout-flow\" style=\"background:linear-gradient(172deg,rgb(27,27,112) 0%,rgb(51,59,120) 19%,rgb(37,190,204) 48%,rgba(231,250,105,0.64) 66%,rgba(19,94,31,0.89) 94%);padding-top:1em;padding-right:1em;padding-bottom:1em;padding-left:1em\">\n<div class=\"wp-block-group\"><div class=\"wp-block-group__inner-container is-layout-constrained wp-block-group-is-layout-constrained\">\n<div class=\"wp-block-group\"><div class=\"wp-block-group__inner-container is-layout-constrained wp-block-group-is-layout-constrained\">\n<div class=\"wp-block-group\"><div class=\"wp-block-group__inner-container is-layout-constrained wp-block-group-is-layout-constrained\">\n<div class=\"wp-block-group\" style=\"border-width:1px;border-radius:0px;padding-top:6px;padding-right:6px;padding-bottom:6px;padding-left:6px\"><div class=\"wp-block-group__inner-container is-layout-constrained wp-container-core-group-is-layout-2ed2e60f wp-block-group-is-layout-constrained\">\n<div class=\"wp-block-group\"><div class=\"wp-block-group__inner-container is-layout-constrained wp-block-group-is-layout-constrained\">\n<div class=\"wp-block-group alignwide\"><div class=\"wp-block-group__inner-container is-layout-constrained wp-block-group-is-layout-constrained\">\n<div class=\"wp-block-columns alignfull is-layout-flex wp-container-core-columns-is-layout-9d6595d7 wp-block-columns-is-layout-flex\">\n<div class=\"wp-block-column is-layout-flow wp-block-column-is-layout-flow\"><\/div>\n<\/div>\n\n\n\n<h2 class=\"wp-block-heading alignwide\" style=\"font-size:1.5rem;font-style:normal;font-weight:200\"><strong><mark style=\"background-color:rgba(0, 0, 0, 0)\" class=\"has-inline-color has-white-color\">Formation en Programmation Neuro-Linguistique (PNL)<\/mark><\/strong><\/h2>\n\n\n\n<p class=\"has-text-color has-small-font-size\" style=\"color:#4669b3\"><strong><mark style=\"background-color:rgba(0, 0, 0, 0);color:#bffdfe\" class=\"has-inline-color\">Le mode d&#8217;emploi du cerveau&#8230;<\/mark><\/strong><\/p>\n\n\n\n<div class=\"wp-block-buttons has-custom-font-size has-small-font-size is-layout-flex wp-block-buttons-is-layout-flex\">\n<div class=\"wp-block-button\"><a class=\"wp-block-button__link has-base-color has-text-color has-background wp-element-button\" href=\"https:\/\/cftbc.com\/index.php\/formation-en-pnl\/\" style=\"border-radius:15px;background:linear-gradient(170deg,rgba(20,70,177,0.7) 0%,rgba(173,216,245,0.7) 100%);padding-top:7px;padding-right:7px;padding-bottom:7px;padding-left:7px\" target=\"_blank\" rel=\"noreferrer noopener\">En savoir plus&#8230;<\/a><\/div>\n<\/div>\n<\/div><\/div>\n<\/div><\/div>\n<\/div><\/div>\n<\/div><\/div>\n<\/div><\/div>\n<\/div><\/div>\n\n\n\n<div class=\"wp-block-group alignwide\" style=\"border-width:1px;padding-top:6px;padding-right:6px;padding-bottom:6px;padding-left:6px\"><div class=\"wp-block-group__inner-container is-layout-constrained wp-container-core-group-is-layout-2607c2d4 wp-block-group-is-layout-constrained\">\n<div class=\"wp-block-group\"><div class=\"wp-block-group__inner-container is-layout-constrained wp-block-group-is-layout-constrained\">\n<h2 class=\"wp-block-heading alignwide has-text-color\" style=\"color:#8aae44;font-size:1.5rem;font-style:normal;font-weight:200\"><strong><mark style=\"background-color:rgba(0, 0, 0, 0);color:#275b16\" class=\"has-inline-color\">Formation en Hypnose Ericksonienne<\/mark><\/strong><\/h2>\n\n\n\n<p class=\"has-text-color has-small-font-size\" style=\"color:#68893d\"><strong><mark style=\"background-color:rgba(0, 0, 0, 0);color:#1c6613\" class=\"has-inline-color\">Le potentiel qui sommeille en vous&#8230;<\/mark><\/strong><\/p>\n\n\n\n<div class=\"wp-block-buttons is-layout-flex wp-block-buttons-is-layout-flex\">\n<div class=\"wp-block-button has-custom-font-size has-small-font-size\"><a class=\"wp-block-button__link has-base-color has-text-color has-background wp-element-button\" href=\"https:\/\/cftbc.com\/index.php\/formation-en-hypnose-ericksonienne\/\" style=\"border-radius:15px;background:linear-gradient(175deg,rgb(161,247,100) 0%,rgb(56,106,33) 100%);padding-top:7px;padding-right:7px;padding-bottom:7px;padding-left:7px\" target=\"_blank\" rel=\"noreferrer noopener\">En savoir plus&#8230;<\/a><\/div>\n<\/div>\n<\/div><\/div>\n<\/div><\/div>\n<\/div>\n<\/div>\n<\/div><\/div>\n<\/div>\n","protected":false},"excerpt":{"rendered":"<p>CENTRE DE FORMATION en TH\u00c9RAPIES BR\u00c8VES et COGNITIVES FORMATION EN HYPNOSE ET PNL Annecy &#8211; Lyon &#8211; Paris Nous vous proposons une formation en Hypnose&hellip;<\/p>\n","protected":false},"author":1,"featured_media":0,"parent":0,"menu_order":0,"comment_status":"closed","ping_status":"closed","template":"","meta":{"footnotes":""},"class_list":["post-5","page","type-page","status-publish","hentry"],"yoast_head":"<!-- This site is optimized with the Yoast SEO plugin v20.1 - https:\/\/yoast.com\/wordpress\/plugins\/seo\/ -->\n<title>Formation en Hypnose et PNL \u00e0 Annecy, Lyon et Paris<\/title>\n<meta name=\"description\" content=\"Le Centre de formation, CFTBC, vous propose une formation certifi\u00e9e d&#039;Hypnose Ericksonienne et de PNL \u00e0 Annecy, Lyon et Paris...\" \/>\n<meta name=\"robots\" content=\"index, follow, max-snippet:-1, max-image-preview:large, max-video-preview:-1\" \/>\n<link rel=\"canonical\" href=\"https:\/\/cftbc.com\/\" \/>\n<meta property=\"og:locale\" content=\"fr_FR\" \/>\n<meta property=\"og:type\" content=\"article\" \/>\n<meta property=\"og:title\" content=\"Formation en Hypnose et PNL \u00e0 Annecy, Lyon et Paris\" \/>\n<meta property=\"og:description\" content=\"Le Centre de formation, CFTBC, vous propose une formation certifi\u00e9e d&#039;Hypnose Ericksonienne et de PNL \u00e0 Annecy, Lyon et Paris...\" \/>\n<meta property=\"og:url\" content=\"https:\/\/cftbc.com\/\" \/>\n<meta property=\"og:site_name\" content=\"Centre de Formation en Th\u00e9rapies Br\u00e8ves et Cognitives\" \/>\n<meta property=\"article:modified_time\" content=\"2023-06-04T12:52:21+00:00\" \/>\n<meta property=\"og:image\" content=\"https:\/\/cftbc.com\/wp-content\/uploads\/2022\/12\/centre-de-formation-de-therapie1-scaled-e1681782071686-273x300.jpg\" \/>\n<meta name=\"twitter:card\" content=\"summary_large_image\" \/>\n<meta name=\"twitter:label1\" content=\"Dur\u00e9e de lecture estim\u00e9e\" \/>\n\t<meta name=\"twitter:data1\" content=\"2 minutes\" \/>\n<script type=\"application\/ld+json\" class=\"yoast-schema-graph\">{\"@context\":\"https:\/\/schema.org\",\"@graph\":[{\"@type\":\"WebPage\",\"@id\":\"https:\/\/cftbc.com\/\",\"url\":\"https:\/\/cftbc.com\/\",\"name\":\"Formation en Hypnose et PNL \u00e0 Annecy, Lyon et Paris\",\"isPartOf\":{\"@id\":\"https:\/\/cftbc.com\/#website\"},\"datePublished\":\"2022-12-15T15:47:02+00:00\",\"dateModified\":\"2023-06-04T12:52:21+00:00\",\"description\":\"Le Centre de formation, CFTBC, vous propose une formation certifi\u00e9e d'Hypnose Ericksonienne et de PNL \u00e0 Annecy, Lyon et Paris...\",\"breadcrumb\":{\"@id\":\"https:\/\/cftbc.com\/#breadcrumb\"},\"inLanguage\":\"fr-FR\",\"potentialAction\":[{\"@type\":\"ReadAction\",\"target\":[\"https:\/\/cftbc.com\/\"]}]},{\"@type\":\"BreadcrumbList\",\"@id\":\"https:\/\/cftbc.com\/#breadcrumb\",\"itemListElement\":[{\"@type\":\"ListItem\",\"position\":1,\"name\":\"Accueil\",\"item\":\"https:\/\/cftbc.com\/\"},{\"@type\":\"ListItem\",\"position\":2,\"name\":\"Formation Hypnose PNL Annecy Lyon Paris\"}]},{\"@type\":\"WebSite\",\"@id\":\"https:\/\/cftbc.com\/#website\",\"url\":\"https:\/\/cftbc.com\/\",\"name\":\"Centre de Formation en Th\u00e9rapies Br\u00e8ves et Cognitives\",\"description\":\"Soyez l&#039;acteur du changement !\",\"publisher\":{\"@id\":\"https:\/\/cftbc.com\/#organization\"},\"potentialAction\":[{\"@type\":\"SearchAction\",\"target\":{\"@type\":\"EntryPoint\",\"urlTemplate\":\"https:\/\/cftbc.com\/?s={search_term_string}\"},\"query-input\":\"required name=search_term_string\"}],\"inLanguage\":\"fr-FR\"},{\"@type\":\"Organization\",\"@id\":\"https:\/\/cftbc.com\/#organization\",\"name\":\"Centre de Formation en Th\u00e9rapies Br\u00e8ves et Cognitives\",\"url\":\"https:\/\/cftbc.com\/\",\"logo\":{\"@type\":\"ImageObject\",\"inLanguage\":\"fr-FR\",\"@id\":\"https:\/\/cftbc.com\/#\/schema\/logo\/image\/\",\"url\":\"https:\/\/cftbc.com\/wp-content\/uploads\/2022\/12\/centre-de-formation-de-therapie1-scaled.jpg\",\"contentUrl\":\"https:\/\/cftbc.com\/wp-content\/uploads\/2022\/12\/centre-de-formation-de-therapie1-scaled.jpg\",\"width\":2238,\"height\":2560,\"caption\":\"Centre de Formation en Th\u00e9rapies Br\u00e8ves et Cognitives\"},\"image\":{\"@id\":\"https:\/\/cftbc.com\/#\/schema\/logo\/image\/\"}}]}<\/script>\n<!-- \/ Yoast SEO plugin. -->","yoast_head_json":{"title":"Formation en Hypnose et PNL \u00e0 Annecy, Lyon et Paris","description":"Le Centre de formation, CFTBC, vous propose une formation certifi\u00e9e d'Hypnose Ericksonienne et de PNL \u00e0 Annecy, Lyon et Paris...","robots":{"index":"index","follow":"follow","max-snippet":"max-snippet:-1","max-image-preview":"max-image-preview:large","max-video-preview":"max-video-preview:-1"},"canonical":"https:\/\/cftbc.com\/","og_locale":"fr_FR","og_type":"article","og_title":"Formation en Hypnose et PNL \u00e0 Annecy, Lyon et Paris","og_description":"Le Centre de formation, CFTBC, vous propose une formation certifi\u00e9e d'Hypnose Ericksonienne et de PNL \u00e0 Annecy, Lyon et Paris...","og_url":"https:\/\/cftbc.com\/","og_site_name":"Centre de Formation en Th\u00e9rapies Br\u00e8ves et Cognitives","article_modified_time":"2023-06-04T12:52:21+00:00","og_image":[{"url":"https:\/\/cftbc.com\/wp-content\/uploads\/2022\/12\/centre-de-formation-de-therapie1-scaled-e1681782071686-273x300.jpg"}],"twitter_card":"summary_large_image","twitter_misc":{"Dur\u00e9e de lecture estim\u00e9e":"2 minutes"},"schema":{"@context":"https:\/\/schema.org","@graph":[{"@type":"WebPage","@id":"https:\/\/cftbc.com\/","url":"https:\/\/cftbc.com\/","name":"Formation en Hypnose et PNL \u00e0 Annecy, Lyon et Paris","isPartOf":{"@id":"https:\/\/cftbc.com\/#website"},"datePublished":"2022-12-15T15:47:02+00:00","dateModified":"2023-06-04T12:52:21+00:00","description":"Le Centre de formation, CFTBC, vous propose une formation certifi\u00e9e d'Hypnose Ericksonienne et de PNL \u00e0 Annecy, Lyon et Paris...","breadcrumb":{"@id":"https:\/\/cftbc.com\/#breadcrumb"},"inLanguage":"fr-FR","potentialAction":[{"@type":"ReadAction","target":["https:\/\/cftbc.com\/"]}]},{"@type":"BreadcrumbList","@id":"https:\/\/cftbc.com\/#breadcrumb","itemListElement":[{"@type":"ListItem","position":1,"name":"Accueil","item":"https:\/\/cftbc.com\/"},{"@type":"ListItem","position":2,"name":"Formation Hypnose PNL Annecy Lyon Paris"}]},{"@type":"WebSite","@id":"https:\/\/cftbc.com\/#website","url":"https:\/\/cftbc.com\/","name":"Centre de Formation en Th\u00e9rapies Br\u00e8ves et Cognitives","description":"Soyez l&#039;acteur du changement !","publisher":{"@id":"https:\/\/cftbc.com\/#organization"},"potentialAction":[{"@type":"SearchAction","target":{"@type":"EntryPoint","urlTemplate":"https:\/\/cftbc.com\/?s={search_term_string}"},"query-input":"required name=search_term_string"}],"inLanguage":"fr-FR"},{"@type":"Organization","@id":"https:\/\/cftbc.com\/#organization","name":"Centre de Formation en Th\u00e9rapies Br\u00e8ves et Cognitives","url":"https:\/\/cftbc.com\/","logo":{"@type":"ImageObject","inLanguage":"fr-FR","@id":"https:\/\/cftbc.com\/#\/schema\/logo\/image\/","url":"https:\/\/cftbc.com\/wp-content\/uploads\/2022\/12\/centre-de-formation-de-therapie1-scaled.jpg","contentUrl":"https:\/\/cftbc.com\/wp-content\/uploads\/2022\/12\/centre-de-formation-de-therapie1-scaled.jpg","width":2238,"height":2560,"caption":"Centre de Formation en Th\u00e9rapies Br\u00e8ves et Cognitives"},"image":{"@id":"https:\/\/cftbc.com\/#\/schema\/logo\/image\/"}}]}},"_links":{"self":[{"href":"https:\/\/cftbc.com\/index.php\/wp-json\/wp\/v2\/pages\/5","targetHints":{"allow":["GET"]}}],"collection":[{"href":"https:\/\/cftbc.com\/index.php\/wp-json\/wp\/v2\/pages"}],"about":[{"href":"https:\/\/cftbc.com\/index.php\/wp-json\/wp\/v2\/types\/page"}],"author":[{"embeddable":true,"href":"https:\/\/cftbc.com\/index.php\/wp-json\/wp\/v2\/users\/1"}],"replies":[{"embeddable":true,"href":"https:\/\/cftbc.com\/index.php\/wp-json\/wp\/v2\/comments?post=5"}],"version-history":[{"count":153,"href":"https:\/\/cftbc.com\/index.php\/wp-json\/wp\/v2\/pages\/5\/revisions"}],"predecessor-version":[{"id":2056,"href":"https:\/\/cftbc.com\/index.php\/wp-json\/wp\/v2\/pages\/5\/revisions\/2056"}],"wp:attachment":[{"href":"https:\/\/cftbc.com\/index.php\/wp-json\/wp\/v2\/media?parent=5"}],"curies":[{"name":"wp","href":"https:\/\/api.w.org\/{rel}","templated":true}]}}