{"id":45,"date":"2022-12-15T17:24:42","date_gmt":"2022-12-15T16:24:42","guid":{"rendered":"http:\/\/localhost\/wordpress\/?page_id=45"},"modified":"2023-05-24T16:49:38","modified_gmt":"2023-05-24T14:49:38","slug":"certification-cftbc","status":"publish","type":"page","link":"https:\/\/cftbc.com\/index.php\/certification-cftbc\/","title":{"rendered":"Certification CFTBC"},"content":{"rendered":"\n<div class=\"wp-block-cover alignfull has-custom-content-position is-position-bottom-center\" style=\"padding-top:var(--wp--preset--spacing--80);min-height:422px;aspect-ratio:unset;\"><span aria-hidden=\"true\" class=\"wp-block-cover__background has-background-dim-0 has-background-dim\"><\/span><img loading=\"lazy\" decoding=\"async\" width=\"2560\" height=\"1414\" class=\"wp-block-cover__image-background wp-image-817\" alt=\"Certification CFTBC\" src=\"https:\/\/cftbc.com\/wp-content\/uploads\/2023\/02\/pexels-pixabay-2076361-scaled-e1676830945141.jpg\" data-object-fit=\"cover\" srcset=\"https:\/\/cftbc.com\/wp-content\/uploads\/2023\/02\/pexels-pixabay-2076361-scaled-e1676830945141.jpg 2560w, https:\/\/cftbc.com\/wp-content\/uploads\/2023\/02\/pexels-pixabay-2076361-scaled-e1676830945141-600x331.jpg 600w, https:\/\/cftbc.com\/wp-content\/uploads\/2023\/02\/pexels-pixabay-2076361-scaled-e1676830945141-300x166.jpg 300w, https:\/\/cftbc.com\/wp-content\/uploads\/2023\/02\/pexels-pixabay-2076361-scaled-e1676830945141-1024x566.jpg 1024w, https:\/\/cftbc.com\/wp-content\/uploads\/2023\/02\/pexels-pixabay-2076361-scaled-e1676830945141-768x424.jpg 768w, https:\/\/cftbc.com\/wp-content\/uploads\/2023\/02\/pexels-pixabay-2076361-scaled-e1676830945141-1536x848.jpg 1536w, https:\/\/cftbc.com\/wp-content\/uploads\/2023\/02\/pexels-pixabay-2076361-scaled-e1676830945141-2048x1131.jpg 2048w\" sizes=\"auto, (max-width: 2560px) 100vw, 2560px\" \/><div class=\"wp-block-cover__inner-container is-layout-flow wp-block-cover-is-layout-flow\">\n<p class=\"has-text-align-center has-background has-large-font-size\" style=\"background-color:#adadad00\"><\/p>\n<\/div><\/div>\n\n\n\n<div class=\"wp-block-group is-vertical is-layout-flex wp-container-core-group-is-layout-ef12a79e wp-block-group-is-layout-flex\" style=\"padding-top:0;padding-right:0;padding-bottom:0;padding-left:0\">\n<h1 class=\"wp-block-heading\" style=\"font-size:35px\"><mark style=\"background-color:rgba(0, 0, 0, 0)\" class=\"has-inline-color has-black-color\">Certification<\/mark> CFTBC<\/h1>\n\n\n\n<div class=\"wp-block-group alignfull\" style=\"font-size:25px\"><div class=\"wp-block-group__inner-container is-layout-constrained wp-block-group-is-layout-constrained\">\n<p class=\"has-text-align-justify has-medium-font-size\">Toute certification accord\u00e9e par le <strong><a href=\"https:\/\/cftbc.com\/index.php\/a-propos\/\"><mark style=\"background-color:rgba(0, 0, 0, 0);color:#046fae\" class=\"has-inline-color\">Centre de Formation en Th\u00e9rapies Br\u00e8ves et Cognitives<\/mark><\/a><\/strong> <a href=\"https:\/\/cftbc.com\/index.php\/a-propos\/\"><strong><mark style=\"background-color:rgba(0, 0, 0, 0);color:#026ead\" class=\"has-inline-color\">(CFTBC)<\/mark><\/strong><\/a> vous conf\u00e8re des garanties. <\/p>\n\n\n\n<p class=\"has-text-align-justify has-medium-font-size\">Premi\u00e8rement, d&rsquo;avoir re\u00e7u au pr\u00e9alable une formation de grande qualit\u00e9. Une formation qui vous a permis d&rsquo;<mark style=\"background-color:rgba(0, 0, 0, 0)\" class=\"has-inline-color has-ast-global-color-8-color\">apprendre les contenus fondamentaux et sp\u00e9cifiques<\/mark> correspondant \u00e0 la discipline et au niveau que vous avez choisis.<\/p>\n\n\n\n<p class=\"has-text-align-justify has-medium-font-size\">Ensuite, elles vous assurent \u00e9galement d&rsquo;avoir acc\u00e9d\u00e9 au pr\u00e9alable \u00e0 un niveau d&rsquo;<mark style=\"background-color:rgba(0, 0, 0, 0)\" class=\"has-inline-color has-ast-global-color-8-color\">approfondissement th\u00e9orique et pratique <\/mark>qui vous permettra de <mark style=\"background-color:rgba(0, 0, 0, 0)\" class=\"has-inline-color has-ast-global-color-8-color\">devenir un(e) praticien(ne) enrichi(e) d&rsquo;<strong>un niveau d&rsquo;expertise \u00e9lev\u00e9<\/strong><\/mark>, en lien direct avec l\u2019intitul\u00e9 de votre formation.<\/p>\n\n\n\n<p class=\"has-medium-font-size\">Enfin, une certification CFTBC c&rsquo;est :<\/p>\n\n\n\n<ol class=\"wp-block-list\">\n<li class=\"has-medium-font-size\"><mark style=\"background-color:rgba(0, 0, 0, 0)\" class=\"has-inline-color has-black-color\">Une repr\u00e9sentation de comp\u00e9tences<\/mark> : Une certification d&rsquo;aptitude est un symbole de comp\u00e9tences sp\u00e9cifiques acquises lors d&rsquo;une formation. Cela signifie que les employeurs peuvent \u00eatre rassur\u00e9s quant \u00e0 vos connaissances et capacit\u00e9s dans ce domaine particulier.<\/li>\n\n\n\n<li class=\"has-medium-font-size\"><mark style=\"background-color:rgba(0, 0, 0, 0)\" class=\"has-inline-color has-black-color\">Un avantage concurrentiel<\/mark> : Dans un march\u00e9 du travail comp\u00e9titif, une certification d&rsquo;aptitude peut vous donner un avantage concurrentiel significatif par rapport aux autres candidats sans certification.<\/li>\n\n\n\n<li class=\"has-medium-font-size\"><mark style=\"background-color:rgba(0, 0, 0, 0)\" class=\"has-inline-color has-black-color\">Un d\u00e9veloppement personnel<\/mark> : La r\u00e9ussite d&rsquo;une formation pour obtenir une certification d&rsquo;aptitude montre votre d\u00e9termination et votre capacit\u00e9 \u00e0 atteindre vos objectifs d&rsquo;apprentissage personnels.<\/li>\n\n\n\n<li class=\"has-medium-font-size\"><mark style=\"background-color:rgba(0, 0, 0, 0)\" class=\"has-inline-color has-black-color\">Une promotion et avancement de carri\u00e8re<\/mark> : elle peut augmenter les opportunit\u00e9s de promotion et d&rsquo;avancement pour les professionnels dans ce domaine en particulier.<\/li>\n\n\n\n<li class=\"has-medium-font-size\"><mark style=\"background-color:rgba(0, 0, 0, 0)\" class=\"has-inline-color has-black-color\">Un gain de confiance<\/mark> : une certification CFTBC est un signe de comp\u00e9tence et de reconnaissance qui contribue \u00e0 renforcer sa confiance et l&rsquo;estime de soi.<\/li>\n\n\n\n<li class=\"has-medium-font-size\"><mark style=\"background-color:rgba(0, 0, 0, 0)\" class=\"has-inline-color has-black-color\">Une am\u00e9lioration des chances de r\u00e9mun\u00e9ration<\/mark> : elle peut susciter l&rsquo;int\u00e9r\u00eat des employeur car elle souligne une aptitude sp\u00e9cifique utile. L&rsquo;int\u00e9r\u00eat peut s&rsquo;av\u00e9rer \u00eatre une source de n\u00e9gociation.<\/li>\n\n\n\n<li class=\"has-medium-font-size\"><mark style=\"background-color:rgba(0, 0, 0, 0)\" class=\"has-inline-color has-black-color\">Expansion de r\u00e9seau<\/mark> : elle vous offre l&rsquo;acc\u00e8s \u00e0 un r\u00e9seau de professionnels partageant les m\u00eames id\u00e9es et une communaut\u00e9 de personnes int\u00e9ress\u00e9es par ce domaine particulier.<\/li>\n<\/ol>\n<\/div><\/div>\n<\/div>\n\n\n\n<div class=\"wp-block-group alignfull\" style=\"padding-top:0;padding-right:0;padding-bottom:0;padding-left:0\"><div class=\"wp-block-group__inner-container is-layout-constrained wp-container-core-group-is-layout-128c38c2 wp-block-group-is-layout-constrained\">\n<div class=\"wp-block-group\"><div class=\"wp-block-group__inner-container is-layout-constrained wp-block-group-is-layout-constrained\">\n<div class=\"wp-block-group has-contrast-color has-text-color has-background\" style=\"background:linear-gradient(90deg,rgb(202,236,202) 0%,rgba(31,109,3,0.85) 100%)\"><div class=\"wp-block-group__inner-container is-layout-constrained wp-block-group-is-layout-constrained\">\n<h2 class=\"wp-block-heading alignfull has-contrast-color has-text-color has-large-font-size\"><mark style=\"background-color:rgba(0, 0, 0, 0)\" class=\"has-inline-color has-ast-global-color-8-color\">Hypnose Ericksonienne <\/mark><\/h2>\n\n\n\n<p class=\"has-contrast-color has-text-color\"><mark style=\"background-color:rgba(0, 0, 0, 0)\" class=\"has-inline-color has-ast-global-color-8-color\">Voici chacune des trois formations en Hypnose Ericksonienne :<\/mark><\/p>\n\n\n\n<div class=\"wp-block-buttons has-custom-font-size has-medium-font-size is-content-justification-center is-layout-flex wp-container-core-buttons-is-layout-47571c3d wp-block-buttons-is-layout-flex\">\n<div class=\"wp-block-button has-custom-font-size has-medium-font-size\"><a class=\"wp-block-button__link has-base-color has-text-color has-background wp-element-button\" href=\"https:\/\/cftbc.com\/index.php\/technicienne-en-hypnose-ericksonienne\/\" style=\"border-radius:15px;background:linear-gradient(272deg,rgba(24,101,31,0.62) 0%,rgb(191,211,182) 100%);padding-top:var(--wp--preset--spacing--30);padding-right:var(--wp--preset--spacing--30);padding-bottom:var(--wp--preset--spacing--30);padding-left:var(--wp--preset--spacing--30)\"><strong>Technicien(ne)<\/strong><\/a><\/div>\n\n\n\n<div class=\"wp-block-button has-custom-font-size has-medium-font-size\"><a class=\"wp-block-button__link has-base-color has-text-color has-background wp-element-button\" href=\"https:\/\/cftbc.com\/index.php\/praticienne-en-hypnose-ericksonienne\/\" style=\"border-radius:15px;background:linear-gradient(268deg,rgba(22,74,15,0.88) 0%,rgba(19,109,36,0.48) 100%);padding-top:var(--wp--preset--spacing--30);padding-right:var(--wp--preset--spacing--30);padding-bottom:var(--wp--preset--spacing--30);padding-left:var(--wp--preset--spacing--30)\"><strong>Praticien(ne)<\/strong><\/a><\/div>\n\n\n\n<div class=\"wp-block-button has-custom-font-size has-medium-font-size\"><a class=\"wp-block-button__link has-base-color has-text-color has-background wp-element-button\" href=\"https:\/\/cftbc.com\/index.php\/maitre-praticienne-en-hypnose-ericksonienne-2\/\" style=\"border-radius:15px;background:linear-gradient(268deg,rgb(7,33,1) 0%,rgba(20,94,18,0.74) 100%);padding-top:var(--wp--preset--spacing--30);padding-right:var(--wp--preset--spacing--30);padding-bottom:var(--wp--preset--spacing--30);padding-left:var(--wp--preset--spacing--30)\"><strong>Ma\u00eetre-Praticien(ne)<\/strong><\/a><\/div>\n<\/div>\n<\/div><\/div>\n\n\n\n<div class=\"wp-block-group alignfull has-contrast-color has-text-color has-background\" style=\"background:linear-gradient(90deg,rgb(212,242,251) 0%,rgba(0,67,237,0.83) 100%)\"><div class=\"wp-block-group__inner-container is-layout-constrained wp-block-group-is-layout-constrained\">\n<h2 class=\"wp-block-heading alignfull has-contrast-color has-text-color has-large-font-size\" style=\"margin-top:0;margin-right:0;margin-bottom:0;margin-left:0;padding-top:0;padding-right:0;padding-bottom:0;padding-left:0\"><mark style=\"background-color:rgba(0, 0, 0, 0)\" class=\"has-inline-color has-ast-global-color-8-color\">Programmation Neuro-Linguistique (PNL)<\/mark><\/h2>\n\n\n\n<p class=\"has-contrast-color has-text-color\"><mark style=\"background-color:rgba(0, 0, 0, 0)\" class=\"has-inline-color has-ast-global-color-8-color\">Voici chacune des trois formations en Programmation Neuro-Linguistique (PNL) :<\/mark><\/p>\n\n\n\n<div class=\"wp-block-buttons has-custom-font-size has-medium-font-size is-content-justification-center is-layout-flex wp-container-core-buttons-is-layout-47571c3d wp-block-buttons-is-layout-flex\">\n<div class=\"wp-block-button has-custom-font-size has-medium-font-size\"><a class=\"wp-block-button__link has-base-color has-text-color has-background wp-element-button\" href=\"https:\/\/cftbc.com\/index.php\/technicienne-en-pnl\/\" style=\"border-radius:15px;background:linear-gradient(272deg,rgb(7,89,205) 0%,rgb(4,111,204) 18%,rgb(83,163,224) 66%,rgb(40,173,252) 100%);padding-top:var(--wp--preset--spacing--30);padding-right:var(--wp--preset--spacing--30);padding-bottom:var(--wp--preset--spacing--30);padding-left:var(--wp--preset--spacing--30)\"><strong>Technicien(ne)<\/strong><\/a><\/div>\n\n\n\n<div class=\"wp-block-button has-custom-font-size has-medium-font-size\"><a class=\"wp-block-button__link has-base-color has-text-color has-background wp-element-button\" href=\"https:\/\/cftbc.com\/index.php\/praticienne-en-pnl\/\" style=\"border-radius:15px;background:linear-gradient(268deg,rgb(1,22,180) 0%,rgb(5,49,225) 47%,rgb(36,96,250) 76%,rgb(40,116,252) 100%);padding-top:var(--wp--preset--spacing--30);padding-right:var(--wp--preset--spacing--30);padding-bottom:var(--wp--preset--spacing--30);padding-left:var(--wp--preset--spacing--30)\"><strong>Praticien(ne)<\/strong><\/a><\/div>\n\n\n\n<div class=\"wp-block-button has-custom-font-size has-medium-font-size\"><a class=\"wp-block-button__link has-base-color has-text-color has-background wp-element-button\" href=\"https:\/\/cftbc.com\/index.php\/maitre-praticienne-en-pnl\/\" style=\"border-radius:15px;background:linear-gradient(268deg,rgb(4,4,56) 0%,rgb(24,4,180) 100%,rgb(3,80,213) 100%);padding-top:var(--wp--preset--spacing--30);padding-right:var(--wp--preset--spacing--30);padding-bottom:var(--wp--preset--spacing--30);padding-left:var(--wp--preset--spacing--30)\"><strong>Ma\u00eetre-Praticien(ne)<\/strong><\/a><\/div>\n<\/div>\n<\/div><\/div>\n<\/div><\/div>\n<\/div><\/div>\n","protected":false},"excerpt":{"rendered":"<p>Certification CFTBC Toute certification accord\u00e9e par le Centre de Formation en Th\u00e9rapies Br\u00e8ves et Cognitives (CFTBC) vous conf\u00e8re des garanties. Premi\u00e8rement, d&rsquo;avoir re\u00e7u au pr\u00e9alable&hellip;<\/p>\n","protected":false},"author":1,"featured_media":0,"parent":0,"menu_order":0,"comment_status":"closed","ping_status":"closed","template":"","meta":{"footnotes":""},"class_list":["post-45","page","type-page","status-publish","hentry"],"yoast_head":"<!-- This site is optimized with the Yoast SEO plugin v20.1 - https:\/\/yoast.com\/wordpress\/plugins\/seo\/ -->\n<title>Certification CFTBC - Centre de formation en Th\u00e9rapies Br\u00e8ves...<\/title>\n<meta name=\"description\" content=\"Toute Certification accord\u00e9e par le CFTBC vous garantissent d\u2019avoir re\u00e7u au pr\u00e9alable une formation de grande qualit\u00e9...\" \/>\n<meta name=\"robots\" content=\"index, follow, max-snippet:-1, max-image-preview:large, max-video-preview:-1\" \/>\n<link rel=\"canonical\" href=\"https:\/\/cftbc.com\/index.php\/certification-cftbc\/\" \/>\n<meta property=\"og:locale\" content=\"fr_FR\" \/>\n<meta property=\"og:type\" content=\"article\" \/>\n<meta property=\"og:title\" content=\"Certification CFTBC - Centre de formation en Th\u00e9rapies Br\u00e8ves...\" \/>\n<meta property=\"og:description\" content=\"Toute Certification accord\u00e9e par le CFTBC vous garantissent d\u2019avoir re\u00e7u au pr\u00e9alable une formation de grande qualit\u00e9...\" \/>\n<meta property=\"og:url\" content=\"https:\/\/cftbc.com\/index.php\/certification-cftbc\/\" \/>\n<meta property=\"og:site_name\" content=\"Centre de Formation en Th\u00e9rapies Br\u00e8ves et Cognitives\" \/>\n<meta property=\"article:modified_time\" content=\"2023-05-24T14:49:38+00:00\" \/>\n<meta property=\"og:image\" content=\"https:\/\/cftbc.com\/wp-content\/uploads\/2023\/02\/pexels-pixabay-2076361-scaled-e1676830945141.jpg\" \/>\n<meta name=\"twitter:card\" content=\"summary_large_image\" \/>\n<meta name=\"twitter:label1\" content=\"Dur\u00e9e de lecture estim\u00e9e\" \/>\n\t<meta name=\"twitter:data1\" content=\"2 minutes\" \/>\n<script type=\"application\/ld+json\" class=\"yoast-schema-graph\">{\"@context\":\"https:\/\/schema.org\",\"@graph\":[{\"@type\":\"WebPage\",\"@id\":\"https:\/\/cftbc.com\/index.php\/certification-cftbc\/\",\"url\":\"https:\/\/cftbc.com\/index.php\/certification-cftbc\/\",\"name\":\"Certification CFTBC - Centre de formation en Th\u00e9rapies Br\u00e8ves...\",\"isPartOf\":{\"@id\":\"https:\/\/cftbc.com\/#website\"},\"datePublished\":\"2022-12-15T16:24:42+00:00\",\"dateModified\":\"2023-05-24T14:49:38+00:00\",\"description\":\"Toute Certification accord\u00e9e par le CFTBC vous garantissent d\u2019avoir re\u00e7u au pr\u00e9alable une formation de grande qualit\u00e9...\",\"breadcrumb\":{\"@id\":\"https:\/\/cftbc.com\/index.php\/certification-cftbc\/#breadcrumb\"},\"inLanguage\":\"fr-FR\",\"potentialAction\":[{\"@type\":\"ReadAction\",\"target\":[\"https:\/\/cftbc.com\/index.php\/certification-cftbc\/\"]}]},{\"@type\":\"BreadcrumbList\",\"@id\":\"https:\/\/cftbc.com\/index.php\/certification-cftbc\/#breadcrumb\",\"itemListElement\":[{\"@type\":\"ListItem\",\"position\":1,\"name\":\"Accueil\",\"item\":\"https:\/\/cftbc.com\/\"},{\"@type\":\"ListItem\",\"position\":2,\"name\":\"Certification CFTBC\"}]},{\"@type\":\"WebSite\",\"@id\":\"https:\/\/cftbc.com\/#website\",\"url\":\"https:\/\/cftbc.com\/\",\"name\":\"Centre de Formation en Th\u00e9rapies Br\u00e8ves et Cognitives\",\"description\":\"Soyez l&#039;acteur du changement !\",\"publisher\":{\"@id\":\"https:\/\/cftbc.com\/#organization\"},\"potentialAction\":[{\"@type\":\"SearchAction\",\"target\":{\"@type\":\"EntryPoint\",\"urlTemplate\":\"https:\/\/cftbc.com\/?s={search_term_string}\"},\"query-input\":\"required name=search_term_string\"}],\"inLanguage\":\"fr-FR\"},{\"@type\":\"Organization\",\"@id\":\"https:\/\/cftbc.com\/#organization\",\"name\":\"Centre de Formation en Th\u00e9rapies Br\u00e8ves et Cognitives\",\"url\":\"https:\/\/cftbc.com\/\",\"logo\":{\"@type\":\"ImageObject\",\"inLanguage\":\"fr-FR\",\"@id\":\"https:\/\/cftbc.com\/#\/schema\/logo\/image\/\",\"url\":\"https:\/\/cftbc.com\/wp-content\/uploads\/2022\/12\/centre-de-formation-de-therapie1-scaled.jpg\",\"contentUrl\":\"https:\/\/cftbc.com\/wp-content\/uploads\/2022\/12\/centre-de-formation-de-therapie1-scaled.jpg\",\"width\":2238,\"height\":2560,\"caption\":\"Centre de Formation en Th\u00e9rapies Br\u00e8ves et Cognitives\"},\"image\":{\"@id\":\"https:\/\/cftbc.com\/#\/schema\/logo\/image\/\"}}]}<\/script>\n<!-- \/ Yoast SEO plugin. -->","yoast_head_json":{"title":"Certification CFTBC - Centre de formation en Th\u00e9rapies Br\u00e8ves...","description":"Toute Certification accord\u00e9e par le CFTBC vous garantissent d\u2019avoir re\u00e7u au pr\u00e9alable une formation de grande qualit\u00e9...","robots":{"index":"index","follow":"follow","max-snippet":"max-snippet:-1","max-image-preview":"max-image-preview:large","max-video-preview":"max-video-preview:-1"},"canonical":"https:\/\/cftbc.com\/index.php\/certification-cftbc\/","og_locale":"fr_FR","og_type":"article","og_title":"Certification CFTBC - Centre de formation en Th\u00e9rapies Br\u00e8ves...","og_description":"Toute Certification accord\u00e9e par le CFTBC vous garantissent d\u2019avoir re\u00e7u au pr\u00e9alable une formation de grande qualit\u00e9...","og_url":"https:\/\/cftbc.com\/index.php\/certification-cftbc\/","og_site_name":"Centre de Formation en Th\u00e9rapies Br\u00e8ves et Cognitives","article_modified_time":"2023-05-24T14:49:38+00:00","og_image":[{"url":"https:\/\/cftbc.com\/wp-content\/uploads\/2023\/02\/pexels-pixabay-2076361-scaled-e1676830945141.jpg"}],"twitter_card":"summary_large_image","twitter_misc":{"Dur\u00e9e de lecture estim\u00e9e":"2 minutes"},"schema":{"@context":"https:\/\/schema.org","@graph":[{"@type":"WebPage","@id":"https:\/\/cftbc.com\/index.php\/certification-cftbc\/","url":"https:\/\/cftbc.com\/index.php\/certification-cftbc\/","name":"Certification CFTBC - Centre de formation en Th\u00e9rapies Br\u00e8ves...","isPartOf":{"@id":"https:\/\/cftbc.com\/#website"},"datePublished":"2022-12-15T16:24:42+00:00","dateModified":"2023-05-24T14:49:38+00:00","description":"Toute Certification accord\u00e9e par le CFTBC vous garantissent d\u2019avoir re\u00e7u au pr\u00e9alable une formation de grande qualit\u00e9...","breadcrumb":{"@id":"https:\/\/cftbc.com\/index.php\/certification-cftbc\/#breadcrumb"},"inLanguage":"fr-FR","potentialAction":[{"@type":"ReadAction","target":["https:\/\/cftbc.com\/index.php\/certification-cftbc\/"]}]},{"@type":"BreadcrumbList","@id":"https:\/\/cftbc.com\/index.php\/certification-cftbc\/#breadcrumb","itemListElement":[{"@type":"ListItem","position":1,"name":"Accueil","item":"https:\/\/cftbc.com\/"},{"@type":"ListItem","position":2,"name":"Certification CFTBC"}]},{"@type":"WebSite","@id":"https:\/\/cftbc.com\/#website","url":"https:\/\/cftbc.com\/","name":"Centre de Formation en Th\u00e9rapies Br\u00e8ves et Cognitives","description":"Soyez l&#039;acteur du changement !","publisher":{"@id":"https:\/\/cftbc.com\/#organization"},"potentialAction":[{"@type":"SearchAction","target":{"@type":"EntryPoint","urlTemplate":"https:\/\/cftbc.com\/?s={search_term_string}"},"query-input":"required name=search_term_string"}],"inLanguage":"fr-FR"},{"@type":"Organization","@id":"https:\/\/cftbc.com\/#organization","name":"Centre de Formation en Th\u00e9rapies Br\u00e8ves et Cognitives","url":"https:\/\/cftbc.com\/","logo":{"@type":"ImageObject","inLanguage":"fr-FR","@id":"https:\/\/cftbc.com\/#\/schema\/logo\/image\/","url":"https:\/\/cftbc.com\/wp-content\/uploads\/2022\/12\/centre-de-formation-de-therapie1-scaled.jpg","contentUrl":"https:\/\/cftbc.com\/wp-content\/uploads\/2022\/12\/centre-de-formation-de-therapie1-scaled.jpg","width":2238,"height":2560,"caption":"Centre de Formation en Th\u00e9rapies Br\u00e8ves et Cognitives"},"image":{"@id":"https:\/\/cftbc.com\/#\/schema\/logo\/image\/"}}]}},"_links":{"self":[{"href":"https:\/\/cftbc.com\/index.php\/wp-json\/wp\/v2\/pages\/45","targetHints":{"allow":["GET"]}}],"collection":[{"href":"https:\/\/cftbc.com\/index.php\/wp-json\/wp\/v2\/pages"}],"about":[{"href":"https:\/\/cftbc.com\/index.php\/wp-json\/wp\/v2\/types\/page"}],"author":[{"embeddable":true,"href":"https:\/\/cftbc.com\/index.php\/wp-json\/wp\/v2\/users\/1"}],"replies":[{"embeddable":true,"href":"https:\/\/cftbc.com\/index.php\/wp-json\/wp\/v2\/comments?post=45"}],"version-history":[{"count":45,"href":"https:\/\/cftbc.com\/index.php\/wp-json\/wp\/v2\/pages\/45\/revisions"}],"predecessor-version":[{"id":2042,"href":"https:\/\/cftbc.com\/index.php\/wp-json\/wp\/v2\/pages\/45\/revisions\/2042"}],"wp:attachment":[{"href":"https:\/\/cftbc.com\/index.php\/wp-json\/wp\/v2\/media?parent=45"}],"curies":[{"name":"wp","href":"https:\/\/api.w.org\/{rel}","templated":true}]}}