{"id":37,"date":"2022-12-15T17:03:48","date_gmt":"2022-12-15T16:03:48","guid":{"rendered":"http:\/\/localhost\/wordpress\/?page_id=37"},"modified":"2023-06-04T15:53:42","modified_gmt":"2023-06-04T13:53:42","slug":"contenu-du-praticienne-en-pnl","status":"publish","type":"page","link":"https:\/\/cftbc.com\/index.php\/contenu-du-praticienne-en-pnl\/","title":{"rendered":"Contenu du Praticien(ne) en PNL"},"content":{"rendered":"\n<div class=\"wp-block-cover alignfull is-light has-custom-content-position is-position-bottom-left\" style=\"padding-top:var(--wp--preset--spacing--20);padding-right:var(--wp--preset--spacing--20);padding-bottom:var(--wp--preset--spacing--20);padding-left:var(--wp--preset--spacing--30);min-height:645px;aspect-ratio:unset;\"><span aria-hidden=\"true\" class=\"wp-block-cover__background has-background-dim-0 has-background-dim\"><\/span><img loading=\"lazy\" decoding=\"async\" width=\"2560\" height=\"1324\" class=\"wp-block-cover__image-background wp-image-1569\" alt=\"\" src=\"https:\/\/cftbc.com\/wp-content\/uploads\/2023\/03\/pexels-meo-724994-scaled-e1679342109389.jpg\" style=\"object-position:35% 71%\" data-object-fit=\"cover\" data-object-position=\"35% 71%\" srcset=\"https:\/\/cftbc.com\/wp-content\/uploads\/2023\/03\/pexels-meo-724994-scaled-e1679342109389.jpg 2560w, https:\/\/cftbc.com\/wp-content\/uploads\/2023\/03\/pexels-meo-724994-scaled-e1679342109389-300x155.jpg 300w, https:\/\/cftbc.com\/wp-content\/uploads\/2023\/03\/pexels-meo-724994-scaled-e1679342109389-1024x530.jpg 1024w, https:\/\/cftbc.com\/wp-content\/uploads\/2023\/03\/pexels-meo-724994-scaled-e1679342109389-768x397.jpg 768w, https:\/\/cftbc.com\/wp-content\/uploads\/2023\/03\/pexels-meo-724994-scaled-e1679342109389-1536x794.jpg 1536w, https:\/\/cftbc.com\/wp-content\/uploads\/2023\/03\/pexels-meo-724994-scaled-e1679342109389-2048x1059.jpg 2048w, https:\/\/cftbc.com\/wp-content\/uploads\/2023\/03\/pexels-meo-724994-scaled-e1679342109389-1320x683.jpg 1320w, https:\/\/cftbc.com\/wp-content\/uploads\/2023\/03\/pexels-meo-724994-scaled-e1679342109389-600x310.jpg 600w\" sizes=\"auto, (max-width: 2560px) 100vw, 2560px\" \/><div class=\"wp-block-cover__inner-container is-layout-flow wp-block-cover-is-layout-flow\">\n<h2 class=\"wp-block-heading alignfull has-text-align-left has-white-color has-text-color\" style=\"padding-right:0;padding-left:var(--wp--preset--spacing--20);font-size:45px;line-height:0\"><mark style=\"background-color:rgba(0, 0, 0, 0)\" class=\"has-inline-color has-black-color\">Contenu de Formation<\/mark><\/h2>\n<\/div><\/div>\n\n\n\n<div class=\"wp-block-group\" style=\"padding-top:var(--wp--preset--spacing--20);padding-right:var(--wp--preset--spacing--20);padding-bottom:var(--wp--preset--spacing--20);padding-left:var(--wp--preset--spacing--20)\"><div class=\"wp-block-group__inner-container is-layout-constrained wp-container-core-group-is-layout-3dcb7627 wp-block-group-is-layout-constrained\">\n<h1 class=\"wp-block-heading alignfull has-text-align-left\" style=\"margin-top:var(--wp--preset--spacing--50);font-size:30px\"><strong><mark style=\"background-color:rgba(0, 0, 0, 0)\" class=\"has-inline-color has-vivid-cyan-blue-color\">Praticien(ne) en PNL<\/mark><\/strong><\/h1>\n\n\n\n<h4 class=\"wp-block-heading alignfull\"><strong>Dur\u00e9e et d\u00e9roulement de la formation de \u00ab&nbsp;<mark style=\"background-color:rgba(0, 0, 0, 0)\" class=\"has-inline-color has-vivid-cyan-blue-color\">Praticien(ne) en PNL<\/mark>&nbsp;\u00bb :<\/strong><\/h4>\n\n\n\n<ul class=\"wp-block-list\" style=\"line-height:1.2\">\n<li><mark style=\"background-color:rgba(0, 0, 0, 0)\" class=\"has-inline-color has-ast-global-color-8-color\">Un minimum de <strong>68 heures<\/strong><\/mark> de formation en pr\u00e9sentiel sur <mark style=\"background-color:rgba(0, 0, 0, 0)\" class=\"has-inline-color has-ast-global-color-8-color\">un minimum de <strong>9 jours<\/strong><\/mark>, tests compris.<\/li>\n\n\n\n<li>La formation est dispens\u00e9e par un(e) \u00ab&nbsp;Enseignant(e) en PNL, <mark style=\"background-color:rgba(0, 0, 0, 0)\" class=\"has-inline-color has-ast-global-color-8-color\">agr\u00e9\u00e9(e) CFTBC et IN<\/mark> \u00bb.<\/li>\n<\/ul>\n<\/div><\/div>\n\n\n\n<div class=\"wp-block-group\" style=\"border-style:none;border-width:0px;border-radius:0px;padding-top:var(--wp--preset--spacing--20);padding-right:var(--wp--preset--spacing--20);padding-bottom:var(--wp--preset--spacing--20);padding-left:var(--wp--preset--spacing--20)\"><div class=\"wp-block-group__inner-container is-layout-constrained wp-container-core-group-is-layout-11bed739 wp-block-group-is-layout-constrained\">\n<h4 class=\"wp-block-heading alignfull\" style=\"line-height:2.5\"><strong>Comp\u00e9tences \u00e0 acqu\u00e9rir en <mark style=\"background-color:rgba(0, 0, 0, 0)\" class=\"has-inline-color has-ast-global-color-8-color\">communication PNL<\/mark> <\/strong>:<\/h4>\n\n\n\n<ul class=\"wp-block-list\" style=\"line-height:1.2\">\n<li><mark style=\"background-color:rgba(0, 0, 0, 0)\" class=\"has-inline-color has-ast-global-color-8-color\">Ma\u00eetriser les principes fondamentaux<\/mark> de la PNL.<\/li>\n\n\n\n<li>Il <mark style=\"background-color:rgba(0, 0, 0, 0)\" class=\"has-inline-color has-ast-global-color-8-color\">ma\u00eetrise<\/mark> les contenus de base, les comp\u00e9tences, les techniques, les mod\u00e8les, les m\u00e9thodes et les concepts de la PNL <mark style=\"background-color:rgba(0, 0, 0, 0)\" class=\"has-inline-color has-ast-global-color-8-color\">dans le domaine de l&rsquo;autogestion, des langages et de l\u2019atteinte des objectifs.<\/mark><\/li>\n\n\n\n<li>Les capacit\u00e9s fondamentales d&rsquo;un(e) \u00ab <mark style=\"background-color:rgba(0, 0, 0, 0)\" class=\"has-inline-color has-vivid-cyan-blue-color\"><strong>Praticien(ne) en PNL<\/strong><\/mark> \u00bb sont la <mark style=\"background-color:rgba(0, 0, 0, 0)\" class=\"has-inline-color has-ast-global-color-8-color\">ma\u00eetrise du rapport, de la flexibilit\u00e9 et de la capacit\u00e9 \u00e0 suivre une approche \u00e9cologique<\/mark> ax\u00e9e sur l\u2019exploitation adapt\u00e9e des ressources.<\/li>\n\n\n\n<li><mark style=\"background-color:rgba(0, 0, 0, 0)\" class=\"has-inline-color has-ast-global-color-8-color\">Comprendre les implications<\/mark> associ\u00e9es aux <mark style=\"background-color:rgba(0, 0, 0, 0)\" class=\"has-inline-color has-ast-global-color-8-color\">exp\u00e9riences subjectives.<\/mark><\/li>\n<\/ul>\n<\/div><\/div>\n\n\n\n<div class=\"wp-block-group\" style=\"padding-top:var(--wp--preset--spacing--20);padding-right:var(--wp--preset--spacing--20);padding-bottom:var(--wp--preset--spacing--20);padding-left:var(--wp--preset--spacing--20);line-height:1.2\"><div class=\"wp-block-group__inner-container is-layout-constrained wp-container-core-group-is-layout-9b7a50ae wp-block-group-is-layout-constrained\">\n<h4 class=\"wp-block-heading alignfull\" style=\"line-height:2.5\"><strong>Contenu de la formation :<\/strong><\/h4>\n\n\n\n<ul class=\"wp-block-list\">\n<li>Ligne de conduite d\u2019un th\u00e9rapeute en PNL<\/li>\n\n\n\n<li><mark style=\"background-color:rgba(0, 0, 0, 0)\" class=\"has-inline-color has-ast-global-color-8-color\">Le Milton Mod\u00e8le<\/mark><\/li>\n\n\n\n<li><mark style=\"background-color:rgba(0, 0, 0, 0)\" class=\"has-inline-color has-ast-global-color-8-color\">Les Strat\u00e9gies<\/mark>\u00a0: analyse, gestion et applications<\/li>\n\n\n\n<li>D\u00e9celer un processus de sabotage<\/li>\n\n\n\n<li>Le Mod\u00e8le T.O.T.E.<\/li>\n\n\n\n<li>Les cat\u00e9gories Satir<\/li>\n\n\n\n<li>La Ligne du temps&nbsp;: gestion et positionnement<\/li>\n\n\n\n<li><mark style=\"background-color:rgba(0, 0, 0, 0)\" class=\"has-inline-color has-ast-global-color-8-color\">Les ancrages<\/mark>\u00a0: approfondissement<\/li>\n\n\n\n<li><mark style=\"background-color:rgba(0, 0, 0, 0)\" class=\"has-inline-color has-ast-global-color-8-color\">Le M\u00e9ta-mod\u00e8le<\/mark>\u00a0: approfondissement<\/li>\n\n\n\n<li>Les Niveaux Logiques<\/li>\n\n\n\n<li>Le recadrage en 6 pas<\/li>\n\n\n\n<li><mark style=\"background-color:rgba(0, 0, 0, 0)\" class=\"has-inline-color has-ast-global-color-8-color\">La Double Dissociation<\/mark><\/li>\n\n\n\n<li>Congruence et Incongruence<\/li>\n\n\n\n<li>Les M\u00e9taphores<\/li>\n\n\n\n<li><mark style=\"background-color:rgba(0, 0, 0, 0)\" class=\"has-inline-color has-ast-global-color-8-color\">Les Mod\u00e9lisations\u00a0<\/mark>: introduction<\/li>\n\n\n\n<li>Agir sur les blocages<\/li>\n\n\n\n<li>La Planification<\/li>\n\n\n\n<li>Les Parties de la personnalit\u00e9<\/li>\n\n\n\n<li>D\u00e9coder et R\u00e9orienter le potentiel des sympt\u00f4mes<\/li>\n\n\n\n<li>Analyse du Soi<\/li>\n\n\n\n<li>Mod\u00e9lisation de l\u2019excellence<\/li>\n\n\n\n<li>Le Carr\u00e9 magique&#8230;<\/li>\n<\/ul>\n<\/div><\/div>\n\n\n\n<div class=\"wp-block-group\" style=\"padding-top:var(--wp--preset--spacing--20);padding-right:var(--wp--preset--spacing--20);padding-bottom:var(--wp--preset--spacing--20);padding-left:var(--wp--preset--spacing--20);line-height:1.2\"><div class=\"wp-block-group__inner-container is-layout-constrained wp-container-core-group-is-layout-9b7a50ae wp-block-group-is-layout-constrained\">\n<h4 class=\"wp-block-heading alignfull\" style=\"line-height:2.5\"><strong>Pr\u00e9requis obligatoire&nbsp;:<\/strong><\/h4>\n\n\n\n<ul class=\"wp-block-list\">\n<li>La validation de la formation \u00ab&nbsp;<a rel=\"noreferrer noopener\" href=\"https:\/\/cftbc.com\/index.php\/contenu-du-technicienne-en-pnl\/\" data-type=\"page\" data-id=\"35\" target=\"_blank\"><mark style=\"background-color:rgba(0, 0, 0, 0);color:#6fafd6\" class=\"has-inline-color\"><strong>Technicien(ne) en PNL<\/strong><\/mark><\/a>&nbsp;\u00bb est le pr\u00e9requis obligatoire pour s\u2019inscrire \u00e0 la <strong>formation certifiante de \u00ab&nbsp;<mark style=\"background-color:rgba(0, 0, 0, 0)\" class=\"has-inline-color has-vivid-cyan-blue-color\">Praticien(ne) en PNL<\/mark>&nbsp;\u00bb, <\/strong>\u00e9tape suivante.<\/li>\n\n\n\n<li>La validation de la formation \u00ab&nbsp;<strong><mark style=\"background-color:rgba(0, 0, 0, 0)\" class=\"has-inline-color has-vivid-cyan-blue-color\">Praticien(ne) en PNL<\/mark><\/strong>&nbsp;\u00bb est le pr\u00e9requis obligatoire pour s\u2019inscrire \u00e0 la <strong>formation certifiante de \u00ab&nbsp;<a rel=\"noreferrer noopener\" href=\"https:\/\/cftbc.com\/index.php\/contenu-du-maitre-praticienne-en-pnl\/\" data-type=\"page\" data-id=\"32\" target=\"_blank\"><mark style=\"background-color:rgba(0, 0, 0, 0);color:#0b4bb1\" class=\"has-inline-color\">Ma\u00eetre-Praticien(ne) en PNL<\/mark><\/a>&nbsp;\u00bb, <\/strong>\u00e9tape suivante.<\/li>\n<\/ul>\n<\/div><\/div>\n\n\n\n<div class=\"wp-block-group\" style=\"padding-top:var(--wp--preset--spacing--20);padding-right:var(--wp--preset--spacing--20);padding-bottom:var(--wp--preset--spacing--20);padding-left:var(--wp--preset--spacing--20)\"><div class=\"wp-block-group__inner-container is-layout-constrained wp-container-core-group-is-layout-9b7a50ae wp-block-group-is-layout-constrained\">\n<h4 class=\"wp-block-heading alignfull\" style=\"line-height:2.5\"><strong>Validation du \u00ab&nbsp;<mark style=\"background-color:rgba(0, 0, 0, 0)\" class=\"has-inline-color has-ast-global-color-0-color\">Praticien(ne) en PNL<\/mark>&nbsp;\u00bb&nbsp;:<\/strong><\/h4>\n\n\n\n<div class=\"wp-block-group\"><div class=\"wp-block-group__inner-container is-layout-constrained wp-block-group-is-layout-constrained\">\n<p style=\"line-height:1.2\">La validation de la formation est conditionn\u00e9e par la r\u00e9ussite aux \u00e9valuations \u00e9crites et pratiques :<\/p>\n\n\n\n<ul class=\"wp-block-list\" style=\"margin-top:var(--wp--preset--spacing--30);margin-right:var(--wp--preset--spacing--30);margin-bottom:var(--wp--preset--spacing--30);margin-left:var(--wp--preset--spacing--30);line-height:1.2\">\n<li>Un test \u00e9crit obligatoire \u00e9value l&rsquo;<mark style=\"background-color:rgba(0, 0, 0, 0)\" class=\"has-inline-color has-ast-global-color-8-color\"><strong>int\u00e9gration des apprentissages<\/strong> <\/mark>contenus dans la formation \u00ab <a rel=\"noreferrer noopener\" href=\"https:\/\/cftbc.com\/index.php\/contenu-du-technicienne-en-pnl\/\" data-type=\"page\" data-id=\"35\" target=\"_blank\"><mark style=\"background-color:rgba(0, 0, 0, 0);color:#66acd6\" class=\"has-inline-color\"><strong>Technicien(ne) en PNL<\/strong><\/mark> <\/a>\u00bb et \u00ab&nbsp;<mark style=\"background-color:rgba(0, 0, 0, 0)\" class=\"has-inline-color has-ast-global-color-0-color\">Praticien(ne) en PNL<\/mark>&nbsp;\u00bb. Le contenu et la forme de l&rsquo;\u00e9valuation \u00e9crite sont choisis par l\u2019 \u00ab Enseignant(e) en PNL, <mark style=\"background-color:rgba(0, 0, 0, 0)\" class=\"has-inline-color has-black-color\">agr\u00e9\u00e9(e) CFTBC et IN<\/mark> \u00bb. Le test \u00e9crit est valid\u00e9 d\u00e8s lors que le stagiaire obtient au moins 80% de bonnes r\u00e9ponses.<\/li>\n\n\n\n<li>L\u2019\u00c9valuation pratique obligatoire <mark style=\"background-color:rgba(0, 0, 0, 0)\" class=\"has-inline-color has-ast-global-color-8-color\"><strong>d\u00e9montre notre compr\u00e9hension et notre aptitude \u00e0 mettre en \u0153uvre les techniques apprises<\/strong> <\/mark>lors de la formation. Le contenu et la forme de l&rsquo;\u00e9valuation pratique sont choisis par l\u2019\u00ab&nbsp;Enseignant(e) en PNL, <mark style=\"background-color:rgba(0, 0, 0, 0)\" class=\"has-inline-color has-black-color\">agr\u00e9\u00e9(e) CFTBC et IN<\/mark>&nbsp;\u00bb et sont adapt\u00e9s aux exp\u00e9riences pertinentes des participants. L\u2019\u00e9valuation se fait tout au long de la formation, l\u2019enseignant \u00e9non\u00e7ant \u00e0 chaque stagiaire les points \u00e0 am\u00e9liorer pour se faire valider. La pratique est valid\u00e9e d\u00e8s lors que le stagiaire <mark style=\"background-color:rgba(0, 0, 0, 0)\" class=\"has-inline-color has-ast-global-color-8-color\">montre sa <strong>compr\u00e9hension<\/strong> et sa <strong>ma\u00eetrise des apprentissages<\/strong><\/mark><strong> <\/strong>du \u00ab&nbsp;<a rel=\"noreferrer noopener\" href=\"https:\/\/cftbc.com\/index.php\/contenu-du-technicienne-en-pnl\/\" data-type=\"page\" data-id=\"35\" target=\"_blank\"><mark style=\"background-color:rgba(0, 0, 0, 0);color:#70b1d3\" class=\"has-inline-color\"><strong>Technicien(ne) en PNL<\/strong><\/mark><\/a>&nbsp;\u00bb et du \u00ab&nbsp;<mark style=\"background-color:rgba(0, 0, 0, 0)\" class=\"has-inline-color has-vivid-cyan-blue-color\"><strong>Praticien(ne) en PNL<\/strong><\/mark>&nbsp;\u00bb.<\/li>\n<\/ul>\n\n\n\n<p style=\"margin-top:0;margin-right:0;margin-bottom:0;margin-left:0;line-height:1.2\">D\u00e8s lors que les \u00e9valuations sont valid\u00e9es, le\/la stagiaire obtiendra un certificat nominatif de \u00ab&nbsp;<mark style=\"background-color:rgba(0, 0, 0, 0)\" class=\"has-inline-color has-ast-global-color-0-color\">Praticien(ne) en Programmation NeuroLinguistique&nbsp;<\/mark>\u00bb, <mark style=\"background-color:rgba(0, 0, 0, 0)\" class=\"has-inline-color has-black-color\">certifi\u00e9(e) CFTBC.<\/mark><\/p>\n<\/div><\/div>\n<\/div><\/div>\n\n\n\n<div class=\"wp-block-group\" style=\"padding-top:var(--wp--preset--spacing--30);padding-right:var(--wp--preset--spacing--20);padding-bottom:var(--wp--preset--spacing--20);padding-left:var(--wp--preset--spacing--20);line-height:2.5\"><div class=\"wp-block-group__inner-container is-layout-constrained wp-container-core-group-is-layout-3cffb8f4 wp-block-group-is-layout-constrained\">\n<div class=\"wp-block-group\"><div class=\"wp-block-group__inner-container is-layout-constrained wp-block-group-is-layout-constrained\">\n<h4 class=\"wp-block-heading alignfull\" style=\"line-height:1.2\"><mark style=\"background-color:rgba(0, 0, 0, 0)\" class=\"has-inline-color has-ast-global-color-8-color\">Pour obtenir plus d\u2019informations, veuillez contacter le<\/mark> <mark style=\"background-color:rgba(0, 0, 0, 0)\" class=\"has-inline-color has-ast-global-color-8-color\"><strong>Centre de Formation en Th\u00e9rapies Br\u00e8ves et Cognitives<\/strong>\u00a0:<\/mark><\/h4>\n\n\n\n<ul class=\"wp-block-list\" style=\"line-height:1.2\">\n<li><a href=\"https:\/\/cftbc.com\/index.php\/formulaire-de-contact\/\" data-type=\"page\" data-id=\"1679\">conctact@cftbc.com<\/a><\/li>\n<\/ul>\n<\/div><\/div>\n<\/div><\/div>\n","protected":false},"excerpt":{"rendered":"<p>Praticien(ne) en PNL Dur\u00e9e et d\u00e9roulement de la formation de \u00ab&nbsp;Praticien(ne) en PNL&nbsp;\u00bb : Comp\u00e9tences \u00e0 acqu\u00e9rir en communication PNL : Contenu de la formation&hellip;<\/p>\n","protected":false},"author":1,"featured_media":0,"parent":0,"menu_order":0,"comment_status":"closed","ping_status":"closed","template":"","meta":{"footnotes":""},"class_list":["post-37","page","type-page","status-publish","hentry"],"yoast_head":"<!-- This site is optimized with the Yoast SEO plugin v20.1 - https:\/\/yoast.com\/wordpress\/plugins\/seo\/ -->\n<title>Contenu du Praticien(ne) en PNL - Centre de Formation en Th\u00e9rapies Br\u00e8ves et Cognitives<\/title>\n<meta name=\"robots\" content=\"index, follow, max-snippet:-1, max-image-preview:large, max-video-preview:-1\" \/>\n<link rel=\"canonical\" href=\"https:\/\/cftbc.com\/index.php\/contenu-du-praticienne-en-pnl\/\" \/>\n<meta property=\"og:locale\" content=\"fr_FR\" \/>\n<meta property=\"og:type\" content=\"article\" \/>\n<meta property=\"og:title\" content=\"Contenu du Praticien(ne) en PNL - Centre de Formation en Th\u00e9rapies Br\u00e8ves et Cognitives\" \/>\n<meta property=\"og:description\" content=\"Praticien(ne) en PNL Dur\u00e9e et d\u00e9roulement de la formation de \u00ab&nbsp;Praticien(ne) en PNL&nbsp;\u00bb : Comp\u00e9tences \u00e0 acqu\u00e9rir en communication PNL : Contenu de la formation&hellip;\" \/>\n<meta property=\"og:url\" content=\"https:\/\/cftbc.com\/index.php\/contenu-du-praticienne-en-pnl\/\" \/>\n<meta property=\"og:site_name\" content=\"Centre de Formation en Th\u00e9rapies Br\u00e8ves et Cognitives\" \/>\n<meta property=\"article:modified_time\" content=\"2023-06-04T13:53:42+00:00\" \/>\n<meta property=\"og:image\" content=\"https:\/\/cftbc.com\/wp-content\/uploads\/2023\/03\/pexels-meo-724994-scaled-e1679342109389.jpg\" \/>\n<meta name=\"twitter:card\" content=\"summary_large_image\" \/>\n<meta name=\"twitter:label1\" content=\"Dur\u00e9e de lecture estim\u00e9e\" \/>\n\t<meta name=\"twitter:data1\" content=\"3 minutes\" \/>\n<script type=\"application\/ld+json\" class=\"yoast-schema-graph\">{\"@context\":\"https:\/\/schema.org\",\"@graph\":[{\"@type\":\"WebPage\",\"@id\":\"https:\/\/cftbc.com\/index.php\/contenu-du-praticienne-en-pnl\/\",\"url\":\"https:\/\/cftbc.com\/index.php\/contenu-du-praticienne-en-pnl\/\",\"name\":\"Contenu du Praticien(ne) en PNL - Centre de Formation en Th\u00e9rapies Br\u00e8ves et Cognitives\",\"isPartOf\":{\"@id\":\"https:\/\/cftbc.com\/#website\"},\"datePublished\":\"2022-12-15T16:03:48+00:00\",\"dateModified\":\"2023-06-04T13:53:42+00:00\",\"breadcrumb\":{\"@id\":\"https:\/\/cftbc.com\/index.php\/contenu-du-praticienne-en-pnl\/#breadcrumb\"},\"inLanguage\":\"fr-FR\",\"potentialAction\":[{\"@type\":\"ReadAction\",\"target\":[\"https:\/\/cftbc.com\/index.php\/contenu-du-praticienne-en-pnl\/\"]}]},{\"@type\":\"BreadcrumbList\",\"@id\":\"https:\/\/cftbc.com\/index.php\/contenu-du-praticienne-en-pnl\/#breadcrumb\",\"itemListElement\":[{\"@type\":\"ListItem\",\"position\":1,\"name\":\"Accueil\",\"item\":\"https:\/\/cftbc.com\/\"},{\"@type\":\"ListItem\",\"position\":2,\"name\":\"Contenu du Praticien(ne) en PNL\"}]},{\"@type\":\"WebSite\",\"@id\":\"https:\/\/cftbc.com\/#website\",\"url\":\"https:\/\/cftbc.com\/\",\"name\":\"Centre de Formation en Th\u00e9rapies Br\u00e8ves et Cognitives\",\"description\":\"Soyez l&#039;acteur du changement !\",\"publisher\":{\"@id\":\"https:\/\/cftbc.com\/#organization\"},\"potentialAction\":[{\"@type\":\"SearchAction\",\"target\":{\"@type\":\"EntryPoint\",\"urlTemplate\":\"https:\/\/cftbc.com\/?s={search_term_string}\"},\"query-input\":\"required name=search_term_string\"}],\"inLanguage\":\"fr-FR\"},{\"@type\":\"Organization\",\"@id\":\"https:\/\/cftbc.com\/#organization\",\"name\":\"Centre de Formation en Th\u00e9rapies Br\u00e8ves et Cognitives\",\"url\":\"https:\/\/cftbc.com\/\",\"logo\":{\"@type\":\"ImageObject\",\"inLanguage\":\"fr-FR\",\"@id\":\"https:\/\/cftbc.com\/#\/schema\/logo\/image\/\",\"url\":\"https:\/\/cftbc.com\/wp-content\/uploads\/2022\/12\/centre-de-formation-de-therapie1-scaled.jpg\",\"contentUrl\":\"https:\/\/cftbc.com\/wp-content\/uploads\/2022\/12\/centre-de-formation-de-therapie1-scaled.jpg\",\"width\":2238,\"height\":2560,\"caption\":\"Centre de Formation en Th\u00e9rapies Br\u00e8ves et Cognitives\"},\"image\":{\"@id\":\"https:\/\/cftbc.com\/#\/schema\/logo\/image\/\"}}]}<\/script>\n<!-- \/ Yoast SEO plugin. -->","yoast_head_json":{"title":"Contenu du Praticien(ne) en PNL - Centre de Formation en Th\u00e9rapies Br\u00e8ves et Cognitives","robots":{"index":"index","follow":"follow","max-snippet":"max-snippet:-1","max-image-preview":"max-image-preview:large","max-video-preview":"max-video-preview:-1"},"canonical":"https:\/\/cftbc.com\/index.php\/contenu-du-praticienne-en-pnl\/","og_locale":"fr_FR","og_type":"article","og_title":"Contenu du Praticien(ne) en PNL - Centre de Formation en Th\u00e9rapies Br\u00e8ves et Cognitives","og_description":"Praticien(ne) en PNL Dur\u00e9e et d\u00e9roulement de la formation de \u00ab&nbsp;Praticien(ne) en PNL&nbsp;\u00bb : Comp\u00e9tences \u00e0 acqu\u00e9rir en communication PNL : Contenu de la formation&hellip;","og_url":"https:\/\/cftbc.com\/index.php\/contenu-du-praticienne-en-pnl\/","og_site_name":"Centre de Formation en Th\u00e9rapies Br\u00e8ves et Cognitives","article_modified_time":"2023-06-04T13:53:42+00:00","og_image":[{"url":"https:\/\/cftbc.com\/wp-content\/uploads\/2023\/03\/pexels-meo-724994-scaled-e1679342109389.jpg"}],"twitter_card":"summary_large_image","twitter_misc":{"Dur\u00e9e de lecture estim\u00e9e":"3 minutes"},"schema":{"@context":"https:\/\/schema.org","@graph":[{"@type":"WebPage","@id":"https:\/\/cftbc.com\/index.php\/contenu-du-praticienne-en-pnl\/","url":"https:\/\/cftbc.com\/index.php\/contenu-du-praticienne-en-pnl\/","name":"Contenu du Praticien(ne) en PNL - Centre de Formation en Th\u00e9rapies Br\u00e8ves et Cognitives","isPartOf":{"@id":"https:\/\/cftbc.com\/#website"},"datePublished":"2022-12-15T16:03:48+00:00","dateModified":"2023-06-04T13:53:42+00:00","breadcrumb":{"@id":"https:\/\/cftbc.com\/index.php\/contenu-du-praticienne-en-pnl\/#breadcrumb"},"inLanguage":"fr-FR","potentialAction":[{"@type":"ReadAction","target":["https:\/\/cftbc.com\/index.php\/contenu-du-praticienne-en-pnl\/"]}]},{"@type":"BreadcrumbList","@id":"https:\/\/cftbc.com\/index.php\/contenu-du-praticienne-en-pnl\/#breadcrumb","itemListElement":[{"@type":"ListItem","position":1,"name":"Accueil","item":"https:\/\/cftbc.com\/"},{"@type":"ListItem","position":2,"name":"Contenu du Praticien(ne) en PNL"}]},{"@type":"WebSite","@id":"https:\/\/cftbc.com\/#website","url":"https:\/\/cftbc.com\/","name":"Centre de Formation en Th\u00e9rapies Br\u00e8ves et Cognitives","description":"Soyez l&#039;acteur du changement !","publisher":{"@id":"https:\/\/cftbc.com\/#organization"},"potentialAction":[{"@type":"SearchAction","target":{"@type":"EntryPoint","urlTemplate":"https:\/\/cftbc.com\/?s={search_term_string}"},"query-input":"required name=search_term_string"}],"inLanguage":"fr-FR"},{"@type":"Organization","@id":"https:\/\/cftbc.com\/#organization","name":"Centre de Formation en Th\u00e9rapies Br\u00e8ves et Cognitives","url":"https:\/\/cftbc.com\/","logo":{"@type":"ImageObject","inLanguage":"fr-FR","@id":"https:\/\/cftbc.com\/#\/schema\/logo\/image\/","url":"https:\/\/cftbc.com\/wp-content\/uploads\/2022\/12\/centre-de-formation-de-therapie1-scaled.jpg","contentUrl":"https:\/\/cftbc.com\/wp-content\/uploads\/2022\/12\/centre-de-formation-de-therapie1-scaled.jpg","width":2238,"height":2560,"caption":"Centre de Formation en Th\u00e9rapies Br\u00e8ves et Cognitives"},"image":{"@id":"https:\/\/cftbc.com\/#\/schema\/logo\/image\/"}}]}},"_links":{"self":[{"href":"https:\/\/cftbc.com\/index.php\/wp-json\/wp\/v2\/pages\/37","targetHints":{"allow":["GET"]}}],"collection":[{"href":"https:\/\/cftbc.com\/index.php\/wp-json\/wp\/v2\/pages"}],"about":[{"href":"https:\/\/cftbc.com\/index.php\/wp-json\/wp\/v2\/types\/page"}],"author":[{"embeddable":true,"href":"https:\/\/cftbc.com\/index.php\/wp-json\/wp\/v2\/users\/1"}],"replies":[{"embeddable":true,"href":"https:\/\/cftbc.com\/index.php\/wp-json\/wp\/v2\/comments?post=37"}],"version-history":[{"count":51,"href":"https:\/\/cftbc.com\/index.php\/wp-json\/wp\/v2\/pages\/37\/revisions"}],"predecessor-version":[{"id":2071,"href":"https:\/\/cftbc.com\/index.php\/wp-json\/wp\/v2\/pages\/37\/revisions\/2071"}],"wp:attachment":[{"href":"https:\/\/cftbc.com\/index.php\/wp-json\/wp\/v2\/media?parent=37"}],"curies":[{"name":"wp","href":"https:\/\/api.w.org\/{rel}","templated":true}]}}