{"id":365,"date":"2023-02-15T15:31:17","date_gmt":"2023-02-15T14:31:17","guid":{"rendered":"http:\/\/localhost\/wordpress\/?page_id=365"},"modified":"2023-06-04T16:00:05","modified_gmt":"2023-06-04T14:00:05","slug":"technicienne-en-pnl","status":"publish","type":"page","link":"https:\/\/cftbc.com\/index.php\/technicienne-en-pnl\/","title":{"rendered":"Technicien(ne) en PNL"},"content":{"rendered":"\n<div class=\"wp-block-cover alignfull is-light has-custom-content-position is-position-bottom-left\"><span aria-hidden=\"true\" class=\"wp-block-cover__background has-background-dim-40 has-background-dim\"><\/span><img loading=\"lazy\" decoding=\"async\" width=\"2560\" height=\"1440\" class=\"wp-block-cover__image-background wp-image-178\" alt=\"\" src=\"https:\/\/cftbc.com\/wp-content\/uploads\/2023\/01\/pexels-digital-buggu-171198-scaled.jpg\" style=\"object-position:49% 85%\" data-object-fit=\"cover\" data-object-position=\"49% 85%\" srcset=\"https:\/\/cftbc.com\/wp-content\/uploads\/2023\/01\/pexels-digital-buggu-171198-scaled.jpg 2560w, https:\/\/cftbc.com\/wp-content\/uploads\/2023\/01\/pexels-digital-buggu-171198-scaled-600x338.jpg 600w, https:\/\/cftbc.com\/wp-content\/uploads\/2023\/01\/pexels-digital-buggu-171198-300x169.jpg 300w, https:\/\/cftbc.com\/wp-content\/uploads\/2023\/01\/pexels-digital-buggu-171198-1024x576.jpg 1024w, https:\/\/cftbc.com\/wp-content\/uploads\/2023\/01\/pexels-digital-buggu-171198-768x432.jpg 768w, https:\/\/cftbc.com\/wp-content\/uploads\/2023\/01\/pexels-digital-buggu-171198-1536x864.jpg 1536w, https:\/\/cftbc.com\/wp-content\/uploads\/2023\/01\/pexels-digital-buggu-171198-2048x1152.jpg 2048w\" sizes=\"auto, (max-width: 2560px) 100vw, 2560px\" \/><div class=\"wp-block-cover__inner-container is-layout-flow wp-block-cover-is-layout-flow\">\n<h2 class=\"wp-block-heading has-text-align-center\" style=\"font-size:45px\"><mark style=\"background-color:rgba(0, 0, 0, 0)\" class=\"has-inline-color has-white-color\">Technicien(ne) en PNL<\/mark><\/h2>\n<\/div><\/div>\n\n\n\n<p class=\"has-text-align-justify has-medium-font-size\">Cette formation de <mark style=\"background-color:rgba(0, 0, 0, 0);color:#59abec\" class=\"has-inline-color\"><strong>Technicien(ne)<\/strong> en PNL<\/mark> est le <strong><mark style=\"background-color:rgba(0, 0, 0, 0)\" class=\"has-inline-color has-ast-global-color-8-color\">premier niveau du cursus de formation en PNL<\/mark><\/strong>. Il s&rsquo;agit de la premi\u00e8re \u00e9tape d&rsquo;un apprentissage sp\u00e9cifique ax\u00e9 sur de la <mark style=\"background-color:rgba(0, 0, 0, 0)\" class=\"has-inline-color has-ast-global-color-8-color\">psychologie<\/mark> et de la <mark style=\"background-color:rgba(0, 0, 0, 0)\" class=\"has-inline-color has-ast-global-color-8-color\">communication<\/mark>.<\/p>\n\n\n\n<p class=\"has-text-align-justify has-medium-font-size\">Elle est le point de d\u00e9part d\u2019un ensemble de connaissances d\u00e9di\u00e9es, d&rsquo;une part, \u00e0 la<strong> <\/strong><mark style=\"background-color:rgba(0, 0, 0, 0)\" class=\"has-inline-color has-ast-global-color-8-color\"><strong>transmission de \u00ab&nbsp;savoir-\u00eatre&nbsp;\u00bb<\/strong> <\/mark>indispensables qui <mark style=\"background-color:rgba(0, 0, 0, 0)\" class=\"has-inline-color has-black-color\">vous expliqueront les postures appropri\u00e9e<\/mark><mark style=\"background-color:rgba(0, 0, 0, 0)\" class=\"has-inline-color has-ast-global-color-8-color\">s. <\/mark>Puis d&rsquo;autre part, \u00e0 la<mark style=\"background-color:rgba(0, 0, 0, 0)\" class=\"has-inline-color has-ast-global-color-8-color\"> <\/mark><mark style=\"background-color:rgba(0, 0, 0, 0)\" class=\"has-inline-color has-black-color\"><strong>transmission de \u00ab&nbsp;savoir-faire&nbsp;\u00bb<\/strong><\/mark><mark style=\"background-color:rgba(0, 0, 0, 0)\" class=\"has-inline-color has-ast-global-color-8-color\"> <\/mark>indispensables qui <mark style=\"background-color:rgba(0, 0, 0, 0)\" class=\"has-inline-color has-black-color\">vous \u00e9veilleront<\/mark><mark style=\"background-color:rgba(0, 0, 0, 0)\" class=\"has-inline-color has-ast-global-color-8-color\"> \u00e0 la  d\u00e9tection et \u00e0 l&rsquo;interpr\u00e9tation de vos observations. <\/mark>Cette succession de savoir vous permettra de d\u00e9velopper une communication d\u2019exception. Elle est <strong><mark style=\"background-color:rgba(0, 0, 0, 0)\" class=\"has-inline-color has-ast-global-color-8-color\">ax\u00e9e sur le langage, les repr\u00e9sentations internes et les actions qui y sont associ\u00e9es<\/mark><\/strong>.<\/p>\n\n\n\n<p class=\"has-text-align-justify has-medium-font-size\">D\u00e8s les premi\u00e8res heures de cette formation, vous apprendrez \u00e0 utiliser <mark style=\"background-color:rgba(0, 0, 0, 0)\" class=\"has-inline-color has-ast-global-color-8-color\"><strong>des outils concrets<\/strong> qui optimiseront votre mani\u00e8re d\u2019interagir avec vos interlocuteurs. <\/mark>Ils feront <strong>\u00e9merger votre v\u00e9ritable potentiel<\/strong>, et <strong>am\u00e9lioreront votre compr\u00e9hension du monde<\/strong>.<\/p>\n\n\n\n<p class=\"has-text-align-justify has-medium-font-size\"><strong>Quelles que soient vos aptitudes du d\u00e9but<\/strong>, vous cr\u00e9erez rapidement <mark style=\"background-color:rgba(0, 0, 0, 0)\" class=\"has-inline-color has-black-color\"><strong>des automatismes rigoureux<\/strong><\/mark>. Vous saurez naturellement comment<strong> analyser et restituer l&rsquo;information<\/strong> de fa\u00e7on efficiente. Vous serez pr\u00eat(e) \u00e0 <strong><mark style=\"background-color:rgba(0, 0, 0, 0)\" class=\"has-inline-color has-black-color\">communiquer avec une grande efficacit\u00e9<\/mark><\/strong>.<\/p>\n\n\n\n<p class=\"has-text-align-justify has-medium-font-size\">Pour faciliter l\u2019int\u00e9gration de ces nouvelles techniques, <strong>un(e) formateur\/trice expert(e) vous encadrera. Il ou elle vous conseillera et vous apportera <mark style=\"background-color:rgba(0, 0, 0, 0)\" class=\"has-inline-color has-ast-global-color-8-color\">des solutions personnalis\u00e9es<\/mark><\/strong>. Un environnement de <strong>tol\u00e9rance<\/strong> sera mis en place, une dynamique<strong> bienveillante et favorable <\/strong>\u00e0 l\u2019apprentissage de chacun.<\/p>\n\n\n\n<p class=\"has-text-align-justify has-medium-font-size\">La formation en PNL, partie <strong><mark style=\"background-color:rgba(0, 0, 0, 0);color:#87bde2\" class=\"has-inline-color\">Technicien(ne)<\/mark><\/strong>, vous offrira un enseignement de qualit\u00e9 qui durera <strong>9 jours <\/strong>au total.<\/p>\n\n\n\n<p class=\"has-text-align-justify has-medium-font-size\">La partie <mark style=\"background-color:rgba(0, 0, 0, 0);color:#8bbfe0\" class=\"has-inline-color\"><strong>Technicien(ne) <\/strong>en PNL<\/mark> est un <strong>pr\u00e9requis pour pouvoir acc\u00e9der \u00e0 la partie <\/strong><a data-type=\"page\" data-id=\"20\" href=\"https:\/\/cftbc.com\/index.php\/praticienne-en-pnl\/\" target=\"_blank\" rel=\"noreferrer noopener\"><mark style=\"background-color:rgba(0, 0, 0, 0);color:#0794e5\" class=\"has-inline-color\"><strong>Praticien(ne) <\/strong>en PNL<\/mark><\/a><mark style=\"background-color:rgba(0, 0, 0, 0)\" class=\"has-inline-color has-vivid-cyan-blue-color\"> <\/mark>(certifiante).<\/p>\n\n\n\n<div class=\"wp-block-buttons is-layout-flex wp-block-buttons-is-layout-flex\">\n<div class=\"wp-block-button has-custom-font-size is-style-fill has-medium-font-size\"><a class=\"wp-block-button__link has-ast-global-color-4-color has-contrast-background-color has-text-color has-background wp-element-button\" href=\"https:\/\/cftbc.com\/index.php\/dates-et-tarifs-formation-hypnose-pnl-annecy-lyon-paris\/\" style=\"border-radius:12px;padding-top:12px;padding-right:12px;padding-bottom:12px;padding-left:12px\"><strong>Dates et Tarifs<\/strong><\/a><\/div>\n\n\n\n<div class=\"wp-block-button has-custom-font-size is-style-fill has-medium-font-size\"><a class=\"wp-block-button__link has-ast-global-color-4-color has-contrast-background-color has-text-color has-background wp-element-button\" href=\"https:\/\/cftbc.com\/index.php\/contenu-du-technicienne-en-pnl\/\" style=\"border-radius:12px;padding-top:12px;padding-right:12px;padding-bottom:12px;padding-left:12px\"><strong>Contenu de Formation<\/strong><\/a><\/div>\n\n\n\n<div class=\"wp-block-button has-custom-font-size is-style-fill has-medium-font-size\"><a class=\"wp-block-button__link has-ast-global-color-4-color has-contrast-background-color has-text-color has-background wp-element-button\" href=\"https:\/\/cftbc.com\/index.php\/certifications\/\" style=\"border-radius:12px;padding-top:12px;padding-right:12px;padding-bottom:12px;padding-left:12px\" target=\"_blank\" rel=\"noreferrer noopener\"><strong>Certifications<\/strong><\/a><\/div>\n<\/div>\n","protected":false},"excerpt":{"rendered":"<p>Cette formation de Technicien(ne) en PNL est le premier niveau du cursus de formation en PNL. Il s&rsquo;agit de la premi\u00e8re \u00e9tape d&rsquo;un apprentissage sp\u00e9cifique&hellip;<\/p>\n","protected":false},"author":1,"featured_media":0,"parent":0,"menu_order":0,"comment_status":"closed","ping_status":"closed","template":"","meta":{"footnotes":""},"class_list":["post-365","page","type-page","status-publish","hentry"],"yoast_head":"<!-- This site is optimized with the Yoast SEO plugin v20.1 - https:\/\/yoast.com\/wordpress\/plugins\/seo\/ -->\n<title>Technicien(ne) en PNL - Formation<\/title>\n<meta name=\"description\" content=\"Cette formation de Technicien(ne) en PNL ouvre la porte d&#039;entr\u00e9e d&#039;un savoir qui r\u00e9volutionnera votre compr\u00e9hension de la psych\u00e9 humaine...\" \/>\n<meta name=\"robots\" content=\"index, follow, max-snippet:-1, max-image-preview:large, max-video-preview:-1\" \/>\n<link rel=\"canonical\" href=\"https:\/\/cftbc.com\/index.php\/technicienne-en-pnl\/\" \/>\n<meta property=\"og:locale\" content=\"fr_FR\" \/>\n<meta property=\"og:type\" content=\"article\" \/>\n<meta property=\"og:title\" content=\"Technicien(ne) en PNL - Formation\" \/>\n<meta property=\"og:description\" content=\"Cette formation de Technicien(ne) en PNL ouvre la porte d&#039;entr\u00e9e d&#039;un savoir qui r\u00e9volutionnera votre compr\u00e9hension de la psych\u00e9 humaine...\" \/>\n<meta property=\"og:url\" content=\"https:\/\/cftbc.com\/index.php\/technicienne-en-pnl\/\" \/>\n<meta property=\"og:site_name\" content=\"Centre de Formation en Th\u00e9rapies Br\u00e8ves et Cognitives\" \/>\n<meta property=\"article:modified_time\" content=\"2023-06-04T14:00:05+00:00\" \/>\n<meta property=\"og:image\" content=\"https:\/\/cftbc.com\/wp-content\/uploads\/2023\/01\/pexels-digital-buggu-171198-scaled.jpg\" \/>\n<meta name=\"twitter:card\" content=\"summary_large_image\" \/>\n<meta name=\"twitter:label1\" content=\"Dur\u00e9e de lecture estim\u00e9e\" \/>\n\t<meta name=\"twitter:data1\" content=\"2 minutes\" \/>\n<script type=\"application\/ld+json\" class=\"yoast-schema-graph\">{\"@context\":\"https:\/\/schema.org\",\"@graph\":[{\"@type\":\"WebPage\",\"@id\":\"https:\/\/cftbc.com\/index.php\/technicienne-en-pnl\/\",\"url\":\"https:\/\/cftbc.com\/index.php\/technicienne-en-pnl\/\",\"name\":\"Technicien(ne) en PNL - Formation\",\"isPartOf\":{\"@id\":\"https:\/\/cftbc.com\/#website\"},\"datePublished\":\"2023-02-15T14:31:17+00:00\",\"dateModified\":\"2023-06-04T14:00:05+00:00\",\"description\":\"Cette formation de Technicien(ne) en PNL ouvre la porte d'entr\u00e9e d'un savoir qui r\u00e9volutionnera votre compr\u00e9hension de la psych\u00e9 humaine...\",\"breadcrumb\":{\"@id\":\"https:\/\/cftbc.com\/index.php\/technicienne-en-pnl\/#breadcrumb\"},\"inLanguage\":\"fr-FR\",\"potentialAction\":[{\"@type\":\"ReadAction\",\"target\":[\"https:\/\/cftbc.com\/index.php\/technicienne-en-pnl\/\"]}]},{\"@type\":\"BreadcrumbList\",\"@id\":\"https:\/\/cftbc.com\/index.php\/technicienne-en-pnl\/#breadcrumb\",\"itemListElement\":[{\"@type\":\"ListItem\",\"position\":1,\"name\":\"Accueil\",\"item\":\"https:\/\/cftbc.com\/\"},{\"@type\":\"ListItem\",\"position\":2,\"name\":\"Technicien(ne) en PNL\"}]},{\"@type\":\"WebSite\",\"@id\":\"https:\/\/cftbc.com\/#website\",\"url\":\"https:\/\/cftbc.com\/\",\"name\":\"Centre de Formation en Th\u00e9rapies Br\u00e8ves et Cognitives\",\"description\":\"Soyez l&#039;acteur du changement !\",\"publisher\":{\"@id\":\"https:\/\/cftbc.com\/#organization\"},\"potentialAction\":[{\"@type\":\"SearchAction\",\"target\":{\"@type\":\"EntryPoint\",\"urlTemplate\":\"https:\/\/cftbc.com\/?s={search_term_string}\"},\"query-input\":\"required name=search_term_string\"}],\"inLanguage\":\"fr-FR\"},{\"@type\":\"Organization\",\"@id\":\"https:\/\/cftbc.com\/#organization\",\"name\":\"Centre de Formation en Th\u00e9rapies Br\u00e8ves et Cognitives\",\"url\":\"https:\/\/cftbc.com\/\",\"logo\":{\"@type\":\"ImageObject\",\"inLanguage\":\"fr-FR\",\"@id\":\"https:\/\/cftbc.com\/#\/schema\/logo\/image\/\",\"url\":\"https:\/\/cftbc.com\/wp-content\/uploads\/2022\/12\/centre-de-formation-de-therapie1-scaled.jpg\",\"contentUrl\":\"https:\/\/cftbc.com\/wp-content\/uploads\/2022\/12\/centre-de-formation-de-therapie1-scaled.jpg\",\"width\":2238,\"height\":2560,\"caption\":\"Centre de Formation en Th\u00e9rapies Br\u00e8ves et Cognitives\"},\"image\":{\"@id\":\"https:\/\/cftbc.com\/#\/schema\/logo\/image\/\"}}]}<\/script>\n<!-- \/ Yoast SEO plugin. -->","yoast_head_json":{"title":"Technicien(ne) en PNL - Formation","description":"Cette formation de Technicien(ne) en PNL ouvre la porte d'entr\u00e9e d'un savoir qui r\u00e9volutionnera votre compr\u00e9hension de la psych\u00e9 humaine...","robots":{"index":"index","follow":"follow","max-snippet":"max-snippet:-1","max-image-preview":"max-image-preview:large","max-video-preview":"max-video-preview:-1"},"canonical":"https:\/\/cftbc.com\/index.php\/technicienne-en-pnl\/","og_locale":"fr_FR","og_type":"article","og_title":"Technicien(ne) en PNL - Formation","og_description":"Cette formation de Technicien(ne) en PNL ouvre la porte d'entr\u00e9e d'un savoir qui r\u00e9volutionnera votre compr\u00e9hension de la psych\u00e9 humaine...","og_url":"https:\/\/cftbc.com\/index.php\/technicienne-en-pnl\/","og_site_name":"Centre de Formation en Th\u00e9rapies Br\u00e8ves et Cognitives","article_modified_time":"2023-06-04T14:00:05+00:00","og_image":[{"url":"https:\/\/cftbc.com\/wp-content\/uploads\/2023\/01\/pexels-digital-buggu-171198-scaled.jpg"}],"twitter_card":"summary_large_image","twitter_misc":{"Dur\u00e9e de lecture estim\u00e9e":"2 minutes"},"schema":{"@context":"https:\/\/schema.org","@graph":[{"@type":"WebPage","@id":"https:\/\/cftbc.com\/index.php\/technicienne-en-pnl\/","url":"https:\/\/cftbc.com\/index.php\/technicienne-en-pnl\/","name":"Technicien(ne) en PNL - Formation","isPartOf":{"@id":"https:\/\/cftbc.com\/#website"},"datePublished":"2023-02-15T14:31:17+00:00","dateModified":"2023-06-04T14:00:05+00:00","description":"Cette formation de Technicien(ne) en PNL ouvre la porte d'entr\u00e9e d'un savoir qui r\u00e9volutionnera votre compr\u00e9hension de la psych\u00e9 humaine...","breadcrumb":{"@id":"https:\/\/cftbc.com\/index.php\/technicienne-en-pnl\/#breadcrumb"},"inLanguage":"fr-FR","potentialAction":[{"@type":"ReadAction","target":["https:\/\/cftbc.com\/index.php\/technicienne-en-pnl\/"]}]},{"@type":"BreadcrumbList","@id":"https:\/\/cftbc.com\/index.php\/technicienne-en-pnl\/#breadcrumb","itemListElement":[{"@type":"ListItem","position":1,"name":"Accueil","item":"https:\/\/cftbc.com\/"},{"@type":"ListItem","position":2,"name":"Technicien(ne) en PNL"}]},{"@type":"WebSite","@id":"https:\/\/cftbc.com\/#website","url":"https:\/\/cftbc.com\/","name":"Centre de Formation en Th\u00e9rapies Br\u00e8ves et Cognitives","description":"Soyez l&#039;acteur du changement !","publisher":{"@id":"https:\/\/cftbc.com\/#organization"},"potentialAction":[{"@type":"SearchAction","target":{"@type":"EntryPoint","urlTemplate":"https:\/\/cftbc.com\/?s={search_term_string}"},"query-input":"required name=search_term_string"}],"inLanguage":"fr-FR"},{"@type":"Organization","@id":"https:\/\/cftbc.com\/#organization","name":"Centre de Formation en Th\u00e9rapies Br\u00e8ves et Cognitives","url":"https:\/\/cftbc.com\/","logo":{"@type":"ImageObject","inLanguage":"fr-FR","@id":"https:\/\/cftbc.com\/#\/schema\/logo\/image\/","url":"https:\/\/cftbc.com\/wp-content\/uploads\/2022\/12\/centre-de-formation-de-therapie1-scaled.jpg","contentUrl":"https:\/\/cftbc.com\/wp-content\/uploads\/2022\/12\/centre-de-formation-de-therapie1-scaled.jpg","width":2238,"height":2560,"caption":"Centre de Formation en Th\u00e9rapies Br\u00e8ves et Cognitives"},"image":{"@id":"https:\/\/cftbc.com\/#\/schema\/logo\/image\/"}}]}},"_links":{"self":[{"href":"https:\/\/cftbc.com\/index.php\/wp-json\/wp\/v2\/pages\/365","targetHints":{"allow":["GET"]}}],"collection":[{"href":"https:\/\/cftbc.com\/index.php\/wp-json\/wp\/v2\/pages"}],"about":[{"href":"https:\/\/cftbc.com\/index.php\/wp-json\/wp\/v2\/types\/page"}],"author":[{"embeddable":true,"href":"https:\/\/cftbc.com\/index.php\/wp-json\/wp\/v2\/users\/1"}],"replies":[{"embeddable":true,"href":"https:\/\/cftbc.com\/index.php\/wp-json\/wp\/v2\/comments?post=365"}],"version-history":[{"count":39,"href":"https:\/\/cftbc.com\/index.php\/wp-json\/wp\/v2\/pages\/365\/revisions"}],"predecessor-version":[{"id":2077,"href":"https:\/\/cftbc.com\/index.php\/wp-json\/wp\/v2\/pages\/365\/revisions\/2077"}],"wp:attachment":[{"href":"https:\/\/cftbc.com\/index.php\/wp-json\/wp\/v2\/media?parent=365"}],"curies":[{"name":"wp","href":"https:\/\/api.w.org\/{rel}","templated":true}]}}