{"id":35,"date":"2022-12-15T17:03:04","date_gmt":"2022-12-15T16:03:04","guid":{"rendered":"http:\/\/localhost\/wordpress\/?page_id=35"},"modified":"2023-06-04T16:01:02","modified_gmt":"2023-06-04T14:01:02","slug":"contenu-du-technicienne-en-pnl","status":"publish","type":"page","link":"https:\/\/cftbc.com\/index.php\/contenu-du-technicienne-en-pnl\/","title":{"rendered":"Contenu du Technicien(ne) en PNL"},"content":{"rendered":"\n<div class=\"wp-block-cover alignfull is-light has-custom-content-position is-position-bottom-left\"><span aria-hidden=\"true\" class=\"wp-block-cover__background has-background-dim-40 has-background-dim\"><\/span><img loading=\"lazy\" decoding=\"async\" width=\"2560\" height=\"1440\" class=\"wp-block-cover__image-background wp-image-178\" alt=\"\" src=\"https:\/\/cftbc.com\/wp-content\/uploads\/2023\/01\/pexels-digital-buggu-171198-scaled.jpg\" style=\"object-position:49% 85%\" data-object-fit=\"cover\" data-object-position=\"49% 85%\" srcset=\"https:\/\/cftbc.com\/wp-content\/uploads\/2023\/01\/pexels-digital-buggu-171198-scaled.jpg 2560w, https:\/\/cftbc.com\/wp-content\/uploads\/2023\/01\/pexels-digital-buggu-171198-scaled-600x338.jpg 600w, https:\/\/cftbc.com\/wp-content\/uploads\/2023\/01\/pexels-digital-buggu-171198-300x169.jpg 300w, https:\/\/cftbc.com\/wp-content\/uploads\/2023\/01\/pexels-digital-buggu-171198-1024x576.jpg 1024w, https:\/\/cftbc.com\/wp-content\/uploads\/2023\/01\/pexels-digital-buggu-171198-768x432.jpg 768w, https:\/\/cftbc.com\/wp-content\/uploads\/2023\/01\/pexels-digital-buggu-171198-1536x864.jpg 1536w, https:\/\/cftbc.com\/wp-content\/uploads\/2023\/01\/pexels-digital-buggu-171198-2048x1152.jpg 2048w\" sizes=\"auto, (max-width: 2560px) 100vw, 2560px\" \/><div class=\"wp-block-cover__inner-container is-layout-flow wp-block-cover-is-layout-flow\">\n<h2 class=\"wp-block-heading has-text-align-center\" style=\"font-size:45px\"><mark style=\"background-color:rgba(0, 0, 0, 0)\" class=\"has-inline-color has-white-color\">Contenu de Formation<\/mark><\/h2>\n<\/div><\/div>\n\n\n\n<h2 class=\"wp-block-heading alignfull has-text-align-left\" style=\"margin-top:var(--wp--preset--spacing--30);margin-right:0;margin-bottom:0;margin-left:0;padding-top:0;padding-right:0;padding-bottom:0;padding-left:0;font-size:30px;line-height:1.5\"><strong>Contenu du<\/strong> <mark style=\"background-color:rgba(0, 0, 0, 0);color:#74b1db\" class=\"has-inline-color\"><strong>Technicien(ne) en PNL<\/strong><\/mark><\/h2>\n\n\n\n<h4 class=\"wp-block-heading alignfull has-medium-font-size\" style=\"margin-top:0;margin-right:0;margin-bottom:0;margin-left:0;padding-top:0;padding-right:0;padding-bottom:0;padding-left:0;line-height:2.5\"><strong><strong>Dur\u00e9e et d\u00e9roulement de la formation de \u00ab&nbsp;<mark style=\"background-color:rgba(0, 0, 0, 0);color:#68b0d9\" class=\"has-inline-color\">Technicien(ne) en PNL<\/mark>&nbsp;\u00bb :<\/strong><\/strong><\/h4>\n\n\n\n<ul class=\"wp-block-list\" style=\"line-height:1.2\">\n<li><mark style=\"background-color:rgba(0, 0, 0, 0)\" class=\"has-inline-color has-ast-global-color-8-color\">Un minimum de <strong>68 heures<\/strong> <\/mark>de formation en pr\u00e9sentiel sur <mark style=\"background-color:rgba(0, 0, 0, 0)\" class=\"has-inline-color has-ast-global-color-8-color\">un minimum de <strong>9 jours<\/strong><\/mark>, tests compris.<\/li>\n\n\n\n<li>La formation est dispens\u00e9e par un(e) \u00ab&nbsp;Enseignant(e) en PNL, <mark style=\"background-color:rgba(0, 0, 0, 0)\" class=\"has-inline-color has-ast-global-color-8-color\">agr\u00e9\u00e9(e) CFTBC et IN <\/mark>\u00bb.<\/li>\n<\/ul>\n\n\n\n<div class=\"wp-block-group\" style=\"border-style:none;border-width:0px;border-radius:0px;padding-top:var(--wp--preset--spacing--20);padding-right:var(--wp--preset--spacing--20);padding-bottom:var(--wp--preset--spacing--20);padding-left:var(--wp--preset--spacing--20)\"><div class=\"wp-block-group__inner-container is-layout-constrained wp-container-core-group-is-layout-11bed739 wp-block-group-is-layout-constrained\">\n<h4 class=\"wp-block-heading alignfull\" style=\"padding-top:0;padding-right:0;padding-bottom:0;padding-left:0;line-height:2.5\"><strong>Comp\u00e9tences \u00e0 acqu\u00e9rir en <mark style=\"background-color:rgba(0, 0, 0, 0)\" class=\"has-inline-color has-ast-global-color-8-color\">communication PNL<\/mark> <\/strong>:<\/h4>\n\n\n\n<ul class=\"wp-block-list\" style=\"line-height:1.2\">\n<li>Un \u00ab <mark style=\"background-color:rgba(0, 0, 0, 0);color:#77b7d8\" class=\"has-inline-color\"><strong>Technicien(ne) en PNL<\/strong><\/mark> \u00bb <mark style=\"background-color:rgba(0, 0, 0, 0)\" class=\"has-inline-color has-ast-global-color-8-color\">conna\u00eet et a int\u00e9gr\u00e9 les principes fondamentaux<\/mark> de la PNL.<\/li>\n\n\n\n<li>Il conna\u00eet et a la capacit\u00e9 d&rsquo;utiliser les contenus de base, les comp\u00e9tences, les techniques, les mod\u00e8les, les m\u00e9thodes et les concepts de la PNL <mark style=\"background-color:rgba(0, 0, 0, 0)\" class=\"has-inline-color has-ast-global-color-8-color\">dans le domaine de l&rsquo;autogestion, des langages et de l\u2019atteinte des objectifs<\/mark>.<\/li>\n\n\n\n<li>Les capacit\u00e9s fondamentales d&rsquo;un \u00ab <mark style=\"background-color:rgba(0, 0, 0, 0);color:#6db4d0\" class=\"has-inline-color\"><strong>Technicien(ne) en PNL<\/strong><\/mark> \u00bb sont l&rsquo;\u00e9tablissement du rapport, la flexibilit\u00e9 et la capacit\u00e9 \u00e0 suivre une approche \u00e9cologique ax\u00e9e sur l\u2019exploitation adapt\u00e9e des ressources.<\/li>\n<\/ul>\n<\/div><\/div>\n\n\n\n<div class=\"wp-block-group\" style=\"padding-top:var(--wp--preset--spacing--20);padding-right:var(--wp--preset--spacing--20);padding-bottom:var(--wp--preset--spacing--20);padding-left:var(--wp--preset--spacing--20);line-height:1.2\"><div class=\"wp-block-group__inner-container is-layout-constrained wp-container-core-group-is-layout-9b7a50ae wp-block-group-is-layout-constrained\">\n<h4 class=\"wp-block-heading alignfull\" style=\"line-height:2.5\"><strong>Contenu du <mark style=\"background-color:rgba(0, 0, 0, 0);color:#6fb3f9\" class=\"has-inline-color\">Technicien(ne) en PNL<\/mark> :<\/strong><\/h4>\n\n\n\n<ul class=\"wp-block-list\">\n<li>Historique et philosophie de la PNL<\/li>\n\n\n\n<li><mark style=\"background-color:rgba(0, 0, 0, 0)\" class=\"has-inline-color has-ast-global-color-8-color\">Pr\u00e9suppos\u00e9s de base de la PNL<\/mark><\/li>\n\n\n\n<li><mark style=\"background-color:rgba(0, 0, 0, 0)\" class=\"has-inline-color has-ast-global-color-8-color\">Le syst\u00e8me de perception, de repr\u00e9sentation et conducteur<\/mark><\/li>\n\n\n\n<li><mark style=\"background-color:rgba(0, 0, 0, 0)\" class=\"has-inline-color has-ast-global-color-8-color\">Les indices d\u2019acc\u00e8s sensoriels<\/mark><\/li>\n\n\n\n<li>Les pr\u00e9dicats linguistiques<\/li>\n\n\n\n<li><mark style=\"background-color:rgba(0, 0, 0, 0)\" class=\"has-inline-color has-ast-global-color-8-color\">Les mouvements oculaires<\/mark><\/li>\n\n\n\n<li>Les canaux pr\u00e9f\u00e9rentiels<\/li>\n\n\n\n<li>Le cerveau et la n\u00e9gation<\/li>\n\n\n\n<li>Signaux Id\u00e9omoteurs<\/li>\n\n\n\n<li><mark style=\"background-color:rgba(0, 0, 0, 0)\" class=\"has-inline-color has-ast-global-color-8-color\">La r\u00e9alit\u00e9 du monde et sa perception<\/mark><\/li>\n\n\n\n<li>Diff\u00e9rences entre l\u2019observation et l\u2019interpr\u00e9tation<\/li>\n\n\n\n<li>Le langage transformationnel<\/li>\n\n\n\n<li>Les cadres de la PNL<\/li>\n\n\n\n<li><mark style=\"background-color:rgba(0, 0, 0, 0)\" class=\"has-inline-color has-ast-global-color-8-color\">Le rapport<\/mark><\/li>\n\n\n\n<li>Le feed-back constructif<\/li>\n\n\n\n<li>L\u2019index de computation<\/li>\n\n\n\n<li><mark style=\"background-color:rgba(0, 0, 0, 0)\" class=\"has-inline-color has-ast-global-color-8-color\">Les sous-modalit\u00e9s sensorielles<\/mark><\/li>\n\n\n\n<li><mark style=\"background-color:rgba(0, 0, 0, 0)\" class=\"has-inline-color has-ast-global-color-8-color\">Les \u00e9tats internes<\/mark><\/li>\n\n\n\n<li><mark style=\"background-color:rgba(0, 0, 0, 0)\" class=\"has-inline-color has-ast-global-color-8-color\">Association et Dissociation<\/mark><\/li>\n\n\n\n<li><mark style=\"background-color:rgba(0, 0, 0, 0)\" class=\"has-inline-color has-ast-global-color-8-color\">Les positions perceptuelles<\/mark><\/li>\n\n\n\n<li>Le chevauchement<\/li>\n\n\n\n<li>Les diff\u00e9rents niveaux de l\u2019\u00e9tat d\u00e9sir\u00e9<\/li>\n\n\n\n<li>Bien formuler un objectif<\/li>\n\n\n\n<li>L\u2019EP\/ED\/ECO<\/li>\n\n\n\n<li><mark style=\"background-color:rgba(0, 0, 0, 0)\" class=\"has-inline-color has-ast-global-color-8-color\">L\u2019ancrage, l\u2019ancrage simple, l\u2019empilement d\u2019ancres, d\u00e9sactivation d\u2019ancres, encha\u00eenement d\u2019ancres<\/mark><\/li>\n\n\n\n<li>Le cercle d\u2019excellence<\/li>\n\n\n\n<li>Le tourniquet des positions perceptuelles<\/li>\n\n\n\n<li><mark style=\"background-color:rgba(0, 0, 0, 0)\" class=\"has-inline-color has-ast-global-color-8-color\">Le \u00ab\u00a0SWISH\u00a0\u00bb<\/mark><\/li>\n\n\n\n<li>La simple dissociation<\/li>\n\n\n\n<li>Le g\u00e9n\u00e9rateur de nouveau comportement<\/li>\n\n\n\n<li>Langage et exp\u00e9rience<\/li>\n\n\n\n<li><mark style=\"background-color:rgba(0, 0, 0, 0)\" class=\"has-inline-color has-ast-global-color-8-color\">Le M\u00e9ta-mod\u00e8le\u00a0: d\u00e9couverte<\/mark><\/li>\n\n\n\n<li>Les principaux biais cognitifs<\/li>\n\n\n\n<li><mark style=\"background-color:rgba(0, 0, 0, 0)\" class=\"has-inline-color has-ast-global-color-8-color\">Le recadrage<\/mark><\/li>\n\n\n\n<li>Retrouver ses comp\u00e9tences&#8230;<\/li>\n<\/ul>\n<\/div><\/div>\n\n\n\n<div class=\"wp-block-group\" style=\"padding-top:var(--wp--preset--spacing--20);padding-right:var(--wp--preset--spacing--20);padding-bottom:var(--wp--preset--spacing--20);padding-left:var(--wp--preset--spacing--20);line-height:1.2\"><div class=\"wp-block-group__inner-container is-layout-constrained wp-container-core-group-is-layout-9b7a50ae wp-block-group-is-layout-constrained\">\n<h4 class=\"wp-block-heading alignfull\" style=\"line-height:2.5\"><strong>Pr\u00e9requis obligatoire&nbsp;:<\/strong><\/h4>\n\n\n\n<ul class=\"wp-block-list\">\n<li>La formation \u00ab&nbsp;<strong><mark style=\"background-color:rgba(0, 0, 0, 0);color:#66b5d9\" class=\"has-inline-color\">Technicien(ne) en PNL<\/mark>&nbsp;<\/strong>\u00bb ne demande <mark style=\"background-color:rgba(0, 0, 0, 0)\" class=\"has-inline-color has-black-color\"><strong>aucun pr\u00e9requis<\/strong><\/mark>.<\/li>\n\n\n\n<li>La validation de la formation \u00ab&nbsp;<mark style=\"background-color:rgba(0, 0, 0, 0);color:#66b5d9\" class=\"has-inline-color\"><strong>Technicien(ne) en PNL<\/strong><\/mark>&nbsp;\u00bb est le pr\u00e9requis obligatoire pour s\u2019inscrire \u00e0 la <strong>formation certifiante de \u00ab&nbsp;<a rel=\"noreferrer noopener\" href=\"https:\/\/cftbc.com\/index.php\/contenu-du-praticienne-en-pnl\/\" data-type=\"page\" data-id=\"37\" target=\"_blank\"><mark style=\"background-color:rgba(0, 0, 0, 0)\" class=\"has-inline-color has-vivid-cyan-blue-color\">Praticien(ne) en PNL<\/mark><\/a>&nbsp;\u00bb, <\/strong>\u00e9tape suivante.<\/li>\n<\/ul>\n<\/div><\/div>\n\n\n\n<div class=\"wp-block-group\" style=\"padding-top:var(--wp--preset--spacing--20);padding-right:var(--wp--preset--spacing--20);padding-bottom:var(--wp--preset--spacing--20);padding-left:var(--wp--preset--spacing--20)\"><div class=\"wp-block-group__inner-container is-layout-constrained wp-container-core-group-is-layout-9b7a50ae wp-block-group-is-layout-constrained\">\n<h4 class=\"wp-block-heading alignfull\" style=\"line-height:2.5\"><strong>Validation du \u00ab&nbsp;Technicien(ne) en PNL&nbsp;\u00bb&nbsp;:<\/strong><\/h4>\n\n\n\n<p style=\"line-height:1.2\">La validation de la formation est conditionn\u00e9e par la r\u00e9ussite aux \u00e9valuations \u00e9crites et pratiques :<\/p>\n\n\n\n<ul class=\"wp-block-list\" style=\"line-height:1.2\">\n<li>Un test \u00e9crit obligatoire \u00e9value l&rsquo;<mark style=\"background-color:rgba(0, 0, 0, 0)\" class=\"has-inline-color has-ast-global-color-8-color\">int\u00e9gration des apprentissages <\/mark>contenus dans la formation \u00ab <mark style=\"background-color:rgba(0, 0, 0, 0);color:#6db6dd\" class=\"has-inline-color\"><strong>Technicien(ne) en PNL<\/strong><\/mark> \u00bb. Le contenu et la forme de l&rsquo;\u00e9valuation \u00e9crite sont choisis par l\u2019 \u00ab Enseignant(e) en PNL, <mark style=\"background-color:rgba(0, 0, 0, 0)\" class=\"has-inline-color has-black-color\">agr\u00e9\u00e9(e) CFTBC et IN<\/mark> \u00bb. Le test \u00e9crit est valid\u00e9 d\u00e8s lors que le stagiaire obtient au moins 80% de bonnes r\u00e9ponses.<\/li>\n\n\n\n<li>L\u2019\u00c9valuation pratique obligatoire <mark style=\"background-color:rgba(0, 0, 0, 0)\" class=\"has-inline-color has-ast-global-color-8-color\">d\u00e9montre notre compr\u00e9hension et notre aptitude \u00e0 mettre en \u0153uvre les techniques apprises<\/mark> lors de la formation. Le contenu et la forme de l&rsquo;\u00e9valuation pratique sont choisis par l\u2019 \u00ab&nbsp;Enseignant(e) en PNL, <mark style=\"background-color:rgba(0, 0, 0, 0)\" class=\"has-inline-color has-black-color\">agr\u00e9\u00e9(e) CFTBC et IN<\/mark>&nbsp;\u00bb et sont adapt\u00e9s aux exp\u00e9riences pertinentes des participants. L\u2019\u00e9valuation se fait tout au long de la formation, l\u2019enseignant \u00e9non\u00e7ant \u00e0 chaque stagiaire les points \u00e0 am\u00e9liorer pour se faire valider. La pratique est valid\u00e9e d\u00e8s lors que le stagiaire <mark style=\"background-color:rgba(0, 0, 0, 0)\" class=\"has-inline-color has-ast-global-color-8-color\">montre sa compr\u00e9hension et sa ma\u00eetrise des apprentissages<\/mark> du \u00ab&nbsp;<mark style=\"background-color:rgba(0, 0, 0, 0);color:#6db4d9\" class=\"has-inline-color\"><strong>Technicien(ne) en PNL<\/strong><\/mark>&nbsp;\u00bb.<\/li>\n<\/ul>\n<\/div><\/div>\n\n\n\n<div class=\"wp-block-group\" style=\"padding-top:var(--wp--preset--spacing--30);padding-right:var(--wp--preset--spacing--20);padding-bottom:var(--wp--preset--spacing--20);padding-left:var(--wp--preset--spacing--20);line-height:2.5\"><div class=\"wp-block-group__inner-container is-layout-constrained wp-container-core-group-is-layout-3cffb8f4 wp-block-group-is-layout-constrained\">\n<div class=\"wp-block-group\"><div class=\"wp-block-group__inner-container is-layout-constrained wp-block-group-is-layout-constrained\">\n<h4 class=\"wp-block-heading alignfull\" style=\"line-height:1.2\">Pour obtenir plus d\u2019informations, veuillez contacter le <strong>Centre de Formation en Th\u00e9rapies Br\u00e8ves et Cognitives<\/strong>&nbsp;:<\/h4>\n\n\n\n<ul class=\"wp-block-list\" style=\"line-height:1.2\">\n<li><a href=\"https:\/\/cftbc.com\/index.php\/formulaire-de-contact\/\" data-type=\"page\" data-id=\"1679\">conctact@cftbc.com<\/a><\/li>\n<\/ul>\n<\/div><\/div>\n<\/div><\/div>\n","protected":false},"excerpt":{"rendered":"<p>Contenu du Technicien(ne) en PNL Dur\u00e9e et d\u00e9roulement de la formation de \u00ab&nbsp;Technicien(ne) en PNL&nbsp;\u00bb : Comp\u00e9tences \u00e0 acqu\u00e9rir en communication PNL : Contenu du&hellip;<\/p>\n","protected":false},"author":1,"featured_media":0,"parent":0,"menu_order":0,"comment_status":"closed","ping_status":"closed","template":"","meta":{"footnotes":""},"class_list":["post-35","page","type-page","status-publish","hentry"],"yoast_head":"<!-- This site is optimized with the Yoast SEO plugin v20.1 - https:\/\/yoast.com\/wordpress\/plugins\/seo\/ -->\n<title>Technicien(ne) en PNL - Contenu<\/title>\n<meta name=\"description\" content=\"Voici les informations de la formation de Technicien(ne) en PNL, le contenu des diff\u00e9rents apprentissages...\" \/>\n<meta name=\"robots\" content=\"index, follow, max-snippet:-1, max-image-preview:large, max-video-preview:-1\" \/>\n<link rel=\"canonical\" href=\"https:\/\/cftbc.com\/index.php\/contenu-du-technicienne-en-pnl\/\" \/>\n<meta property=\"og:locale\" content=\"fr_FR\" \/>\n<meta property=\"og:type\" content=\"article\" \/>\n<meta property=\"og:title\" content=\"Technicien(ne) en PNL - Contenu\" \/>\n<meta property=\"og:description\" content=\"Voici les informations de la formation de Technicien(ne) en PNL, le contenu des diff\u00e9rents apprentissages...\" \/>\n<meta property=\"og:url\" content=\"https:\/\/cftbc.com\/index.php\/contenu-du-technicienne-en-pnl\/\" \/>\n<meta property=\"og:site_name\" content=\"Centre de Formation en Th\u00e9rapies Br\u00e8ves et Cognitives\" \/>\n<meta property=\"article:modified_time\" content=\"2023-06-04T14:01:02+00:00\" \/>\n<meta property=\"og:image\" content=\"https:\/\/cftbc.com\/wp-content\/uploads\/2023\/01\/pexels-digital-buggu-171198-scaled.jpg\" \/>\n<meta name=\"twitter:card\" content=\"summary_large_image\" \/>\n<meta name=\"twitter:label1\" content=\"Dur\u00e9e de lecture estim\u00e9e\" \/>\n\t<meta name=\"twitter:data1\" content=\"3 minutes\" \/>\n<script type=\"application\/ld+json\" class=\"yoast-schema-graph\">{\"@context\":\"https:\/\/schema.org\",\"@graph\":[{\"@type\":\"WebPage\",\"@id\":\"https:\/\/cftbc.com\/index.php\/contenu-du-technicienne-en-pnl\/\",\"url\":\"https:\/\/cftbc.com\/index.php\/contenu-du-technicienne-en-pnl\/\",\"name\":\"Technicien(ne) en PNL - Contenu\",\"isPartOf\":{\"@id\":\"https:\/\/cftbc.com\/#website\"},\"datePublished\":\"2022-12-15T16:03:04+00:00\",\"dateModified\":\"2023-06-04T14:01:02+00:00\",\"description\":\"Voici les informations de la formation de Technicien(ne) en PNL, le contenu des diff\u00e9rents apprentissages...\",\"breadcrumb\":{\"@id\":\"https:\/\/cftbc.com\/index.php\/contenu-du-technicienne-en-pnl\/#breadcrumb\"},\"inLanguage\":\"fr-FR\",\"potentialAction\":[{\"@type\":\"ReadAction\",\"target\":[\"https:\/\/cftbc.com\/index.php\/contenu-du-technicienne-en-pnl\/\"]}]},{\"@type\":\"BreadcrumbList\",\"@id\":\"https:\/\/cftbc.com\/index.php\/contenu-du-technicienne-en-pnl\/#breadcrumb\",\"itemListElement\":[{\"@type\":\"ListItem\",\"position\":1,\"name\":\"Accueil\",\"item\":\"https:\/\/cftbc.com\/\"},{\"@type\":\"ListItem\",\"position\":2,\"name\":\"Contenu du Technicien(ne) en PNL\"}]},{\"@type\":\"WebSite\",\"@id\":\"https:\/\/cftbc.com\/#website\",\"url\":\"https:\/\/cftbc.com\/\",\"name\":\"Centre de Formation en Th\u00e9rapies Br\u00e8ves et Cognitives\",\"description\":\"Soyez l&#039;acteur du changement !\",\"publisher\":{\"@id\":\"https:\/\/cftbc.com\/#organization\"},\"potentialAction\":[{\"@type\":\"SearchAction\",\"target\":{\"@type\":\"EntryPoint\",\"urlTemplate\":\"https:\/\/cftbc.com\/?s={search_term_string}\"},\"query-input\":\"required name=search_term_string\"}],\"inLanguage\":\"fr-FR\"},{\"@type\":\"Organization\",\"@id\":\"https:\/\/cftbc.com\/#organization\",\"name\":\"Centre de Formation en Th\u00e9rapies Br\u00e8ves et Cognitives\",\"url\":\"https:\/\/cftbc.com\/\",\"logo\":{\"@type\":\"ImageObject\",\"inLanguage\":\"fr-FR\",\"@id\":\"https:\/\/cftbc.com\/#\/schema\/logo\/image\/\",\"url\":\"https:\/\/cftbc.com\/wp-content\/uploads\/2022\/12\/centre-de-formation-de-therapie1-scaled.jpg\",\"contentUrl\":\"https:\/\/cftbc.com\/wp-content\/uploads\/2022\/12\/centre-de-formation-de-therapie1-scaled.jpg\",\"width\":2238,\"height\":2560,\"caption\":\"Centre de Formation en Th\u00e9rapies Br\u00e8ves et Cognitives\"},\"image\":{\"@id\":\"https:\/\/cftbc.com\/#\/schema\/logo\/image\/\"}}]}<\/script>\n<!-- \/ Yoast SEO plugin. -->","yoast_head_json":{"title":"Technicien(ne) en PNL - Contenu","description":"Voici les informations de la formation de Technicien(ne) en PNL, le contenu des diff\u00e9rents apprentissages...","robots":{"index":"index","follow":"follow","max-snippet":"max-snippet:-1","max-image-preview":"max-image-preview:large","max-video-preview":"max-video-preview:-1"},"canonical":"https:\/\/cftbc.com\/index.php\/contenu-du-technicienne-en-pnl\/","og_locale":"fr_FR","og_type":"article","og_title":"Technicien(ne) en PNL - Contenu","og_description":"Voici les informations de la formation de Technicien(ne) en PNL, le contenu des diff\u00e9rents apprentissages...","og_url":"https:\/\/cftbc.com\/index.php\/contenu-du-technicienne-en-pnl\/","og_site_name":"Centre de Formation en Th\u00e9rapies Br\u00e8ves et Cognitives","article_modified_time":"2023-06-04T14:01:02+00:00","og_image":[{"url":"https:\/\/cftbc.com\/wp-content\/uploads\/2023\/01\/pexels-digital-buggu-171198-scaled.jpg"}],"twitter_card":"summary_large_image","twitter_misc":{"Dur\u00e9e de lecture estim\u00e9e":"3 minutes"},"schema":{"@context":"https:\/\/schema.org","@graph":[{"@type":"WebPage","@id":"https:\/\/cftbc.com\/index.php\/contenu-du-technicienne-en-pnl\/","url":"https:\/\/cftbc.com\/index.php\/contenu-du-technicienne-en-pnl\/","name":"Technicien(ne) en PNL - Contenu","isPartOf":{"@id":"https:\/\/cftbc.com\/#website"},"datePublished":"2022-12-15T16:03:04+00:00","dateModified":"2023-06-04T14:01:02+00:00","description":"Voici les informations de la formation de Technicien(ne) en PNL, le contenu des diff\u00e9rents apprentissages...","breadcrumb":{"@id":"https:\/\/cftbc.com\/index.php\/contenu-du-technicienne-en-pnl\/#breadcrumb"},"inLanguage":"fr-FR","potentialAction":[{"@type":"ReadAction","target":["https:\/\/cftbc.com\/index.php\/contenu-du-technicienne-en-pnl\/"]}]},{"@type":"BreadcrumbList","@id":"https:\/\/cftbc.com\/index.php\/contenu-du-technicienne-en-pnl\/#breadcrumb","itemListElement":[{"@type":"ListItem","position":1,"name":"Accueil","item":"https:\/\/cftbc.com\/"},{"@type":"ListItem","position":2,"name":"Contenu du Technicien(ne) en PNL"}]},{"@type":"WebSite","@id":"https:\/\/cftbc.com\/#website","url":"https:\/\/cftbc.com\/","name":"Centre de Formation en Th\u00e9rapies Br\u00e8ves et Cognitives","description":"Soyez l&#039;acteur du changement !","publisher":{"@id":"https:\/\/cftbc.com\/#organization"},"potentialAction":[{"@type":"SearchAction","target":{"@type":"EntryPoint","urlTemplate":"https:\/\/cftbc.com\/?s={search_term_string}"},"query-input":"required name=search_term_string"}],"inLanguage":"fr-FR"},{"@type":"Organization","@id":"https:\/\/cftbc.com\/#organization","name":"Centre de Formation en Th\u00e9rapies Br\u00e8ves et Cognitives","url":"https:\/\/cftbc.com\/","logo":{"@type":"ImageObject","inLanguage":"fr-FR","@id":"https:\/\/cftbc.com\/#\/schema\/logo\/image\/","url":"https:\/\/cftbc.com\/wp-content\/uploads\/2022\/12\/centre-de-formation-de-therapie1-scaled.jpg","contentUrl":"https:\/\/cftbc.com\/wp-content\/uploads\/2022\/12\/centre-de-formation-de-therapie1-scaled.jpg","width":2238,"height":2560,"caption":"Centre de Formation en Th\u00e9rapies Br\u00e8ves et Cognitives"},"image":{"@id":"https:\/\/cftbc.com\/#\/schema\/logo\/image\/"}}]}},"_links":{"self":[{"href":"https:\/\/cftbc.com\/index.php\/wp-json\/wp\/v2\/pages\/35","targetHints":{"allow":["GET"]}}],"collection":[{"href":"https:\/\/cftbc.com\/index.php\/wp-json\/wp\/v2\/pages"}],"about":[{"href":"https:\/\/cftbc.com\/index.php\/wp-json\/wp\/v2\/types\/page"}],"author":[{"embeddable":true,"href":"https:\/\/cftbc.com\/index.php\/wp-json\/wp\/v2\/users\/1"}],"replies":[{"embeddable":true,"href":"https:\/\/cftbc.com\/index.php\/wp-json\/wp\/v2\/comments?post=35"}],"version-history":[{"count":46,"href":"https:\/\/cftbc.com\/index.php\/wp-json\/wp\/v2\/pages\/35\/revisions"}],"predecessor-version":[{"id":2078,"href":"https:\/\/cftbc.com\/index.php\/wp-json\/wp\/v2\/pages\/35\/revisions\/2078"}],"wp:attachment":[{"href":"https:\/\/cftbc.com\/index.php\/wp-json\/wp\/v2\/media?parent=35"}],"curies":[{"name":"wp","href":"https:\/\/api.w.org\/{rel}","templated":true}]}}