{"id":28,"date":"2022-12-15T16:59:42","date_gmt":"2022-12-15T15:59:42","guid":{"rendered":"http:\/\/localhost\/wordpress\/?page_id=28"},"modified":"2023-06-04T15:51:47","modified_gmt":"2023-06-04T13:51:47","slug":"contenu-du-praticien-en-hypnose-ericksonienne","status":"publish","type":"page","link":"https:\/\/cftbc.com\/index.php\/contenu-du-praticien-en-hypnose-ericksonienne\/","title":{"rendered":"Contenu du Praticien(ne) en Hypnose Ericksonienne"},"content":{"rendered":"\n<div class=\"wp-block-cover alignfull has-custom-content-position is-position-bottom-left\"><span aria-hidden=\"true\" class=\"wp-block-cover__background has-background-dim-40 has-background-dim\"><\/span><img loading=\"lazy\" decoding=\"async\" width=\"1708\" height=\"787\" class=\"wp-block-cover__image-background wp-image-610\" alt=\"Praticien Hypnose\" src=\"https:\/\/cftbc.com\/wp-content\/uploads\/2023\/02\/pexels-inchs-67025556-scaled-e1676734962707.jpg\" data-object-fit=\"cover\" srcset=\"https:\/\/cftbc.com\/wp-content\/uploads\/2023\/02\/pexels-inchs-67025556-scaled-e1676734962707.jpg 1708w, https:\/\/cftbc.com\/wp-content\/uploads\/2023\/02\/pexels-inchs-67025556-scaled-e1676734962707-600x276.jpg 600w, https:\/\/cftbc.com\/wp-content\/uploads\/2023\/02\/pexels-inchs-67025556-scaled-e1676734962707-300x138.jpg 300w, https:\/\/cftbc.com\/wp-content\/uploads\/2023\/02\/pexels-inchs-67025556-scaled-e1676734962707-1024x472.jpg 1024w, https:\/\/cftbc.com\/wp-content\/uploads\/2023\/02\/pexels-inchs-67025556-scaled-e1676734962707-768x354.jpg 768w, https:\/\/cftbc.com\/wp-content\/uploads\/2023\/02\/pexels-inchs-67025556-scaled-e1676734962707-1536x708.jpg 1536w\" sizes=\"auto, (max-width: 1708px) 100vw, 1708px\" \/><div class=\"wp-block-cover__inner-container is-layout-flow wp-block-cover-is-layout-flow\">\n<h2 class=\"wp-block-heading\" style=\"font-size:45px\"><strong>Contenu de Formation<\/strong><\/h2>\n<\/div><\/div>\n\n\n\n<h3 class=\"wp-block-heading alignfull\" style=\"margin-top:var(--wp--preset--spacing--30);margin-right:0;margin-left:0;font-size:30px\"><mark style=\"background-color:rgba(0, 0, 0, 0);color:#0f8714\" class=\"has-inline-color\"><strong>Praticien(ne) en Hypnose Ericksonienne<\/strong><\/mark><\/h3>\n\n\n\n<div class=\"wp-block-group\" style=\"padding-top:var(--wp--preset--spacing--20);padding-right:var(--wp--preset--spacing--20);padding-bottom:var(--wp--preset--spacing--20);padding-left:var(--wp--preset--spacing--20)\"><div class=\"wp-block-group__inner-container is-layout-constrained wp-container-core-group-is-layout-3dcb7627 wp-block-group-is-layout-constrained\">\n<h4 class=\"wp-block-heading alignfull\"><strong>Dur\u00e9e et d\u00e9roulement de la formation de <\/strong>\u00ab\u00a0<strong><mark style=\"background-color:rgba(0, 0, 0, 0);color:#267621\" class=\"has-inline-color\">Praticien(ne) en Hypnose Ericksonienne <\/mark><mark style=\"background-color:rgba(0, 0, 0, 0)\" class=\"has-inline-color has-black-color\">\u00ab\u00a0:<\/mark><\/strong><\/h4>\n\n\n\n<ul class=\"wp-block-list\" style=\"line-height:1.2\">\n<li><mark style=\"background-color:rgba(0, 0, 0, 0)\" class=\"has-inline-color has-ast-global-color-8-color\">Un minimum de <strong>60 heures<\/strong><\/mark> de formation en pr\u00e9sentiel sur <mark style=\"background-color:rgba(0, 0, 0, 0)\" class=\"has-inline-color has-ast-global-color-8-color\">un minimum de <strong>8 jours<\/strong><\/mark>, tests compris.<\/li>\n\n\n\n<li>Un(e) \u00ab\u00a0Enseignant(e) en Hypnose Ericksonienne, <mark style=\"background-color:rgba(0, 0, 0, 0)\" class=\"has-inline-color has-ast-global-color-8-color\">agr\u00e9\u00e9 CFTBC, WHO et FFHTB<\/mark> \u00bb, dispensera la formation.<\/li>\n<\/ul>\n<\/div><\/div>\n\n\n\n<div class=\"wp-block-group\" style=\"border-style:none;border-width:0px;border-radius:0px;padding-top:var(--wp--preset--spacing--20);padding-right:var(--wp--preset--spacing--20);padding-bottom:var(--wp--preset--spacing--20);padding-left:var(--wp--preset--spacing--20)\"><div class=\"wp-block-group__inner-container is-layout-constrained wp-container-core-group-is-layout-11bed739 wp-block-group-is-layout-constrained\">\n<h4 class=\"wp-block-heading alignfull\" style=\"line-height:2.5\"><strong>Comp\u00e9tences \u00e0 acqu\u00e9rir en <mark style=\"background-color:rgba(0, 0, 0, 0)\" class=\"has-inline-color has-ast-global-color-8-color\">communication Ericksonienne <\/mark>:<\/strong><\/h4>\n\n\n\n<ul class=\"wp-block-list\" style=\"line-height:1.2\">\n<li><mark style=\"background-color:rgba(0, 0, 0, 0)\" class=\"has-inline-color has-black-color\">M<\/mark><mark style=\"background-color:rgba(0, 0, 0, 0)\" class=\"has-inline-color has-ast-global-color-8-color\">a\u00eetriser les principes fondamentaux<\/mark> de l\u2019Hypnose Ericksonienne .<\/li>\n\n\n\n<li><mark style=\"background-color:rgba(0, 0, 0, 0)\" class=\"has-inline-color has-black-color\">M<\/mark><mark style=\"background-color:rgba(0, 0, 0, 0)\" class=\"has-inline-color has-ast-global-color-8-color\">a\u00eetriser <\/mark>les contenus de base, les comp\u00e9tences, les techniques, les mod\u00e8les, les m\u00e9thodes et les concepts de l\u2019Hypnose Ericksonienne, <mark style=\"background-color:rgba(0, 0, 0, 0)\" class=\"has-inline-color has-ast-global-color-8-color\">dans le domaine de l&rsquo;autogestion, des langages et de l\u2019atteinte des objectifs.<\/mark><\/li>\n\n\n\n<li>Les capacit\u00e9s fondamentales d&rsquo;un(e) \u00ab <mark style=\"background-color:rgba(0, 0, 0, 0);color:#2e8230\" class=\"has-inline-color\"><strong>Praticien(ne) en Hypnose Ericksonienne<\/strong><\/mark> \u00bb sont la <mark style=\"background-color:rgba(0, 0, 0, 0)\" class=\"has-inline-color has-ast-global-color-8-color\">ma\u00eetrise du rapport, de la flexibilit\u00e9 et de la capacit\u00e9 \u00e0 suivre une approche \u00e9cologique<\/mark> ax\u00e9e sur l\u2019exploitation adapt\u00e9e des ressources.<\/li>\n\n\n\n<li><mark style=\"background-color:rgba(0, 0, 0, 0)\" class=\"has-inline-color has-ast-global-color-8-color\">Comprendre les implications <\/mark>associ\u00e9es aux <mark style=\"background-color:rgba(0, 0, 0, 0)\" class=\"has-inline-color has-ast-global-color-8-color\">exp\u00e9riences subjectives.<\/mark><\/li>\n<\/ul>\n<\/div><\/div>\n\n\n\n<div class=\"wp-block-group\" style=\"padding-top:var(--wp--preset--spacing--20);padding-right:var(--wp--preset--spacing--20);padding-bottom:var(--wp--preset--spacing--20);padding-left:var(--wp--preset--spacing--20);line-height:1.2\"><div class=\"wp-block-group__inner-container is-layout-constrained wp-container-core-group-is-layout-9b7a50ae wp-block-group-is-layout-constrained\">\n<h4 class=\"wp-block-heading alignfull\" style=\"line-height:2.5\"><strong>Contenu de la formation :<\/strong><\/h4>\n\n\n\n<ul class=\"wp-block-list\">\n<li><mark style=\"background-color:rgba(0, 0, 0, 0)\" class=\"has-inline-color has-ast-global-color-8-color\">Mod\u00e8les de langage avanc\u00e9s\u00a0<\/mark>: g\u00e9n\u00e9ralisations, omissions, distorsions<\/li>\n\n\n\n<li>Approfondissement de la transe<\/li>\n\n\n\n<li><mark style=\"background-color:rgba(0, 0, 0, 0)\" class=\"has-inline-color has-ast-global-color-8-color\">Diff\u00e9rents types de m\u00e9taphores<\/mark>\u00a0: histoires, comparaisons, proverbes, anecdotes, contes, arch\u00e9types<\/li>\n\n\n\n<li>M\u00e9taphore Ericksonienne<\/li>\n\n\n\n<li>M\u00e9taphore Isomorphique<\/li>\n\n\n\n<li>Construire une m\u00e9taphore<\/li>\n\n\n\n<li>M\u00e9taphore&nbsp;: diff\u00e9rents protocoles<\/li>\n\n\n\n<li>Recadrage en transe<\/li>\n\n\n\n<li><mark style=\"background-color:rgba(0, 0, 0, 0)\" class=\"has-inline-color has-ast-global-color-8-color\">Le temps\u00a0<\/mark>: Pseudo-orientation dans le temps, distorsion du temps, r\u00e9gression en \u00e2ge, futurisation<\/li>\n\n\n\n<li>Am\u00e9liorer l\u2019estime de soi<\/li>\n\n\n\n<li><mark style=\"background-color:rgba(0, 0, 0, 0)\" class=\"has-inline-color has-ast-global-color-8-color\">G\u00e9rer un traumatisme\u00a0<\/mark>: analyse, gestion et applications<\/li>\n\n\n\n<li><mark style=\"background-color:rgba(0, 0, 0, 0)\" class=\"has-inline-color has-ast-global-color-8-color\">G\u00e9rer la douleur\u00a0<\/mark>: analyse, gestion et applications<\/li>\n\n\n\n<li>R\u00e9flexions autour des applications de l\u2019hypnose en tant qu\u2019hypnotiseur et en tant que client<\/li>\n<\/ul>\n<\/div><\/div>\n\n\n\n<div class=\"wp-block-group\" style=\"padding-top:var(--wp--preset--spacing--20);padding-right:var(--wp--preset--spacing--20);padding-bottom:var(--wp--preset--spacing--20);padding-left:var(--wp--preset--spacing--20);line-height:1.2\"><div class=\"wp-block-group__inner-container is-layout-constrained wp-container-core-group-is-layout-9b7a50ae wp-block-group-is-layout-constrained\">\n<h4 class=\"wp-block-heading alignfull\" style=\"line-height:2.5\"><strong>Pr\u00e9requis obligatoire&nbsp;:<\/strong><\/h4>\n\n\n\n<ul class=\"wp-block-list\">\n<li>La validation de la formation \u00ab&nbsp;<a rel=\"noreferrer noopener\" href=\"https:\/\/cftbc.com\/index.php\/contenu-du-technicienne-en-hypnose-ericksonienne\/\" target=\"_blank\"><mark style=\"background-color:rgba(0, 0, 0, 0);color:#59b151\" class=\"has-inline-color\"><strong>Technicien(ne) en Hypnose Ericksonienne<\/strong><\/mark><\/a><mark style=\"background-color:rgba(0, 0, 0, 0);color:#5cb454\" class=\"has-inline-color\"> <\/mark>&nbsp;\u00bb est le pr\u00e9requis obligatoire pour s\u2019inscrire \u00e0 la <strong>formation certifiante de \u00ab&nbsp;<mark style=\"background-color:rgba(0, 0, 0, 0);color:#257321\" class=\"has-inline-color\">Praticien(ne) en Hypnose Ericksonienne&nbsp;<\/mark>\u00bb, <\/strong>\u00e9tape suivante.<\/li>\n\n\n\n<li>La validation de la formation \u00ab&nbsp;<strong><mark style=\"background-color:rgba(0, 0, 0, 0);color:#387930\" class=\"has-inline-color\">Praticien(ne) en Hypnose Ericksonienne<\/mark><\/strong> &nbsp;\u00bb est le pr\u00e9requis obligatoire pour s\u2019inscrire \u00e0 la <strong>formation certifiante de \u00ab&nbsp;<a rel=\"noreferrer noopener\" href=\"https:\/\/cftbc.com\/index.php\/contenu-maitre-praticienne-en-hypnose-ericksonienne\/\" data-type=\"page\" data-id=\"16\" target=\"_blank\"><mark style=\"background-color:rgba(0, 0, 0, 0);color:#125411\" class=\"has-inline-color\">Ma\u00eetre-Praticien(ne) en Hypnose Ericksonienne<\/mark><\/a><mark style=\"background-color:rgba(0, 0, 0, 0);color:#1c4f1b\" class=\"has-inline-color\">&nbsp;<\/mark>\u00bb, <\/strong>\u00e9tape suivante.<\/li>\n<\/ul>\n<\/div><\/div>\n\n\n\n<div class=\"wp-block-group\" style=\"padding-top:var(--wp--preset--spacing--20);padding-right:var(--wp--preset--spacing--20);padding-bottom:var(--wp--preset--spacing--20);padding-left:var(--wp--preset--spacing--20)\"><div class=\"wp-block-group__inner-container is-layout-constrained wp-container-core-group-is-layout-9b7a50ae wp-block-group-is-layout-constrained\">\n<h4 class=\"wp-block-heading alignfull\" style=\"line-height:2.5\"><strong>Validation du \u00ab&nbsp;<mark style=\"background-color:rgba(0, 0, 0, 0);color:#287b28\" class=\"has-inline-color\">Praticien en Hypnose Ericksonienne<\/mark>&nbsp;\u00bb&nbsp;:<\/strong><\/h4>\n\n\n\n<p style=\"line-height:1.2\">La validation de la formation est conditionn\u00e9e par la r\u00e9ussite aux \u00e9valuations \u00e9crites et pratiques :<\/p>\n\n\n\n<ul class=\"wp-block-list\" style=\"margin-top:var(--wp--preset--spacing--30);margin-right:var(--wp--preset--spacing--30);margin-bottom:var(--wp--preset--spacing--30);margin-left:var(--wp--preset--spacing--30);line-height:1.2\">\n<li>Un test \u00e9crit obligatoire \u00e9value l&rsquo;<mark style=\"background-color:rgba(0, 0, 0, 0)\" class=\"has-inline-color has-ast-global-color-8-color\"><strong>int\u00e9gration des apprentissages<\/strong> <\/mark>contenus dans la formation \u00ab <strong><a data-type=\"URL\" data-id=\"https:\/\/cftbc.com\/index.php\/contenu-du-technicienne-en-hypnose-ericksonienne\/\" href=\"https:\/\/cftbc.com\/index.php\/contenu-du-technicienne-en-hypnose-ericksonienne\/\" target=\"_blank\" rel=\"noreferrer noopener\"><mark style=\"background-color:rgba(0, 0, 0, 0);color:#5bae5a\" class=\"has-inline-color\">Technicien(ne) en Hypnose Ericksonienne<\/mark><\/a> <\/strong>\u00bb et \u00ab\u00a0<mark style=\"background-color:rgba(0, 0, 0, 0);color:#307f28\" class=\"has-inline-color\"><strong>Praticien(ne) en Hypnose Ericksonienne<\/strong><\/mark>\u00a0\u00bb. L\u2019 \u00ab Enseignant(e) en Hypnose Ericksonienne, <mark style=\"background-color:rgba(0, 0, 0, 0)\" class=\"has-inline-color has-black-color\">agr\u00e9\u00e9(e) CFTBC, WHO et FFHTB<\/mark> \u00bb, choisit soigneusement le contenu et la forme de l&rsquo;\u00e9valuation \u00e9crite. Le test \u00e9crit est valid\u00e9 si le stagiaire obtient au moins 80% de bonnes r\u00e9ponses.<\/li>\n\n\n\n<li>L\u2019\u00c9valuation pratique obligatoire <strong><mark style=\"background-color:rgba(0, 0, 0, 0)\" class=\"has-inline-color has-ast-global-color-8-color\">d\u00e9montre notre compr\u00e9hension et notre aptitude \u00e0 mettre en \u0153uvre les techniques apprises<\/mark><\/strong> lors de la formation. L\u2019\u00ab\u00a0Enseignant(e) en Hypnose Ericksonienne, <mark style=\"background-color:rgba(0, 0, 0, 0)\" class=\"has-inline-color has-black-color\">agr\u00e9\u00e9(e) CFTBC, WHO et FFHTB\u00a0<\/mark>\u00bb, choisit \u00e9galement le contenu et la forme de l&rsquo;\u00e9valuation pratique. L\u2019\u00e9valuation se fait tout au long de la formation, l\u2019enseignant \u00e9non\u00e7ant \u00e0 chaque stagiaire les points \u00e0 am\u00e9liorer pour se faire valider. La pratique est valid\u00e9e lorsque le stagiaire <mark style=\"background-color:rgba(0, 0, 0, 0)\" class=\"has-inline-color has-ast-global-color-8-color\">montre <\/mark>une<mark style=\"background-color:rgba(0, 0, 0, 0)\" class=\"has-inline-color has-ast-global-color-8-color\"> <strong>compr\u00e9hension<\/strong> et <\/mark>une<mark style=\"background-color:rgba(0, 0, 0, 0)\" class=\"has-inline-color has-ast-global-color-8-color\"> <strong>ma\u00eetrise des apprentissages.<\/strong><\/mark> Ses apprentissages sont issus<mark style=\"background-color:rgba(0, 0, 0, 0)\" class=\"has-inline-color has-ast-global-color-8-color\"><strong> <\/strong><\/mark>du \u00ab<a data-type=\"URL\" data-id=\"https:\/\/cftbc.com\/index.php\/contenu-du-technicienne-en-hypnose-ericksonienne\/(ouvre un nouvel onglet)\" href=\"https:\/\/cftbc.com\/index.php\/contenu-du-technicienne-en-hypnose-ericksonienne\/(ouvre un nouvel onglet)\" target=\"_blank\" rel=\"noreferrer noopener\">\u00a0<\/a><a data-type=\"URL\" data-id=\"https:\/\/cftbc.com\/index.php\/contenu-du-technicienne-en-hypnose-ericksonienne\/\" href=\"https:\/\/cftbc.com\/index.php\/contenu-du-technicienne-en-hypnose-ericksonienne\/\" target=\"_blank\" rel=\"noreferrer noopener\"><mark style=\"background-color:rgba(0, 0, 0, 0);color:#66bd5c\" class=\"has-inline-color\"><strong>Technicien(ne) en Hypnose Ericksonienne<\/strong><\/mark><\/a><mark style=\"background-color:rgba(0, 0, 0, 0);color:#69c060\" class=\"has-inline-color\"><a data-type=\"URL\" data-id=\"https:\/\/cftbc.com\/index.php\/contenu-du-technicienne-en-hypnose-ericksonienne\/(ouvre un nouvel onglet)\" href=\"https:\/\/cftbc.com\/index.php\/contenu-du-technicienne-en-hypnose-ericksonienne\/(ouvre un nouvel onglet)\" target=\"_blank\" rel=\"noreferrer noopener\">\u00a0<\/a><\/mark>\u00bb et du \u00ab\u00a0<mark style=\"background-color:rgba(0, 0, 0, 0);color:#2a812b\" class=\"has-inline-color\"><strong>Praticien(ne) en Hypnose Ericksonienne<\/strong><\/mark>\u00a0\u00bb.<\/li>\n<\/ul>\n\n\n\n<p class=\"has-text-align-justify\" style=\"margin-top:0;margin-right:0;margin-bottom:0;margin-left:0;line-height:1.2\">Quand toutes les \u00e9valuations sont valid\u00e9es, le\/la stagiaire obtiendra un certificat nominatif de \u00ab\u00a0<mark style=\"background-color:rgba(0, 0, 0, 0);color:#237125\" class=\"has-inline-color\"><strong>Praticien(ne) en Hypnose Ericksonienne<\/strong><\/mark>\u00a0\u00bb, <mark style=\"background-color:rgba(0, 0, 0, 0)\" class=\"has-inline-color has-black-color\">certifi\u00e9(e) CFTBC<\/mark>.<\/p>\n<\/div><\/div>\n\n\n\n<div class=\"wp-block-group\" style=\"padding-top:var(--wp--preset--spacing--30);padding-right:var(--wp--preset--spacing--20);padding-bottom:var(--wp--preset--spacing--20);padding-left:var(--wp--preset--spacing--20);line-height:2.5\"><div class=\"wp-block-group__inner-container is-layout-constrained wp-container-core-group-is-layout-3cffb8f4 wp-block-group-is-layout-constrained\">\n<div class=\"wp-block-group\"><div class=\"wp-block-group__inner-container is-layout-constrained wp-block-group-is-layout-constrained\">\n<h4 class=\"wp-block-heading alignfull\" style=\"line-height:1.2\">Pour obtenir plus d\u2019informations, veuillez contacter le <strong>Centre de Formation en Th\u00e9rapies Br\u00e8ves et Cognitives<\/strong>&nbsp;:<\/h4>\n\n\n\n<ul class=\"wp-block-list\" style=\"line-height:1.2\">\n<li><a href=\"https:\/\/cftbc.com\/index.php\/formulaire-de-contact\/\" data-type=\"page\" data-id=\"1679\">conctact@cftbc.com<\/a><\/li>\n<\/ul>\n<\/div><\/div>\n<\/div><\/div>\n","protected":false},"excerpt":{"rendered":"<p>Praticien(ne) en Hypnose Ericksonienne Dur\u00e9e et d\u00e9roulement de la formation de \u00ab\u00a0Praticien(ne) en Hypnose Ericksonienne \u00ab\u00a0: Comp\u00e9tences \u00e0 acqu\u00e9rir en communication Ericksonienne : Contenu de&hellip;<\/p>\n","protected":false},"author":1,"featured_media":0,"parent":0,"menu_order":0,"comment_status":"closed","ping_status":"closed","template":"","meta":{"footnotes":""},"class_list":["post-28","page","type-page","status-publish","hentry"],"yoast_head":"<!-- This site is optimized with the Yoast SEO plugin v20.1 - https:\/\/yoast.com\/wordpress\/plugins\/seo\/ -->\n<title>Le CFTBC - Praticien(ne) en Hypnose<\/title>\n<meta name=\"description\" content=\"Le CFTBC vous propose une formation de Praticien(ne) en Hypnose particuli\u00e8rement ax\u00e9e sur la pratique, dont voici le contenu...\" \/>\n<meta name=\"robots\" content=\"index, follow, max-snippet:-1, max-image-preview:large, max-video-preview:-1\" \/>\n<link rel=\"canonical\" href=\"https:\/\/cftbc.com\/index.php\/contenu-du-praticien-en-hypnose-ericksonienne\/\" \/>\n<meta property=\"og:locale\" content=\"fr_FR\" \/>\n<meta property=\"og:type\" content=\"article\" \/>\n<meta property=\"og:title\" content=\"Le CFTBC - Praticien(ne) en Hypnose\" \/>\n<meta property=\"og:description\" content=\"Le CFTBC vous propose une formation de Praticien(ne) en Hypnose particuli\u00e8rement ax\u00e9e sur la pratique, dont voici le contenu...\" \/>\n<meta property=\"og:url\" content=\"https:\/\/cftbc.com\/index.php\/contenu-du-praticien-en-hypnose-ericksonienne\/\" \/>\n<meta property=\"og:site_name\" content=\"Centre de Formation en Th\u00e9rapies Br\u00e8ves et Cognitives\" \/>\n<meta property=\"article:modified_time\" content=\"2023-06-04T13:51:47+00:00\" \/>\n<meta property=\"og:image\" content=\"https:\/\/cftbc.com\/wp-content\/uploads\/2023\/02\/pexels-inchs-67025556-scaled-e1676734962707.jpg\" \/>\n<meta name=\"twitter:card\" content=\"summary_large_image\" \/>\n<meta name=\"twitter:label1\" content=\"Dur\u00e9e de lecture estim\u00e9e\" \/>\n\t<meta name=\"twitter:data1\" content=\"3 minutes\" \/>\n<script type=\"application\/ld+json\" class=\"yoast-schema-graph\">{\"@context\":\"https:\/\/schema.org\",\"@graph\":[{\"@type\":\"WebPage\",\"@id\":\"https:\/\/cftbc.com\/index.php\/contenu-du-praticien-en-hypnose-ericksonienne\/\",\"url\":\"https:\/\/cftbc.com\/index.php\/contenu-du-praticien-en-hypnose-ericksonienne\/\",\"name\":\"Le CFTBC - Praticien(ne) en Hypnose\",\"isPartOf\":{\"@id\":\"https:\/\/cftbc.com\/#website\"},\"datePublished\":\"2022-12-15T15:59:42+00:00\",\"dateModified\":\"2023-06-04T13:51:47+00:00\",\"description\":\"Le CFTBC vous propose une formation de Praticien(ne) en Hypnose particuli\u00e8rement ax\u00e9e sur la pratique, dont voici le contenu...\",\"breadcrumb\":{\"@id\":\"https:\/\/cftbc.com\/index.php\/contenu-du-praticien-en-hypnose-ericksonienne\/#breadcrumb\"},\"inLanguage\":\"fr-FR\",\"potentialAction\":[{\"@type\":\"ReadAction\",\"target\":[\"https:\/\/cftbc.com\/index.php\/contenu-du-praticien-en-hypnose-ericksonienne\/\"]}]},{\"@type\":\"BreadcrumbList\",\"@id\":\"https:\/\/cftbc.com\/index.php\/contenu-du-praticien-en-hypnose-ericksonienne\/#breadcrumb\",\"itemListElement\":[{\"@type\":\"ListItem\",\"position\":1,\"name\":\"Accueil\",\"item\":\"https:\/\/cftbc.com\/\"},{\"@type\":\"ListItem\",\"position\":2,\"name\":\"Contenu du Praticien(ne) en Hypnose Ericksonienne\"}]},{\"@type\":\"WebSite\",\"@id\":\"https:\/\/cftbc.com\/#website\",\"url\":\"https:\/\/cftbc.com\/\",\"name\":\"Centre de Formation en Th\u00e9rapies Br\u00e8ves et Cognitives\",\"description\":\"Soyez l&#039;acteur du changement !\",\"publisher\":{\"@id\":\"https:\/\/cftbc.com\/#organization\"},\"potentialAction\":[{\"@type\":\"SearchAction\",\"target\":{\"@type\":\"EntryPoint\",\"urlTemplate\":\"https:\/\/cftbc.com\/?s={search_term_string}\"},\"query-input\":\"required name=search_term_string\"}],\"inLanguage\":\"fr-FR\"},{\"@type\":\"Organization\",\"@id\":\"https:\/\/cftbc.com\/#organization\",\"name\":\"Centre de Formation en Th\u00e9rapies Br\u00e8ves et Cognitives\",\"url\":\"https:\/\/cftbc.com\/\",\"logo\":{\"@type\":\"ImageObject\",\"inLanguage\":\"fr-FR\",\"@id\":\"https:\/\/cftbc.com\/#\/schema\/logo\/image\/\",\"url\":\"https:\/\/cftbc.com\/wp-content\/uploads\/2022\/12\/centre-de-formation-de-therapie1-scaled.jpg\",\"contentUrl\":\"https:\/\/cftbc.com\/wp-content\/uploads\/2022\/12\/centre-de-formation-de-therapie1-scaled.jpg\",\"width\":2238,\"height\":2560,\"caption\":\"Centre de Formation en Th\u00e9rapies Br\u00e8ves et Cognitives\"},\"image\":{\"@id\":\"https:\/\/cftbc.com\/#\/schema\/logo\/image\/\"}}]}<\/script>\n<!-- \/ Yoast SEO plugin. -->","yoast_head_json":{"title":"Le CFTBC - Praticien(ne) en Hypnose","description":"Le CFTBC vous propose une formation de Praticien(ne) en Hypnose particuli\u00e8rement ax\u00e9e sur la pratique, dont voici le contenu...","robots":{"index":"index","follow":"follow","max-snippet":"max-snippet:-1","max-image-preview":"max-image-preview:large","max-video-preview":"max-video-preview:-1"},"canonical":"https:\/\/cftbc.com\/index.php\/contenu-du-praticien-en-hypnose-ericksonienne\/","og_locale":"fr_FR","og_type":"article","og_title":"Le CFTBC - Praticien(ne) en Hypnose","og_description":"Le CFTBC vous propose une formation de Praticien(ne) en Hypnose particuli\u00e8rement ax\u00e9e sur la pratique, dont voici le contenu...","og_url":"https:\/\/cftbc.com\/index.php\/contenu-du-praticien-en-hypnose-ericksonienne\/","og_site_name":"Centre de Formation en Th\u00e9rapies Br\u00e8ves et Cognitives","article_modified_time":"2023-06-04T13:51:47+00:00","og_image":[{"url":"https:\/\/cftbc.com\/wp-content\/uploads\/2023\/02\/pexels-inchs-67025556-scaled-e1676734962707.jpg"}],"twitter_card":"summary_large_image","twitter_misc":{"Dur\u00e9e de lecture estim\u00e9e":"3 minutes"},"schema":{"@context":"https:\/\/schema.org","@graph":[{"@type":"WebPage","@id":"https:\/\/cftbc.com\/index.php\/contenu-du-praticien-en-hypnose-ericksonienne\/","url":"https:\/\/cftbc.com\/index.php\/contenu-du-praticien-en-hypnose-ericksonienne\/","name":"Le CFTBC - Praticien(ne) en Hypnose","isPartOf":{"@id":"https:\/\/cftbc.com\/#website"},"datePublished":"2022-12-15T15:59:42+00:00","dateModified":"2023-06-04T13:51:47+00:00","description":"Le CFTBC vous propose une formation de Praticien(ne) en Hypnose particuli\u00e8rement ax\u00e9e sur la pratique, dont voici le contenu...","breadcrumb":{"@id":"https:\/\/cftbc.com\/index.php\/contenu-du-praticien-en-hypnose-ericksonienne\/#breadcrumb"},"inLanguage":"fr-FR","potentialAction":[{"@type":"ReadAction","target":["https:\/\/cftbc.com\/index.php\/contenu-du-praticien-en-hypnose-ericksonienne\/"]}]},{"@type":"BreadcrumbList","@id":"https:\/\/cftbc.com\/index.php\/contenu-du-praticien-en-hypnose-ericksonienne\/#breadcrumb","itemListElement":[{"@type":"ListItem","position":1,"name":"Accueil","item":"https:\/\/cftbc.com\/"},{"@type":"ListItem","position":2,"name":"Contenu du Praticien(ne) en Hypnose Ericksonienne"}]},{"@type":"WebSite","@id":"https:\/\/cftbc.com\/#website","url":"https:\/\/cftbc.com\/","name":"Centre de Formation en Th\u00e9rapies Br\u00e8ves et Cognitives","description":"Soyez l&#039;acteur du changement !","publisher":{"@id":"https:\/\/cftbc.com\/#organization"},"potentialAction":[{"@type":"SearchAction","target":{"@type":"EntryPoint","urlTemplate":"https:\/\/cftbc.com\/?s={search_term_string}"},"query-input":"required name=search_term_string"}],"inLanguage":"fr-FR"},{"@type":"Organization","@id":"https:\/\/cftbc.com\/#organization","name":"Centre de Formation en Th\u00e9rapies Br\u00e8ves et Cognitives","url":"https:\/\/cftbc.com\/","logo":{"@type":"ImageObject","inLanguage":"fr-FR","@id":"https:\/\/cftbc.com\/#\/schema\/logo\/image\/","url":"https:\/\/cftbc.com\/wp-content\/uploads\/2022\/12\/centre-de-formation-de-therapie1-scaled.jpg","contentUrl":"https:\/\/cftbc.com\/wp-content\/uploads\/2022\/12\/centre-de-formation-de-therapie1-scaled.jpg","width":2238,"height":2560,"caption":"Centre de Formation en Th\u00e9rapies Br\u00e8ves et Cognitives"},"image":{"@id":"https:\/\/cftbc.com\/#\/schema\/logo\/image\/"}}]}},"_links":{"self":[{"href":"https:\/\/cftbc.com\/index.php\/wp-json\/wp\/v2\/pages\/28","targetHints":{"allow":["GET"]}}],"collection":[{"href":"https:\/\/cftbc.com\/index.php\/wp-json\/wp\/v2\/pages"}],"about":[{"href":"https:\/\/cftbc.com\/index.php\/wp-json\/wp\/v2\/types\/page"}],"author":[{"embeddable":true,"href":"https:\/\/cftbc.com\/index.php\/wp-json\/wp\/v2\/users\/1"}],"replies":[{"embeddable":true,"href":"https:\/\/cftbc.com\/index.php\/wp-json\/wp\/v2\/comments?post=28"}],"version-history":[{"count":45,"href":"https:\/\/cftbc.com\/index.php\/wp-json\/wp\/v2\/pages\/28\/revisions"}],"predecessor-version":[{"id":2068,"href":"https:\/\/cftbc.com\/index.php\/wp-json\/wp\/v2\/pages\/28\/revisions\/2068"}],"wp:attachment":[{"href":"https:\/\/cftbc.com\/index.php\/wp-json\/wp\/v2\/media?parent=28"}],"curies":[{"name":"wp","href":"https:\/\/api.w.org\/{rel}","templated":true}]}}