{"id":26,"date":"2022-12-15T16:58:35","date_gmt":"2022-12-15T15:58:35","guid":{"rendered":"http:\/\/localhost\/wordpress\/?page_id=26"},"modified":"2023-06-04T15:57:31","modified_gmt":"2023-06-04T13:57:31","slug":"contenu-du-technicienne-en-hypnose-ericksonienne","status":"publish","type":"page","link":"https:\/\/cftbc.com\/index.php\/contenu-du-technicienne-en-hypnose-ericksonienne\/","title":{"rendered":"Contenu du Technicien(ne) en Hypnose Ericksonienne"},"content":{"rendered":"\n<div class=\"wp-block-cover alignfull has-custom-content-position is-position-bottom-left\" style=\"padding-bottom:0;min-height:567px;aspect-ratio:unset;\"><span aria-hidden=\"true\" class=\"wp-block-cover__background has-background-dim-0 has-background-dim\"><\/span><img loading=\"lazy\" decoding=\"async\" width=\"2560\" height=\"1702\" class=\"wp-block-cover__image-background wp-image-1575\" alt=\"\" src=\"https:\/\/cftbc.com\/wp-content\/uploads\/2023\/03\/pexels-cosmin-paduraru-3409812-1-scaled.jpg\" style=\"object-position:58% 78%\" data-object-fit=\"cover\" data-object-position=\"58% 78%\" srcset=\"https:\/\/cftbc.com\/wp-content\/uploads\/2023\/03\/pexels-cosmin-paduraru-3409812-1-scaled.jpg 2560w, https:\/\/cftbc.com\/wp-content\/uploads\/2023\/03\/pexels-cosmin-paduraru-3409812-1-300x199.jpg 300w, https:\/\/cftbc.com\/wp-content\/uploads\/2023\/03\/pexels-cosmin-paduraru-3409812-1-1024x681.jpg 1024w, https:\/\/cftbc.com\/wp-content\/uploads\/2023\/03\/pexels-cosmin-paduraru-3409812-1-768x511.jpg 768w, https:\/\/cftbc.com\/wp-content\/uploads\/2023\/03\/pexels-cosmin-paduraru-3409812-1-1536x1021.jpg 1536w, https:\/\/cftbc.com\/wp-content\/uploads\/2023\/03\/pexels-cosmin-paduraru-3409812-1-2048x1362.jpg 2048w, https:\/\/cftbc.com\/wp-content\/uploads\/2023\/03\/pexels-cosmin-paduraru-3409812-1-1320x878.jpg 1320w, https:\/\/cftbc.com\/wp-content\/uploads\/2023\/03\/pexels-cosmin-paduraru-3409812-1-600x399.jpg 600w\" sizes=\"auto, (max-width: 2560px) 100vw, 2560px\" \/><div class=\"wp-block-cover__inner-container is-layout-flow wp-block-cover-is-layout-flow\">\n<p class=\"has-text-align-center\" style=\"font-size:45px\">Contenu de Formation<\/p>\n<\/div><\/div>\n\n\n\n<div class=\"wp-block-group\" style=\"padding-top:var(--wp--preset--spacing--20);padding-right:var(--wp--preset--spacing--20);padding-bottom:var(--wp--preset--spacing--20);padding-left:var(--wp--preset--spacing--20)\"><div class=\"wp-block-group__inner-container is-layout-constrained wp-container-core-group-is-layout-3dcb7627 wp-block-group-is-layout-constrained\">\n<h1 class=\"wp-block-heading alignfull has-text-align-left\" style=\"margin-top:var(--wp--preset--spacing--30);font-size:30px\"><mark style=\"background-color:rgba(0, 0, 0, 0);color:#67c175\" class=\"has-inline-color\"><strong>Technicien(ne) en Hypnose Ericksonienne<\/strong><\/mark><\/h1>\n\n\n\n<h4 class=\"wp-block-heading alignfull\" style=\"line-height:1.5\"><strong>Dur\u00e9e et d\u00e9roulement de la formation de  <strong><strong>\u00ab&nbsp;<mark style=\"background-color:rgba(0, 0, 0, 0);color:#6bd26c\" class=\"has-inline-color\">Technicien(ne) en Hypnose Ericksonienne&nbsp;<\/mark>\u00bb<\/strong><\/strong>:<\/strong><\/h4>\n\n\n\n<ul class=\"wp-block-list\" style=\"line-height:1.2\">\n<li><mark style=\"background-color:rgba(0, 0, 0, 0)\" class=\"has-inline-color has-ast-global-color-8-color\">Un minimum de <strong>30 heures<\/strong> <\/mark>de formation en pr\u00e9sentiel sur <mark style=\"background-color:rgba(0, 0, 0, 0)\" class=\"has-inline-color has-ast-global-color-8-color\">un minimum de 4 jours<\/mark>, tests compris.<\/li>\n\n\n\n<li>La formation est dispens\u00e9e par un(e) \u00ab&nbsp;Enseignant(e) en Hypnose Ericksonienne, <mark style=\"background-color:rgba(0, 0, 0, 0)\" class=\"has-inline-color has-ast-global-color-8-color\">agr\u00e9\u00e9(e) CFTBC, WHO et FFHTB <\/mark>\u00bb.<\/li>\n<\/ul>\n<\/div><\/div>\n\n\n\n<div class=\"wp-block-group\" style=\"border-style:none;border-width:0px;border-radius:0px;padding-top:var(--wp--preset--spacing--20);padding-right:var(--wp--preset--spacing--20);padding-bottom:var(--wp--preset--spacing--20);padding-left:var(--wp--preset--spacing--20)\"><div class=\"wp-block-group__inner-container is-layout-constrained wp-container-core-group-is-layout-11bed739 wp-block-group-is-layout-constrained\">\n<h4 class=\"wp-block-heading alignfull\" style=\"line-height:2.5\"><strong>Comp\u00e9tences \u00e0 acqu\u00e9rir en <mark style=\"background-color:rgba(0, 0, 0, 0)\" class=\"has-inline-color has-ast-global-color-8-color\">communication Ericksonienne<\/mark> :<\/strong><\/h4>\n\n\n\n<ul class=\"wp-block-list\" style=\"line-height:1.2\">\n<li><mark style=\"background-color:rgba(0, 0, 0, 0)\" class=\"has-inline-color has-ast-global-color-8-color\">Conna\u00eetre et a int\u00e9gr\u00e9 les principes fondamentaux <\/mark>de l\u2019Hypnose Ericksonienne.<\/li>\n\n\n\n<li>Conna\u00eetre et \u00eatre capable d&rsquo;utiliser les contenus de base, les comp\u00e9tences, les techniques, les mod\u00e8les, les m\u00e9thodes et les concepts de l\u2019 Hypnose Ericksonienne, <mark style=\"background-color:rgba(0, 0, 0, 0)\" class=\"has-inline-color has-ast-global-color-8-color\">dans le domaine de l&rsquo;autogestion, des langages et de l\u2019atteinte des objectifs<\/mark>.<\/li>\n\n\n\n<li>Les capacit\u00e9s fondamentales d&rsquo;un(e) \u00ab <mark style=\"background-color:rgba(0, 0, 0, 0);color:#72c46c\" class=\"has-inline-color\"><strong>Technicien(ne) en Hypnose Ericksonienne<\/strong> <\/mark>\u00bb sont l&rsquo;<mark style=\"background-color:rgba(0, 0, 0, 0)\" class=\"has-inline-color has-ast-global-color-8-color\">\u00e9tablissement du rapport, la flexibilit\u00e9 et la capacit\u00e9 \u00e0 suivre une approche \u00e9cologique ax\u00e9e<\/mark> sur l\u2018exploitation adapt\u00e9e des ressources.<\/li>\n<\/ul>\n<\/div><\/div>\n\n\n\n<div class=\"wp-block-group\" style=\"padding-top:var(--wp--preset--spacing--20);padding-right:var(--wp--preset--spacing--20);padding-bottom:var(--wp--preset--spacing--20);padding-left:var(--wp--preset--spacing--20);line-height:1.2\"><div class=\"wp-block-group__inner-container is-layout-constrained wp-container-core-group-is-layout-9b7a50ae wp-block-group-is-layout-constrained\">\n<h4 class=\"wp-block-heading alignfull\" style=\"line-height:2.5\"><strong>Contenu de la formation :<\/strong><\/h4>\n\n\n\n<ul class=\"wp-block-list\">\n<li>Historique et principes fondamentaux de l\u2019hypnose<\/li>\n\n\n\n<li><mark style=\"background-color:rgba(0, 0, 0, 0)\" class=\"has-inline-color has-ast-global-color-8-color\">Pr\u00e9suppos\u00e9s de base<\/mark><\/li>\n\n\n\n<li><mark style=\"background-color:rgba(0, 0, 0, 0)\" class=\"has-inline-color has-ast-global-color-8-color\">Cadre \u00e9thique pour travailler en \u00e9cologie<\/mark><\/li>\n\n\n\n<li>Diff\u00e9rents types d\u2019hypnose<\/li>\n\n\n\n<li>Notions de base sur Milton Erickson et l\u2019Hypnose Ericksonienne<\/li>\n\n\n\n<li>\u00c9tapes d\u2019une s\u00e9ance d\u2019hypnose<\/li>\n\n\n\n<li>\u00c9l\u00e9ments de base des <mark style=\"background-color:rgba(0, 0, 0, 0)\" class=\"has-inline-color has-ast-global-color-8-color\">techniques d\u2019induction dans le \u00ab&nbsp;Milton Mod\u00e8le&nbsp;\u00bb<\/mark>&nbsp;: rapport, suggestions, exp\u00e9rience sensorielle, langage, &#8230;<\/li>\n\n\n\n<li><mark style=\"background-color:rgba(0, 0, 0, 0)\" class=\"has-inline-color has-ast-global-color-8-color\">Induction standard<\/mark><\/li>\n\n\n\n<li><mark style=\"background-color:rgba(0, 0, 0, 0)\" class=\"has-inline-color has-ast-global-color-8-color\">Signaux Id\u00e9omoteurs<\/mark><\/li>\n\n\n\n<li>Signes d\u2019un \u00e9tat de transe<\/li>\n\n\n\n<li>Comment sortir d\u2019un \u00e9tat de transe<\/li>\n\n\n\n<li>Travailler sans contenu<\/li>\n\n\n\n<li><mark style=\"background-color:rgba(0, 0, 0, 0)\" class=\"has-inline-color has-ast-global-color-8-color\">Indications et contre-indications de l\u2019hypnose<\/mark><\/li>\n<\/ul>\n<\/div><\/div>\n\n\n\n<div class=\"wp-block-group\" style=\"padding-top:var(--wp--preset--spacing--20);padding-right:var(--wp--preset--spacing--20);padding-bottom:var(--wp--preset--spacing--20);padding-left:var(--wp--preset--spacing--20);line-height:1.2\"><div class=\"wp-block-group__inner-container is-layout-constrained wp-container-core-group-is-layout-9b7a50ae wp-block-group-is-layout-constrained\">\n<h4 class=\"wp-block-heading alignfull\" style=\"line-height:2.5\"><strong>Pr\u00e9requis obligatoire&nbsp;:<\/strong><\/h4>\n\n\n\n<ul class=\"wp-block-list\">\n<li>La formation \u00ab&nbsp;<mark style=\"background-color:rgba(0, 0, 0, 0);color:#69cd64\" class=\"has-inline-color\"><strong>Technicien(ne) en Hypnose Ericksonienne<\/strong>&nbsp;<\/mark>\u00bb ne demande <mark style=\"background-color:rgba(0, 0, 0, 0)\" class=\"has-inline-color has-black-color\"><strong>aucun pr\u00e9requis<\/strong><\/mark>.<\/li>\n\n\n\n<li>La validation de la formation \u00ab&nbsp;<mark style=\"background-color:rgba(0, 0, 0, 0);color:#69cd64\" class=\"has-inline-color\"><strong>Technicien(ne) en Hypnose Ericksonienne<\/strong>&nbsp;<\/mark>\u00bb est le pr\u00e9requis obligatoire pour s\u2019inscrire \u00e0 la <strong>formation certifiante de \u00ab&nbsp;<a rel=\"noreferrer noopener\" href=\"https:\/\/cftbc.com\/index.php\/contenu-du-praticienne-en-hypnose-ericksonienne\/\" data-type=\"page\" data-id=\"28\" target=\"_blank\"><mark style=\"background-color:rgba(0, 0, 0, 0);color:#248122\" class=\"has-inline-color\">Praticien(ne) en Hypnose Ericksonienne<\/mark><\/a>&nbsp;\u00bb, <\/strong>\u00e9tape suivante.<\/li>\n<\/ul>\n<\/div><\/div>\n\n\n\n<div class=\"wp-block-group\" style=\"padding-top:var(--wp--preset--spacing--20);padding-right:var(--wp--preset--spacing--20);padding-bottom:var(--wp--preset--spacing--20);padding-left:var(--wp--preset--spacing--20)\"><div class=\"wp-block-group__inner-container is-layout-constrained wp-container-core-group-is-layout-9b7a50ae wp-block-group-is-layout-constrained\">\n<h4 class=\"wp-block-heading alignfull\" style=\"line-height:2.5\"><strong>Validation du \u00ab&nbsp;<mark style=\"background-color:rgba(0, 0, 0, 0);color:#6cc362\" class=\"has-inline-color\">Technicien(ne) en Hypnose Ericksonienne<\/mark>&nbsp;\u00bb&nbsp;:<\/strong><\/h4>\n\n\n\n<p style=\"line-height:1.2\">La validation de la formation est conditionn\u00e9e par la r\u00e9ussite aux \u00e9valuations \u00e9crites et pratiques :<\/p>\n\n\n\n<ul class=\"wp-block-list\" style=\"line-height:1.2\">\n<li>Un test \u00e9crit obligatoire \u00e9value l&rsquo;<mark style=\"background-color:rgba(0, 0, 0, 0)\" class=\"has-inline-color has-ast-global-color-8-color\">int\u00e9gration des apprentissages<\/mark> contenus dans la formation \u00ab <mark style=\"background-color:rgba(0, 0, 0, 0);color:#65bc6d\" class=\"has-inline-color\"><strong>Technicien(ne) en Hypnose Ericksonienne<\/strong><\/mark> \u00bb. Le contenu et la forme de l&rsquo;\u00e9valuation \u00e9crite sont choisis par l\u2019 \u00ab Enseignant en Hypnose Ericksonienne, <mark style=\"background-color:rgba(0, 0, 0, 0)\" class=\"has-inline-color has-black-color\">agr\u00e9\u00e9(e) CFTBC, WHO et FFHTB<\/mark> \u00bb. Le test \u00e9crit est valid\u00e9 d\u00e8s lors que le stagiaire obtient au moins 80% de bonnes r\u00e9ponses.<\/li>\n\n\n\n<li>L\u2019\u00c9valuation pratique obligatoire <mark style=\"background-color:rgba(0, 0, 0, 0)\" class=\"has-inline-color has-ast-global-color-8-color\">d\u00e9montre notre compr\u00e9hension et notre aptitude \u00e0 mettre en \u0153uvre les techniques apprises <\/mark>lors de la formation. Le contenu et la forme de l&rsquo;\u00e9valuation pratique sont choisis par l\u2019 \u00ab&nbsp;Enseignant en Hypnose Ericksonienne, <mark style=\"background-color:rgba(0, 0, 0, 0)\" class=\"has-inline-color has-black-color\">agr\u00e9\u00e9(e) CFTBC, WHO<\/mark> <mark style=\"background-color:rgba(0, 0, 0, 0)\" class=\"has-inline-color has-black-color\">et FFHTB<\/mark>&nbsp;\u00bb et sont adapt\u00e9s aux exp\u00e9riences pertinentes des participants. L\u2019\u00e9valuation se fait tout au long de la formation, l\u2019enseignant \u00e9non\u00e7ant \u00e0 chaque stagiaire les points \u00e0 am\u00e9liorer pour se faire valider. La pratique est valid\u00e9e d\u00e8s lors que le stagiaire <mark style=\"background-color:rgba(0, 0, 0, 0)\" class=\"has-inline-color has-ast-global-color-8-color\">montre sa compr\u00e9hension et sa ma\u00eetrise des apprentissages<\/mark> du \u00ab&nbsp;<mark style=\"background-color:rgba(0, 0, 0, 0);color:#65bd58\" class=\"has-inline-color\"><strong>Technicien(ne) en Hypnose Ericksonienne<\/strong><\/mark>&nbsp;\u00bb.<\/li>\n<\/ul>\n<\/div><\/div>\n\n\n\n<div class=\"wp-block-group\" style=\"padding-top:var(--wp--preset--spacing--30);padding-right:var(--wp--preset--spacing--20);padding-bottom:var(--wp--preset--spacing--20);padding-left:var(--wp--preset--spacing--20);line-height:2.5\"><div class=\"wp-block-group__inner-container is-layout-constrained wp-container-core-group-is-layout-3cffb8f4 wp-block-group-is-layout-constrained\">\n<div class=\"wp-block-group\"><div class=\"wp-block-group__inner-container is-layout-constrained wp-block-group-is-layout-constrained\">\n<h4 class=\"wp-block-heading alignfull\" style=\"line-height:1.2\">Pour obtenir plus d\u2019informations, veuillez contacter le <strong>Centre de Formation en Th\u00e9rapies Br\u00e8ves et Cognitives<\/strong>&nbsp;:<\/h4>\n\n\n\n<ul class=\"wp-block-list\" style=\"line-height:1.2\">\n<li><a href=\"https:\/\/cftbc.com\/index.php\/formulaire-de-contact\/\" data-type=\"page\" data-id=\"1679\">conctact@cftbc.com<\/a><\/li>\n<\/ul>\n<\/div><\/div>\n<\/div><\/div>\n","protected":false},"excerpt":{"rendered":"<p>Technicien(ne) en Hypnose Ericksonienne Dur\u00e9e et d\u00e9roulement de la formation de \u00ab&nbsp;Technicien(ne) en Hypnose Ericksonienne&nbsp;\u00bb: Comp\u00e9tences \u00e0 acqu\u00e9rir en communication Ericksonienne : Contenu de la&hellip;<\/p>\n","protected":false},"author":1,"featured_media":0,"parent":0,"menu_order":0,"comment_status":"closed","ping_status":"closed","template":"","meta":{"footnotes":""},"class_list":["post-26","page","type-page","status-publish","hentry"],"yoast_head":"<!-- This site is optimized with the Yoast SEO plugin v20.1 - https:\/\/yoast.com\/wordpress\/plugins\/seo\/ -->\n<title>Contenu du Technicien(ne) en Hypnose Ericksonienne - Centre de Formation en Th\u00e9rapies Br\u00e8ves et Cognitives<\/title>\n<meta name=\"robots\" content=\"index, follow, max-snippet:-1, max-image-preview:large, max-video-preview:-1\" \/>\n<link rel=\"canonical\" href=\"https:\/\/cftbc.com\/index.php\/contenu-du-technicienne-en-hypnose-ericksonienne\/\" \/>\n<meta property=\"og:locale\" content=\"fr_FR\" \/>\n<meta property=\"og:type\" content=\"article\" \/>\n<meta property=\"og:title\" content=\"Contenu du Technicien(ne) en Hypnose Ericksonienne - Centre de Formation en Th\u00e9rapies Br\u00e8ves et Cognitives\" \/>\n<meta property=\"og:description\" content=\"Technicien(ne) en Hypnose Ericksonienne Dur\u00e9e et d\u00e9roulement de la formation de \u00ab&nbsp;Technicien(ne) en Hypnose Ericksonienne&nbsp;\u00bb: Comp\u00e9tences \u00e0 acqu\u00e9rir en communication Ericksonienne : Contenu de la&hellip;\" \/>\n<meta property=\"og:url\" content=\"https:\/\/cftbc.com\/index.php\/contenu-du-technicienne-en-hypnose-ericksonienne\/\" \/>\n<meta property=\"og:site_name\" content=\"Centre de Formation en Th\u00e9rapies Br\u00e8ves et Cognitives\" \/>\n<meta property=\"article:modified_time\" content=\"2023-06-04T13:57:31+00:00\" \/>\n<meta property=\"og:image\" content=\"https:\/\/cftbc.com\/wp-content\/uploads\/2023\/03\/pexels-cosmin-paduraru-3409812-1-scaled.jpg\" \/>\n<meta name=\"twitter:card\" content=\"summary_large_image\" \/>\n<meta name=\"twitter:label1\" content=\"Dur\u00e9e de lecture estim\u00e9e\" \/>\n\t<meta name=\"twitter:data1\" content=\"3 minutes\" \/>\n<script type=\"application\/ld+json\" class=\"yoast-schema-graph\">{\"@context\":\"https:\/\/schema.org\",\"@graph\":[{\"@type\":\"WebPage\",\"@id\":\"https:\/\/cftbc.com\/index.php\/contenu-du-technicienne-en-hypnose-ericksonienne\/\",\"url\":\"https:\/\/cftbc.com\/index.php\/contenu-du-technicienne-en-hypnose-ericksonienne\/\",\"name\":\"Contenu du Technicien(ne) en Hypnose Ericksonienne - Centre de Formation en Th\u00e9rapies Br\u00e8ves et Cognitives\",\"isPartOf\":{\"@id\":\"https:\/\/cftbc.com\/#website\"},\"datePublished\":\"2022-12-15T15:58:35+00:00\",\"dateModified\":\"2023-06-04T13:57:31+00:00\",\"breadcrumb\":{\"@id\":\"https:\/\/cftbc.com\/index.php\/contenu-du-technicienne-en-hypnose-ericksonienne\/#breadcrumb\"},\"inLanguage\":\"fr-FR\",\"potentialAction\":[{\"@type\":\"ReadAction\",\"target\":[\"https:\/\/cftbc.com\/index.php\/contenu-du-technicienne-en-hypnose-ericksonienne\/\"]}]},{\"@type\":\"BreadcrumbList\",\"@id\":\"https:\/\/cftbc.com\/index.php\/contenu-du-technicienne-en-hypnose-ericksonienne\/#breadcrumb\",\"itemListElement\":[{\"@type\":\"ListItem\",\"position\":1,\"name\":\"Accueil\",\"item\":\"https:\/\/cftbc.com\/\"},{\"@type\":\"ListItem\",\"position\":2,\"name\":\"Contenu du Technicien(ne) en Hypnose Ericksonienne\"}]},{\"@type\":\"WebSite\",\"@id\":\"https:\/\/cftbc.com\/#website\",\"url\":\"https:\/\/cftbc.com\/\",\"name\":\"Centre de Formation en Th\u00e9rapies Br\u00e8ves et Cognitives\",\"description\":\"Soyez l&#039;acteur du changement !\",\"publisher\":{\"@id\":\"https:\/\/cftbc.com\/#organization\"},\"potentialAction\":[{\"@type\":\"SearchAction\",\"target\":{\"@type\":\"EntryPoint\",\"urlTemplate\":\"https:\/\/cftbc.com\/?s={search_term_string}\"},\"query-input\":\"required name=search_term_string\"}],\"inLanguage\":\"fr-FR\"},{\"@type\":\"Organization\",\"@id\":\"https:\/\/cftbc.com\/#organization\",\"name\":\"Centre de Formation en Th\u00e9rapies Br\u00e8ves et Cognitives\",\"url\":\"https:\/\/cftbc.com\/\",\"logo\":{\"@type\":\"ImageObject\",\"inLanguage\":\"fr-FR\",\"@id\":\"https:\/\/cftbc.com\/#\/schema\/logo\/image\/\",\"url\":\"https:\/\/cftbc.com\/wp-content\/uploads\/2022\/12\/centre-de-formation-de-therapie1-scaled.jpg\",\"contentUrl\":\"https:\/\/cftbc.com\/wp-content\/uploads\/2022\/12\/centre-de-formation-de-therapie1-scaled.jpg\",\"width\":2238,\"height\":2560,\"caption\":\"Centre de Formation en Th\u00e9rapies Br\u00e8ves et Cognitives\"},\"image\":{\"@id\":\"https:\/\/cftbc.com\/#\/schema\/logo\/image\/\"}}]}<\/script>\n<!-- \/ Yoast SEO plugin. -->","yoast_head_json":{"title":"Contenu du Technicien(ne) en Hypnose Ericksonienne - Centre de Formation en Th\u00e9rapies Br\u00e8ves et Cognitives","robots":{"index":"index","follow":"follow","max-snippet":"max-snippet:-1","max-image-preview":"max-image-preview:large","max-video-preview":"max-video-preview:-1"},"canonical":"https:\/\/cftbc.com\/index.php\/contenu-du-technicienne-en-hypnose-ericksonienne\/","og_locale":"fr_FR","og_type":"article","og_title":"Contenu du Technicien(ne) en Hypnose Ericksonienne - Centre de Formation en Th\u00e9rapies Br\u00e8ves et Cognitives","og_description":"Technicien(ne) en Hypnose Ericksonienne Dur\u00e9e et d\u00e9roulement de la formation de \u00ab&nbsp;Technicien(ne) en Hypnose Ericksonienne&nbsp;\u00bb: Comp\u00e9tences \u00e0 acqu\u00e9rir en communication Ericksonienne : Contenu de la&hellip;","og_url":"https:\/\/cftbc.com\/index.php\/contenu-du-technicienne-en-hypnose-ericksonienne\/","og_site_name":"Centre de Formation en Th\u00e9rapies Br\u00e8ves et Cognitives","article_modified_time":"2023-06-04T13:57:31+00:00","og_image":[{"url":"https:\/\/cftbc.com\/wp-content\/uploads\/2023\/03\/pexels-cosmin-paduraru-3409812-1-scaled.jpg"}],"twitter_card":"summary_large_image","twitter_misc":{"Dur\u00e9e de lecture estim\u00e9e":"3 minutes"},"schema":{"@context":"https:\/\/schema.org","@graph":[{"@type":"WebPage","@id":"https:\/\/cftbc.com\/index.php\/contenu-du-technicienne-en-hypnose-ericksonienne\/","url":"https:\/\/cftbc.com\/index.php\/contenu-du-technicienne-en-hypnose-ericksonienne\/","name":"Contenu du Technicien(ne) en Hypnose Ericksonienne - Centre de Formation en Th\u00e9rapies Br\u00e8ves et Cognitives","isPartOf":{"@id":"https:\/\/cftbc.com\/#website"},"datePublished":"2022-12-15T15:58:35+00:00","dateModified":"2023-06-04T13:57:31+00:00","breadcrumb":{"@id":"https:\/\/cftbc.com\/index.php\/contenu-du-technicienne-en-hypnose-ericksonienne\/#breadcrumb"},"inLanguage":"fr-FR","potentialAction":[{"@type":"ReadAction","target":["https:\/\/cftbc.com\/index.php\/contenu-du-technicienne-en-hypnose-ericksonienne\/"]}]},{"@type":"BreadcrumbList","@id":"https:\/\/cftbc.com\/index.php\/contenu-du-technicienne-en-hypnose-ericksonienne\/#breadcrumb","itemListElement":[{"@type":"ListItem","position":1,"name":"Accueil","item":"https:\/\/cftbc.com\/"},{"@type":"ListItem","position":2,"name":"Contenu du Technicien(ne) en Hypnose Ericksonienne"}]},{"@type":"WebSite","@id":"https:\/\/cftbc.com\/#website","url":"https:\/\/cftbc.com\/","name":"Centre de Formation en Th\u00e9rapies Br\u00e8ves et Cognitives","description":"Soyez l&#039;acteur du changement !","publisher":{"@id":"https:\/\/cftbc.com\/#organization"},"potentialAction":[{"@type":"SearchAction","target":{"@type":"EntryPoint","urlTemplate":"https:\/\/cftbc.com\/?s={search_term_string}"},"query-input":"required name=search_term_string"}],"inLanguage":"fr-FR"},{"@type":"Organization","@id":"https:\/\/cftbc.com\/#organization","name":"Centre de Formation en Th\u00e9rapies Br\u00e8ves et Cognitives","url":"https:\/\/cftbc.com\/","logo":{"@type":"ImageObject","inLanguage":"fr-FR","@id":"https:\/\/cftbc.com\/#\/schema\/logo\/image\/","url":"https:\/\/cftbc.com\/wp-content\/uploads\/2022\/12\/centre-de-formation-de-therapie1-scaled.jpg","contentUrl":"https:\/\/cftbc.com\/wp-content\/uploads\/2022\/12\/centre-de-formation-de-therapie1-scaled.jpg","width":2238,"height":2560,"caption":"Centre de Formation en Th\u00e9rapies Br\u00e8ves et Cognitives"},"image":{"@id":"https:\/\/cftbc.com\/#\/schema\/logo\/image\/"}}]}},"_links":{"self":[{"href":"https:\/\/cftbc.com\/index.php\/wp-json\/wp\/v2\/pages\/26","targetHints":{"allow":["GET"]}}],"collection":[{"href":"https:\/\/cftbc.com\/index.php\/wp-json\/wp\/v2\/pages"}],"about":[{"href":"https:\/\/cftbc.com\/index.php\/wp-json\/wp\/v2\/types\/page"}],"author":[{"embeddable":true,"href":"https:\/\/cftbc.com\/index.php\/wp-json\/wp\/v2\/users\/1"}],"replies":[{"embeddable":true,"href":"https:\/\/cftbc.com\/index.php\/wp-json\/wp\/v2\/comments?post=26"}],"version-history":[{"count":29,"href":"https:\/\/cftbc.com\/index.php\/wp-json\/wp\/v2\/pages\/26\/revisions"}],"predecessor-version":[{"id":2075,"href":"https:\/\/cftbc.com\/index.php\/wp-json\/wp\/v2\/pages\/26\/revisions\/2075"}],"wp:attachment":[{"href":"https:\/\/cftbc.com\/index.php\/wp-json\/wp\/v2\/media?parent=26"}],"curies":[{"name":"wp","href":"https:\/\/api.w.org\/{rel}","templated":true}]}}