{"id":22,"date":"2022-12-15T16:55:58","date_gmt":"2022-12-15T15:55:58","guid":{"rendered":"http:\/\/localhost\/wordpress\/?page_id=22"},"modified":"2023-06-04T16:04:19","modified_gmt":"2023-06-04T14:04:19","slug":"maitre-praticienne-en-pnl","status":"publish","type":"page","link":"https:\/\/cftbc.com\/index.php\/maitre-praticienne-en-pnl\/","title":{"rendered":"Ma\u00eetre-Praticien(ne) en PNL"},"content":{"rendered":"\n<div class=\"wp-block-cover alignfull is-light has-custom-content-position is-position-bottom-left\" style=\"min-height:575px;aspect-ratio:unset;\"><span aria-hidden=\"true\" class=\"wp-block-cover__background has-background-dim-0 has-background-dim\"><\/span><img loading=\"lazy\" decoding=\"async\" width=\"1999\" height=\"2499\" class=\"wp-block-cover__image-background wp-image-180\" alt=\"\" src=\"https:\/\/cftbc.com\/wp-content\/uploads\/2023\/01\/pexels-ethan-sees-2853432.jpg\" style=\"object-position:45% 49%\" data-object-fit=\"cover\" data-object-position=\"45% 49%\" srcset=\"https:\/\/cftbc.com\/wp-content\/uploads\/2023\/01\/pexels-ethan-sees-2853432.jpg 1999w, https:\/\/cftbc.com\/wp-content\/uploads\/2023\/01\/pexels-ethan-sees-2853432-600x750.jpg 600w, https:\/\/cftbc.com\/wp-content\/uploads\/2023\/01\/pexels-ethan-sees-2853432-240x300.jpg 240w, https:\/\/cftbc.com\/wp-content\/uploads\/2023\/01\/pexels-ethan-sees-2853432-819x1024.jpg 819w, https:\/\/cftbc.com\/wp-content\/uploads\/2023\/01\/pexels-ethan-sees-2853432-768x960.jpg 768w, https:\/\/cftbc.com\/wp-content\/uploads\/2023\/01\/pexels-ethan-sees-2853432-1229x1536.jpg 1229w, https:\/\/cftbc.com\/wp-content\/uploads\/2023\/01\/pexels-ethan-sees-2853432-1638x2048.jpg 1638w\" sizes=\"auto, (max-width: 1999px) 100vw, 1999px\" \/><div class=\"wp-block-cover__inner-container is-layout-flow wp-block-cover-is-layout-flow\">\n<h2 class=\"wp-block-heading has-text-align-center\" style=\"font-size:45px\"><mark style=\"background-color:rgba(0, 0, 0, 0)\" class=\"has-inline-color has-white-color\">Ma\u00eetre-Praticien(ne) en PNL<\/mark><\/h2>\n<\/div><\/div>\n\n\n\n<h3 class=\"wp-block-heading\"><strong><span style=\"text-decoration: underline;\">Vous voulez devenir un(e) <mark style=\"background-color:rgba(0, 0, 0, 0);color:#0e1778\" class=\"has-inline-color\">Ma\u00eetre-Praticien(ne) en PNL<\/mark><\/span> ?<\/strong><\/h3>\n\n\n\n<h1 class=\"wp-block-heading\" style=\"font-size:22px;line-height:2\"><em><mark style=\"background-color:rgba(0, 0, 0, 0)\" class=\"has-inline-color has-ast-global-color-7-color\">Aimeriez-vous <strong>avoir plus de <\/strong><\/mark><mark style=\"background-color:rgba(0, 0, 0, 0)\" class=\"has-inline-color has-ast-global-color-8-color\"><strong>contr\u00f4le<\/strong> sur le monde qui vous entoure<\/mark><mark style=\"background-color:rgba(0, 0, 0, 0)\" class=\"has-inline-color has-ast-global-color-7-color\">&nbsp;?&#8230; Ma\u00eetriser un mod\u00e8le de communication qui permet d\u2019<\/mark><mark style=\"background-color:rgba(0, 0, 0, 0)\" class=\"has-inline-color has-ast-global-color-8-color\"><strong>\u00e9viter les erreurs ou les impr\u00e9cisions de langage<\/strong> qui vous font perdre ce contr\u00f4le<\/mark><mark style=\"background-color:rgba(0, 0, 0, 0)\" class=\"has-inline-color has-ast-global-color-7-color\">&nbsp;?<\/mark><\/em><\/h1>\n\n\n\n<h5 class=\"wp-block-heading\" style=\"font-size:22px\"><em><mark style=\"background-color:rgba(0, 0, 0, 0)\" class=\"has-inline-color has-ast-global-color-7-color\">Aimeriez-vous <strong>gagner en <\/strong><\/mark><strong><mark style=\"background-color:rgba(0, 0, 0, 0)\" class=\"has-inline-color has-ast-global-color-8-color\">popularit\u00e9<\/mark><\/strong><mark style=\"background-color:rgba(0, 0, 0, 0)\" class=\"has-inline-color has-ast-global-color-7-color\">&nbsp;?&#8230; Conna\u00eetre les attitudes et les comportements qui permettent de<strong> <\/strong><\/mark><strong><mark style=\"background-color:rgba(0, 0, 0, 0)\" class=\"has-inline-color has-ast-global-color-8-color\">contourner les \u00e9changes conflictuels<\/mark><\/strong><mark style=\"background-color:rgba(0, 0, 0, 0)\" class=\"has-inline-color has-ast-global-color-7-color\">&nbsp;?<\/mark><\/em><\/h5>\n\n\n\n<h5 class=\"wp-block-heading\" style=\"font-size:22px\"><em><mark style=\"background-color:rgba(0, 0, 0, 0)\" class=\"has-inline-color has-ast-global-color-7-color\">Aimeriez-vous ma\u00eetriser des m\u00e9thodes pour <\/mark><strong><mark style=\"background-color:rgba(0, 0, 0, 0)\" class=\"has-inline-color has-ast-global-color-8-color\">atteindre vos objectifs<\/mark><\/strong><mark style=\"background-color:rgba(0, 0, 0, 0)\" class=\"has-inline-color has-ast-global-color-7-color\">&nbsp;? Devenir un(e) sp\u00e9cialiste qui sait <\/mark><strong><mark style=\"background-color:rgba(0, 0, 0, 0)\" class=\"has-inline-color has-ast-global-color-8-color\">\u00e9chapper au labyrinthe du \u00ab&nbsp;comment faire pour r\u00e9ussir&nbsp;\u00bb<\/mark><\/strong>&nbsp;?<\/em><\/h5>\n\n\n\n<p class=\"has-text-align-justify has-medium-font-size\">Gr\u00e2ce \u00e0 cette partie de la formation <mark style=\"background-color:rgba(0, 0, 0, 0);color:#0e1780\" class=\"has-inline-color\"><strong>Ma\u00eetre-Praticien(ne)<\/strong> en PNL<\/mark><mark style=\"background-color:rgba(0, 0, 0, 0)\" class=\"has-inline-color has-ast-global-color-8-color\"> <\/mark>vous d\u00e9couvrirez comment r\u00e9pondre favorablement \u00e0 ces questions, et trouverez <strong>des solutions sur mesure <\/strong><mark style=\"background-color:rgba(0, 0, 0, 0)\" class=\"has-inline-color has-ast-global-color-8-color\"><strong>qui feront de vous un(e) expert(e)<\/strong>.<\/mark><\/p>\n\n\n\n<p class=\"has-text-align-justify has-medium-font-size\">Vous <strong><mark style=\"background-color:rgba(0, 0, 0, 0)\" class=\"has-inline-color has-ast-global-color-8-color\">augmenterez vos connaissances techniques et le niveau de votre pratique<\/mark><\/strong>. Vous <strong><mark style=\"background-color:rgba(0, 0, 0, 0)\" class=\"has-inline-color has-ast-global-color-8-color\">perfectionnerez vos automatismes<\/mark><\/strong>&nbsp;:<\/p>\n\n\n\n<ul class=\"has-medium-font-size wp-block-list\">\n<li><mark style=\"background-color:rgba(0, 0, 0, 0);color:#143fa3\" class=\"has-inline-color\">Pour <em>d\u00e9terminer efficacement et avec pertinence les v\u00e9ritables objectifs de vos interlocuteurs<\/em>.<\/mark><\/li>\n\n\n\n<li><mark style=\"background-color:rgba(0, 0, 0, 0);color:#0f399c\" class=\"has-inline-color\">Pour <em>\u00e9tablir et maintenir un haut niveau de comp\u00e9tence tout au long de la communication (consciente et inconsciente)<\/em>.<\/mark><\/li>\n\n\n\n<li><mark style=\"background-color:rgba(0, 0, 0, 0);color:#0d41a9\" class=\"has-inline-color\">Pour <em>s\u00e9lectionner de fa\u00e7on pr\u00e9cise les meilleures strat\u00e9gies d\u2019intervention<\/em>.<\/mark><\/li>\n<\/ul>\n\n\n\n<p class=\"has-text-align-justify has-medium-font-size\">\u00c0 la fin de cette formation,vous pourrez devenir un(e) <mark style=\"background-color:rgba(0, 0, 0, 0);color:#07229c\" class=\"has-inline-color\"><strong>Ma\u00eetre-Praticien(ne)<\/strong> en PNL<\/mark> <strong><mark style=\"background-color:rgba(0, 0, 0, 0)\" class=\"has-inline-color has-ast-global-color-8-color\">certifi\u00e9(e) <\/mark><mark style=\"background-color:rgba(0, 0, 0, 0)\" class=\"has-inline-color has-black-color\">CFTBC<\/mark><\/strong>.<\/p>\n\n\n\n<p class=\"has-text-align-justify has-medium-font-size\">Cette partie de la formation vous offrira un enseignement de qualit\u00e9 qui durera <strong>18 jours, en 2 sessions de 9 jours<\/strong>.<\/p>\n\n\n\n<p class=\"has-text-align-justify has-medium-font-size\">La partie <mark style=\"background-color:rgba(0, 0, 0, 0)\" class=\"has-inline-color has-ast-global-color-0-color\"><a href=\"https:\/\/cftbc.com\/index.php\/praticienne-en-pnl\/\" data-type=\"page\" data-id=\"20\" target=\"_blank\" rel=\"noreferrer noopener\"><strong>Praticien(ne)<\/strong> en PNL<\/a> <\/mark>est le <strong>pr\u00e9requis indispensable pour pouvoir acc\u00e9der \u00e0 la partie <\/strong><mark style=\"background-color:rgba(0, 0, 0, 0);color:#0f1a98\" class=\"has-inline-color\"><strong>Ma\u00eetre-Praticien(ne)<\/strong> en PNL<\/mark> (certifiante).<\/p>\n\n\n\n<div class=\"wp-block-buttons is-layout-flex wp-block-buttons-is-layout-flex\">\n<div class=\"wp-block-button has-custom-font-size is-style-fill has-medium-font-size\"><a class=\"wp-block-button__link has-ast-global-color-4-color has-contrast-background-color has-text-color has-background wp-element-button\" href=\"https:\/\/cftbc.com\/index.php\/dates-et-tarifs-formation-hypnose-pnl-annecy-lyon-paris\/\" style=\"border-radius:12px;padding-top:12px;padding-right:12px;padding-bottom:12px;padding-left:12px\"><strong>Dates et Tarifs<\/strong><\/a><\/div>\n\n\n\n<div class=\"wp-block-button has-custom-font-size is-style-fill has-medium-font-size\"><a class=\"wp-block-button__link has-ast-global-color-4-color has-contrast-background-color has-text-color has-background wp-element-button\" href=\"https:\/\/cftbc.com\/index.php\/contenu-du-maitre-praticienne-en-pnl\/\" style=\"border-radius:12px;padding-top:12px;padding-right:12px;padding-bottom:12px;padding-left:12px\"><strong>Contenu de Formation<\/strong><\/a><\/div>\n\n\n\n<div class=\"wp-block-button has-custom-font-size is-style-fill has-medium-font-size\"><a class=\"wp-block-button__link has-ast-global-color-4-color has-contrast-background-color has-text-color has-background wp-element-button\" href=\"https:\/\/cftbc.com\/index.php\/certifications\/\" style=\"border-radius:12px;padding-top:12px;padding-right:12px;padding-bottom:12px;padding-left:12px\" target=\"_blank\" rel=\"noreferrer noopener\"><strong>Certifications<\/strong><\/a><\/div>\n<\/div>\n","protected":false},"excerpt":{"rendered":"<p>Vous voulez devenir un(e) Ma\u00eetre-Praticien(ne) en PNL ? Aimeriez-vous avoir plus de contr\u00f4le sur le monde qui vous entoure&nbsp;?&#8230; Ma\u00eetriser un mod\u00e8le de communication qui&hellip;<\/p>\n","protected":false},"author":1,"featured_media":0,"parent":0,"menu_order":0,"comment_status":"closed","ping_status":"closed","template":"","meta":{"footnotes":""},"class_list":["post-22","page","type-page","status-publish","hentry"],"yoast_head":"<!-- This site is optimized with the Yoast SEO plugin v20.1 - https:\/\/yoast.com\/wordpress\/plugins\/seo\/ -->\n<title>Ma\u00eetre-Praticien(ne) en PNL - Formation<\/title>\n<meta name=\"description\" content=\"Cette formation de Ma\u00eetre-Praticien(ne) en PNL vous fera devenir un expert de la communication consciente et inconsciente...\" \/>\n<meta name=\"robots\" content=\"index, follow, max-snippet:-1, max-image-preview:large, max-video-preview:-1\" \/>\n<link rel=\"canonical\" href=\"https:\/\/cftbc.com\/index.php\/maitre-praticienne-en-pnl\/\" \/>\n<meta property=\"og:locale\" content=\"fr_FR\" \/>\n<meta property=\"og:type\" content=\"article\" \/>\n<meta property=\"og:title\" content=\"Ma\u00eetre-Praticien(ne) en PNL - Formation\" \/>\n<meta property=\"og:description\" content=\"Cette formation de Ma\u00eetre-Praticien(ne) en PNL vous fera devenir un expert de la communication consciente et inconsciente...\" \/>\n<meta property=\"og:url\" content=\"https:\/\/cftbc.com\/index.php\/maitre-praticienne-en-pnl\/\" \/>\n<meta property=\"og:site_name\" content=\"Centre de Formation en Th\u00e9rapies Br\u00e8ves et Cognitives\" \/>\n<meta property=\"article:modified_time\" content=\"2023-06-04T14:04:19+00:00\" \/>\n<meta property=\"og:image\" content=\"https:\/\/cftbc.com\/wp-content\/uploads\/2023\/01\/pexels-ethan-sees-2853432.jpg\" \/>\n<meta name=\"twitter:card\" content=\"summary_large_image\" \/>\n<meta name=\"twitter:label1\" content=\"Dur\u00e9e de lecture estim\u00e9e\" \/>\n\t<meta name=\"twitter:data1\" content=\"2 minutes\" \/>\n<script type=\"application\/ld+json\" class=\"yoast-schema-graph\">{\"@context\":\"https:\/\/schema.org\",\"@graph\":[{\"@type\":\"WebPage\",\"@id\":\"https:\/\/cftbc.com\/index.php\/maitre-praticienne-en-pnl\/\",\"url\":\"https:\/\/cftbc.com\/index.php\/maitre-praticienne-en-pnl\/\",\"name\":\"Ma\u00eetre-Praticien(ne) en PNL - Formation\",\"isPartOf\":{\"@id\":\"https:\/\/cftbc.com\/#website\"},\"datePublished\":\"2022-12-15T15:55:58+00:00\",\"dateModified\":\"2023-06-04T14:04:19+00:00\",\"description\":\"Cette formation de Ma\u00eetre-Praticien(ne) en PNL vous fera devenir un expert de la communication consciente et inconsciente...\",\"breadcrumb\":{\"@id\":\"https:\/\/cftbc.com\/index.php\/maitre-praticienne-en-pnl\/#breadcrumb\"},\"inLanguage\":\"fr-FR\",\"potentialAction\":[{\"@type\":\"ReadAction\",\"target\":[\"https:\/\/cftbc.com\/index.php\/maitre-praticienne-en-pnl\/\"]}]},{\"@type\":\"BreadcrumbList\",\"@id\":\"https:\/\/cftbc.com\/index.php\/maitre-praticienne-en-pnl\/#breadcrumb\",\"itemListElement\":[{\"@type\":\"ListItem\",\"position\":1,\"name\":\"Accueil\",\"item\":\"https:\/\/cftbc.com\/\"},{\"@type\":\"ListItem\",\"position\":2,\"name\":\"Ma\u00eetre-Praticien(ne) en PNL\"}]},{\"@type\":\"WebSite\",\"@id\":\"https:\/\/cftbc.com\/#website\",\"url\":\"https:\/\/cftbc.com\/\",\"name\":\"Centre de Formation en Th\u00e9rapies Br\u00e8ves et Cognitives\",\"description\":\"Soyez l&#039;acteur du changement !\",\"publisher\":{\"@id\":\"https:\/\/cftbc.com\/#organization\"},\"potentialAction\":[{\"@type\":\"SearchAction\",\"target\":{\"@type\":\"EntryPoint\",\"urlTemplate\":\"https:\/\/cftbc.com\/?s={search_term_string}\"},\"query-input\":\"required name=search_term_string\"}],\"inLanguage\":\"fr-FR\"},{\"@type\":\"Organization\",\"@id\":\"https:\/\/cftbc.com\/#organization\",\"name\":\"Centre de Formation en Th\u00e9rapies Br\u00e8ves et Cognitives\",\"url\":\"https:\/\/cftbc.com\/\",\"logo\":{\"@type\":\"ImageObject\",\"inLanguage\":\"fr-FR\",\"@id\":\"https:\/\/cftbc.com\/#\/schema\/logo\/image\/\",\"url\":\"https:\/\/cftbc.com\/wp-content\/uploads\/2022\/12\/centre-de-formation-de-therapie1-scaled.jpg\",\"contentUrl\":\"https:\/\/cftbc.com\/wp-content\/uploads\/2022\/12\/centre-de-formation-de-therapie1-scaled.jpg\",\"width\":2238,\"height\":2560,\"caption\":\"Centre de Formation en Th\u00e9rapies Br\u00e8ves et Cognitives\"},\"image\":{\"@id\":\"https:\/\/cftbc.com\/#\/schema\/logo\/image\/\"}}]}<\/script>\n<!-- \/ Yoast SEO plugin. -->","yoast_head_json":{"title":"Ma\u00eetre-Praticien(ne) en PNL - Formation","description":"Cette formation de Ma\u00eetre-Praticien(ne) en PNL vous fera devenir un expert de la communication consciente et inconsciente...","robots":{"index":"index","follow":"follow","max-snippet":"max-snippet:-1","max-image-preview":"max-image-preview:large","max-video-preview":"max-video-preview:-1"},"canonical":"https:\/\/cftbc.com\/index.php\/maitre-praticienne-en-pnl\/","og_locale":"fr_FR","og_type":"article","og_title":"Ma\u00eetre-Praticien(ne) en PNL - Formation","og_description":"Cette formation de Ma\u00eetre-Praticien(ne) en PNL vous fera devenir un expert de la communication consciente et inconsciente...","og_url":"https:\/\/cftbc.com\/index.php\/maitre-praticienne-en-pnl\/","og_site_name":"Centre de Formation en Th\u00e9rapies Br\u00e8ves et Cognitives","article_modified_time":"2023-06-04T14:04:19+00:00","og_image":[{"url":"https:\/\/cftbc.com\/wp-content\/uploads\/2023\/01\/pexels-ethan-sees-2853432.jpg"}],"twitter_card":"summary_large_image","twitter_misc":{"Dur\u00e9e de lecture estim\u00e9e":"2 minutes"},"schema":{"@context":"https:\/\/schema.org","@graph":[{"@type":"WebPage","@id":"https:\/\/cftbc.com\/index.php\/maitre-praticienne-en-pnl\/","url":"https:\/\/cftbc.com\/index.php\/maitre-praticienne-en-pnl\/","name":"Ma\u00eetre-Praticien(ne) en PNL - Formation","isPartOf":{"@id":"https:\/\/cftbc.com\/#website"},"datePublished":"2022-12-15T15:55:58+00:00","dateModified":"2023-06-04T14:04:19+00:00","description":"Cette formation de Ma\u00eetre-Praticien(ne) en PNL vous fera devenir un expert de la communication consciente et inconsciente...","breadcrumb":{"@id":"https:\/\/cftbc.com\/index.php\/maitre-praticienne-en-pnl\/#breadcrumb"},"inLanguage":"fr-FR","potentialAction":[{"@type":"ReadAction","target":["https:\/\/cftbc.com\/index.php\/maitre-praticienne-en-pnl\/"]}]},{"@type":"BreadcrumbList","@id":"https:\/\/cftbc.com\/index.php\/maitre-praticienne-en-pnl\/#breadcrumb","itemListElement":[{"@type":"ListItem","position":1,"name":"Accueil","item":"https:\/\/cftbc.com\/"},{"@type":"ListItem","position":2,"name":"Ma\u00eetre-Praticien(ne) en PNL"}]},{"@type":"WebSite","@id":"https:\/\/cftbc.com\/#website","url":"https:\/\/cftbc.com\/","name":"Centre de Formation en Th\u00e9rapies Br\u00e8ves et Cognitives","description":"Soyez l&#039;acteur du changement !","publisher":{"@id":"https:\/\/cftbc.com\/#organization"},"potentialAction":[{"@type":"SearchAction","target":{"@type":"EntryPoint","urlTemplate":"https:\/\/cftbc.com\/?s={search_term_string}"},"query-input":"required name=search_term_string"}],"inLanguage":"fr-FR"},{"@type":"Organization","@id":"https:\/\/cftbc.com\/#organization","name":"Centre de Formation en Th\u00e9rapies Br\u00e8ves et Cognitives","url":"https:\/\/cftbc.com\/","logo":{"@type":"ImageObject","inLanguage":"fr-FR","@id":"https:\/\/cftbc.com\/#\/schema\/logo\/image\/","url":"https:\/\/cftbc.com\/wp-content\/uploads\/2022\/12\/centre-de-formation-de-therapie1-scaled.jpg","contentUrl":"https:\/\/cftbc.com\/wp-content\/uploads\/2022\/12\/centre-de-formation-de-therapie1-scaled.jpg","width":2238,"height":2560,"caption":"Centre de Formation en Th\u00e9rapies Br\u00e8ves et Cognitives"},"image":{"@id":"https:\/\/cftbc.com\/#\/schema\/logo\/image\/"}}]}},"_links":{"self":[{"href":"https:\/\/cftbc.com\/index.php\/wp-json\/wp\/v2\/pages\/22","targetHints":{"allow":["GET"]}}],"collection":[{"href":"https:\/\/cftbc.com\/index.php\/wp-json\/wp\/v2\/pages"}],"about":[{"href":"https:\/\/cftbc.com\/index.php\/wp-json\/wp\/v2\/types\/page"}],"author":[{"embeddable":true,"href":"https:\/\/cftbc.com\/index.php\/wp-json\/wp\/v2\/users\/1"}],"replies":[{"embeddable":true,"href":"https:\/\/cftbc.com\/index.php\/wp-json\/wp\/v2\/comments?post=22"}],"version-history":[{"count":44,"href":"https:\/\/cftbc.com\/index.php\/wp-json\/wp\/v2\/pages\/22\/revisions"}],"predecessor-version":[{"id":2081,"href":"https:\/\/cftbc.com\/index.php\/wp-json\/wp\/v2\/pages\/22\/revisions\/2081"}],"wp:attachment":[{"href":"https:\/\/cftbc.com\/index.php\/wp-json\/wp\/v2\/media?parent=22"}],"curies":[{"name":"wp","href":"https:\/\/api.w.org\/{rel}","templated":true}]}}