{"id":1679,"date":"2023-03-22T16:18:34","date_gmt":"2023-03-22T15:18:34","guid":{"rendered":"https:\/\/cftbc.com\/?page_id=1679"},"modified":"2023-03-22T16:34:49","modified_gmt":"2023-03-22T15:34:49","slug":"formulaire-de-contact","status":"publish","type":"page","link":"https:\/\/cftbc.com\/index.php\/formulaire-de-contact\/","title":{"rendered":"Formulaire de contact"},"content":{"rendered":"\n<h3 class=\"wp-block-heading\" style=\"font-size:30px;font-style:normal;font-weight:400\"><mark style=\"background-color:rgba(0, 0, 0, 0);color:#253a8e\" class=\"has-inline-color\">Nous sommes \u00e0 votre \u00e9coute&#8230;<\/mark><\/h3>\n\n\n<div class=\"wpforms-container wpforms-container-full\" id=\"wpforms-1684\"><form id=\"wpforms-form-1684\" class=\"wpforms-validate wpforms-form wpforms-ajax-form\" data-formid=\"1684\" method=\"post\" enctype=\"multipart\/form-data\" action=\"\/index.php\/wp-json\/wp\/v2\/pages\/1679\" data-token=\"ee87100e5d627b1a01d029f0f51eeaa4\"><noscript class=\"wpforms-error-noscript\">Veuillez activer JavaScript dans votre navigateur pour remplir ce formulaire.<\/noscript><div class=\"wpforms-field-container\"><div id=\"wpforms-1684-field_0-container\" class=\"wpforms-field wpforms-field-name\" data-field-id=\"0\"><label class=\"wpforms-field-label\" for=\"wpforms-1684-field_0\">Nom <span class=\"wpforms-required-label\">*<\/span><\/label><div class=\"wpforms-field-row wpforms-field-medium\"><div class=\"wpforms-field-row-block wpforms-first wpforms-one-half\"><input type=\"text\" id=\"wpforms-1684-field_0\" class=\"wpforms-field-name-first wpforms-field-required\" name=\"wpforms[fields][0][first]\" required><label for=\"wpforms-1684-field_0\" class=\"wpforms-field-sublabel after \">Pr\u00e9nom<\/label><\/div><div class=\"wpforms-field-row-block wpforms-one-half\"><input type=\"text\" id=\"wpforms-1684-field_0-last\" class=\"wpforms-field-name-last wpforms-field-required\" name=\"wpforms[fields][0][last]\" required><label for=\"wpforms-1684-field_0-last\" class=\"wpforms-field-sublabel after \">Nom<\/label><\/div><\/div><\/div><div id=\"wpforms-1684-field_1-container\" class=\"wpforms-field wpforms-field-email\" data-field-id=\"1\"><label class=\"wpforms-field-label\" for=\"wpforms-1684-field_1\">E-mail <span class=\"wpforms-required-label\">*<\/span><\/label><input type=\"email\" id=\"wpforms-1684-field_1\" class=\"wpforms-field-medium wpforms-field-required\" name=\"wpforms[fields][1]\" required><\/div><div id=\"wpforms-1684-field_6-container\" class=\"wpforms-field wpforms-field-text\" data-field-id=\"6\"><label class=\"wpforms-field-label\" for=\"wpforms-1684-field_6\">Objet<\/label><input type=\"text\" id=\"wpforms-1684-field_6\" class=\"wpforms-field-medium\" name=\"wpforms[fields][6]\" ><\/div><div id=\"wpforms-1684-field_2-container\" class=\"wpforms-field wpforms-field-textarea\" data-field-id=\"2\"><label class=\"wpforms-field-label\" for=\"wpforms-1684-field_2\">Commentaire ou message<\/label><textarea id=\"wpforms-1684-field_2\" class=\"wpforms-field-medium\" name=\"wpforms[fields][2]\" ><\/textarea><\/div><\/div><div class=\"wpforms-submit-container\"><input type=\"hidden\" name=\"wpforms[id]\" value=\"1684\"><input type=\"hidden\" name=\"wpforms[author]\" value=\"1\"><button type=\"submit\" name=\"wpforms[submit]\" id=\"wpforms-submit-1684\" class=\"wpforms-submit\" data-alt-text=\"Envoi...\" data-submit-text=\"Envoyer\" aria-live=\"assertive\" value=\"wpforms-submit\">Envoyer<\/button><img loading=\"lazy\" decoding=\"async\" src=\"https:\/\/cftbc.com\/wp-content\/plugins\/wpforms-lite\/assets\/images\/submit-spin.svg\" class=\"wpforms-submit-spinner\" style=\"display: none;\" width=\"26\" height=\"26\" alt=\"Chargement en cours\"><\/div><\/form><\/div>  <!-- .wpforms-container -->\n\n\n<p><\/p>\n","protected":false},"excerpt":{"rendered":"<p>Nous sommes \u00e0 votre \u00e9coute&#8230;<\/p>\n","protected":false},"author":1,"featured_media":0,"parent":0,"menu_order":0,"comment_status":"closed","ping_status":"closed","template":"","meta":{"footnotes":""},"class_list":["post-1679","page","type-page","status-publish","hentry"],"yoast_head":"<!-- This site is optimized with the Yoast SEO plugin v20.1 - https:\/\/yoast.com\/wordpress\/plugins\/seo\/ -->\n<title>Formulaire de contact - Centre de Formation en Th\u00e9rapies Br\u00e8ves et Cognitives<\/title>\n<meta name=\"robots\" content=\"index, follow, max-snippet:-1, max-image-preview:large, max-video-preview:-1\" \/>\n<link rel=\"canonical\" href=\"https:\/\/cftbc.com\/index.php\/formulaire-de-contact\/\" \/>\n<meta property=\"og:locale\" content=\"fr_FR\" \/>\n<meta property=\"og:type\" content=\"article\" \/>\n<meta property=\"og:title\" content=\"Formulaire de contact - Centre de Formation en Th\u00e9rapies Br\u00e8ves et Cognitives\" \/>\n<meta property=\"og:description\" content=\"Nous sommes \u00e0 votre \u00e9coute&#8230;\" \/>\n<meta property=\"og:url\" content=\"https:\/\/cftbc.com\/index.php\/formulaire-de-contact\/\" \/>\n<meta property=\"og:site_name\" content=\"Centre de Formation en Th\u00e9rapies Br\u00e8ves et Cognitives\" \/>\n<meta property=\"article:modified_time\" content=\"2023-03-22T15:34:49+00:00\" \/>\n<meta property=\"og:image\" content=\"https:\/\/cftbc.com\/wp-content\/uploads\/2022\/12\/cropped-centre-de-formation-de-therapie1-scaled-2.jpg\" \/>\n\t<meta property=\"og:image:width\" content=\"512\" \/>\n\t<meta property=\"og:image:height\" content=\"512\" \/>\n\t<meta property=\"og:image:type\" content=\"image\/jpeg\" \/>\n<meta name=\"twitter:card\" content=\"summary_large_image\" \/>\n<script type=\"application\/ld+json\" class=\"yoast-schema-graph\">{\"@context\":\"https:\/\/schema.org\",\"@graph\":[{\"@type\":\"WebPage\",\"@id\":\"https:\/\/cftbc.com\/index.php\/formulaire-de-contact\/\",\"url\":\"https:\/\/cftbc.com\/index.php\/formulaire-de-contact\/\",\"name\":\"Formulaire de contact - Centre de Formation en Th\u00e9rapies Br\u00e8ves et Cognitives\",\"isPartOf\":{\"@id\":\"https:\/\/cftbc.com\/#website\"},\"datePublished\":\"2023-03-22T15:18:34+00:00\",\"dateModified\":\"2023-03-22T15:34:49+00:00\",\"breadcrumb\":{\"@id\":\"https:\/\/cftbc.com\/index.php\/formulaire-de-contact\/#breadcrumb\"},\"inLanguage\":\"fr-FR\",\"potentialAction\":[{\"@type\":\"ReadAction\",\"target\":[\"https:\/\/cftbc.com\/index.php\/formulaire-de-contact\/\"]}]},{\"@type\":\"BreadcrumbList\",\"@id\":\"https:\/\/cftbc.com\/index.php\/formulaire-de-contact\/#breadcrumb\",\"itemListElement\":[{\"@type\":\"ListItem\",\"position\":1,\"name\":\"Accueil\",\"item\":\"https:\/\/cftbc.com\/\"},{\"@type\":\"ListItem\",\"position\":2,\"name\":\"Formulaire de contact\"}]},{\"@type\":\"WebSite\",\"@id\":\"https:\/\/cftbc.com\/#website\",\"url\":\"https:\/\/cftbc.com\/\",\"name\":\"Centre de Formation en Th\u00e9rapies Br\u00e8ves et Cognitives\",\"description\":\"Soyez l&#039;acteur du changement !\",\"publisher\":{\"@id\":\"https:\/\/cftbc.com\/#organization\"},\"potentialAction\":[{\"@type\":\"SearchAction\",\"target\":{\"@type\":\"EntryPoint\",\"urlTemplate\":\"https:\/\/cftbc.com\/?s={search_term_string}\"},\"query-input\":\"required name=search_term_string\"}],\"inLanguage\":\"fr-FR\"},{\"@type\":\"Organization\",\"@id\":\"https:\/\/cftbc.com\/#organization\",\"name\":\"Centre de Formation en Th\u00e9rapies Br\u00e8ves et Cognitives\",\"url\":\"https:\/\/cftbc.com\/\",\"logo\":{\"@type\":\"ImageObject\",\"inLanguage\":\"fr-FR\",\"@id\":\"https:\/\/cftbc.com\/#\/schema\/logo\/image\/\",\"url\":\"https:\/\/cftbc.com\/wp-content\/uploads\/2022\/12\/centre-de-formation-de-therapie1-scaled.jpg\",\"contentUrl\":\"https:\/\/cftbc.com\/wp-content\/uploads\/2022\/12\/centre-de-formation-de-therapie1-scaled.jpg\",\"width\":2238,\"height\":2560,\"caption\":\"Centre de Formation en Th\u00e9rapies Br\u00e8ves et Cognitives\"},\"image\":{\"@id\":\"https:\/\/cftbc.com\/#\/schema\/logo\/image\/\"}}]}<\/script>\n<!-- \/ Yoast SEO plugin. -->","yoast_head_json":{"title":"Formulaire de contact - Centre de Formation en Th\u00e9rapies Br\u00e8ves et Cognitives","robots":{"index":"index","follow":"follow","max-snippet":"max-snippet:-1","max-image-preview":"max-image-preview:large","max-video-preview":"max-video-preview:-1"},"canonical":"https:\/\/cftbc.com\/index.php\/formulaire-de-contact\/","og_locale":"fr_FR","og_type":"article","og_title":"Formulaire de contact - Centre de Formation en Th\u00e9rapies Br\u00e8ves et Cognitives","og_description":"Nous sommes \u00e0 votre \u00e9coute&#8230;","og_url":"https:\/\/cftbc.com\/index.php\/formulaire-de-contact\/","og_site_name":"Centre de Formation en Th\u00e9rapies Br\u00e8ves et Cognitives","article_modified_time":"2023-03-22T15:34:49+00:00","og_image":[{"width":512,"height":512,"url":"https:\/\/cftbc.com\/wp-content\/uploads\/2022\/12\/cropped-centre-de-formation-de-therapie1-scaled-2.jpg","type":"image\/jpeg"}],"twitter_card":"summary_large_image","schema":{"@context":"https:\/\/schema.org","@graph":[{"@type":"WebPage","@id":"https:\/\/cftbc.com\/index.php\/formulaire-de-contact\/","url":"https:\/\/cftbc.com\/index.php\/formulaire-de-contact\/","name":"Formulaire de contact - Centre de Formation en Th\u00e9rapies Br\u00e8ves et Cognitives","isPartOf":{"@id":"https:\/\/cftbc.com\/#website"},"datePublished":"2023-03-22T15:18:34+00:00","dateModified":"2023-03-22T15:34:49+00:00","breadcrumb":{"@id":"https:\/\/cftbc.com\/index.php\/formulaire-de-contact\/#breadcrumb"},"inLanguage":"fr-FR","potentialAction":[{"@type":"ReadAction","target":["https:\/\/cftbc.com\/index.php\/formulaire-de-contact\/"]}]},{"@type":"BreadcrumbList","@id":"https:\/\/cftbc.com\/index.php\/formulaire-de-contact\/#breadcrumb","itemListElement":[{"@type":"ListItem","position":1,"name":"Accueil","item":"https:\/\/cftbc.com\/"},{"@type":"ListItem","position":2,"name":"Formulaire de contact"}]},{"@type":"WebSite","@id":"https:\/\/cftbc.com\/#website","url":"https:\/\/cftbc.com\/","name":"Centre de Formation en Th\u00e9rapies Br\u00e8ves et Cognitives","description":"Soyez l&#039;acteur du changement !","publisher":{"@id":"https:\/\/cftbc.com\/#organization"},"potentialAction":[{"@type":"SearchAction","target":{"@type":"EntryPoint","urlTemplate":"https:\/\/cftbc.com\/?s={search_term_string}"},"query-input":"required name=search_term_string"}],"inLanguage":"fr-FR"},{"@type":"Organization","@id":"https:\/\/cftbc.com\/#organization","name":"Centre de Formation en Th\u00e9rapies Br\u00e8ves et Cognitives","url":"https:\/\/cftbc.com\/","logo":{"@type":"ImageObject","inLanguage":"fr-FR","@id":"https:\/\/cftbc.com\/#\/schema\/logo\/image\/","url":"https:\/\/cftbc.com\/wp-content\/uploads\/2022\/12\/centre-de-formation-de-therapie1-scaled.jpg","contentUrl":"https:\/\/cftbc.com\/wp-content\/uploads\/2022\/12\/centre-de-formation-de-therapie1-scaled.jpg","width":2238,"height":2560,"caption":"Centre de Formation en Th\u00e9rapies Br\u00e8ves et Cognitives"},"image":{"@id":"https:\/\/cftbc.com\/#\/schema\/logo\/image\/"}}]}},"_links":{"self":[{"href":"https:\/\/cftbc.com\/index.php\/wp-json\/wp\/v2\/pages\/1679","targetHints":{"allow":["GET"]}}],"collection":[{"href":"https:\/\/cftbc.com\/index.php\/wp-json\/wp\/v2\/pages"}],"about":[{"href":"https:\/\/cftbc.com\/index.php\/wp-json\/wp\/v2\/types\/page"}],"author":[{"embeddable":true,"href":"https:\/\/cftbc.com\/index.php\/wp-json\/wp\/v2\/users\/1"}],"replies":[{"embeddable":true,"href":"https:\/\/cftbc.com\/index.php\/wp-json\/wp\/v2\/comments?post=1679"}],"version-history":[{"count":6,"href":"https:\/\/cftbc.com\/index.php\/wp-json\/wp\/v2\/pages\/1679\/revisions"}],"predecessor-version":[{"id":1694,"href":"https:\/\/cftbc.com\/index.php\/wp-json\/wp\/v2\/pages\/1679\/revisions\/1694"}],"wp:attachment":[{"href":"https:\/\/cftbc.com\/index.php\/wp-json\/wp\/v2\/media?parent=1679"}],"curies":[{"name":"wp","href":"https:\/\/api.w.org\/{rel}","templated":true}]}}