{"id":14,"date":"2022-12-15T16:53:03","date_gmt":"2022-12-15T15:53:03","guid":{"rendered":"http:\/\/localhost\/wordpress\/?page_id=14"},"modified":"2023-06-04T15:56:19","modified_gmt":"2023-06-04T13:56:19","slug":"praticienne-en-hypnose-ericksonienne","status":"publish","type":"page","link":"https:\/\/cftbc.com\/index.php\/praticienne-en-hypnose-ericksonienne\/","title":{"rendered":"Praticien(ne) en Hypnose Ericksonienne"},"content":{"rendered":"\n<div class=\"wp-block-cover alignfull has-custom-content-position is-position-bottom-left\"><span aria-hidden=\"true\" class=\"wp-block-cover__background has-background-dim-0 has-background-dim\"><\/span><img loading=\"lazy\" decoding=\"async\" width=\"1708\" height=\"787\" class=\"wp-block-cover__image-background wp-image-610\" alt=\"\" src=\"https:\/\/cftbc.com\/wp-content\/uploads\/2023\/02\/pexels-inchs-67025556-scaled-e1676734962707.jpg\" style=\"object-position:50% 89%\" data-object-fit=\"cover\" data-object-position=\"50% 89%\" srcset=\"https:\/\/cftbc.com\/wp-content\/uploads\/2023\/02\/pexels-inchs-67025556-scaled-e1676734962707.jpg 1708w, https:\/\/cftbc.com\/wp-content\/uploads\/2023\/02\/pexels-inchs-67025556-scaled-e1676734962707-600x276.jpg 600w, https:\/\/cftbc.com\/wp-content\/uploads\/2023\/02\/pexels-inchs-67025556-scaled-e1676734962707-300x138.jpg 300w, https:\/\/cftbc.com\/wp-content\/uploads\/2023\/02\/pexels-inchs-67025556-scaled-e1676734962707-1024x472.jpg 1024w, https:\/\/cftbc.com\/wp-content\/uploads\/2023\/02\/pexels-inchs-67025556-scaled-e1676734962707-768x354.jpg 768w, https:\/\/cftbc.com\/wp-content\/uploads\/2023\/02\/pexels-inchs-67025556-scaled-e1676734962707-1536x708.jpg 1536w\" sizes=\"auto, (max-width: 1708px) 100vw, 1708px\" \/><div class=\"wp-block-cover__inner-container is-layout-flow wp-block-cover-is-layout-flow\">\n<h2 class=\"wp-block-heading\" style=\"font-size:45px\"><strong>Praticien(ne) en Hypnose Ericksonienne<\/strong><\/h2>\n<\/div><\/div>\n\n\n\n<p class=\"has-text-align-justify has-medium-font-size\">Cette formation de <mark style=\"background-color:rgba(0, 0, 0, 0);color:#319243\" class=\"has-inline-color\"><strong>Praticien(ne)<\/strong> en Hypnose Ericksonienne<\/mark>, au m\u00eame titre que celle en PNL, est une <strong>mise en pratique<\/strong> de toutes les techniques sp\u00e9cifiques apprises lors de la partie <strong><a data-type=\"page\" data-id=\"12\" href=\"https:\/\/cftbc.com\/index.php\/technicienne-en-hypnose-ericksonienne\/\" target=\"_blank\" rel=\"noreferrer noopener\"><mark style=\"background-color:rgba(0, 0, 0, 0);color:#71c468\" class=\"has-inline-color\">Technicien(ne)<\/mark><\/a><\/strong>, \u00e0 travers <strong><mark style=\"background-color:rgba(0, 0, 0, 0)\" class=\"has-inline-color has-ast-global-color-8-color\">des protocoles et des situations r\u00e9elles<\/mark><\/strong>, et un <strong>approfondissement de ces connaissances<\/strong>. Elle vous permettra de vous <strong>construire des r\u00e9flexes de bon praticien<\/strong>, dans le \u00ab&nbsp;<mark style=\"background-color:rgba(0, 0, 0, 0)\" class=\"has-inline-color has-ast-global-color-8-color\">savoir-\u00eatre<\/mark>&nbsp;\u00bb et le \u00ab&nbsp;<mark style=\"background-color:rgba(0, 0, 0, 0)\" class=\"has-inline-color has-ast-global-color-8-color\">savoir-faire<\/mark>&nbsp;\u00bb qui s\u2019automatiseront davantage.<\/p>\n\n\n\n<p class=\"has-text-align-justify has-medium-font-size\">L\u2019importance est donn\u00e9e \u00e0 l\u2019<strong><mark style=\"background-color:rgba(0, 0, 0, 0)\" class=\"has-inline-color has-ast-global-color-8-color\">\u00e9quilibre entre la pratique et la th\u00e9orie<\/mark><\/strong>. Nous vous proposons donc de <strong>concr\u00e9tiser les apprentissages par <mark style=\"background-color:rgba(0, 0, 0, 0)\" class=\"has-inline-color has-ast-global-color-8-color\">des exercices et des mises en \u0153uvre protocolaires et\/ou intuitives<\/mark><\/strong>, qui seront <mark style=\"background-color:rgba(0, 0, 0, 0)\" class=\"has-inline-color has-ast-global-color-8-color\">ax\u00e9s sur de vrais cas du quotidien<\/mark>. De cette fa\u00e7on, vous saurez comment r\u00e9agir en fonction des situations que vous rencontrerez lorsque vous serez livr\u00e9(e)s \u00e0 vous-m\u00eame. Effectivement, cette formation est faite pour que vous deveniez des <strong><mark style=\"background-color:rgba(0, 0, 0, 0);color:#198926\" class=\"has-inline-color\">Praticien(ne)s<\/mark><\/strong>, c\u2019est-\u00e0-dire des personnes ayant <strong>l<\/strong><mark style=\"background-color:rgba(0, 0, 0, 0)\" class=\"has-inline-color has-ast-global-color-8-color\"><strong>e savoir, la capacit\u00e9 et les m\u00e9thodes pour encadrer<\/strong> des personnes ayant <strong>des besoins ou des<\/strong> <strong>probl\u00e9matiques d\u2019ordre \u00e9motionnel, comportemental ou cognitif<\/strong><\/mark>.<\/p>\n\n\n\n<p class=\"has-text-align-justify has-medium-font-size\">Lors de cette formation vous serez accompagn\u00e9s par <strong>un(e) formateur\/trice expert(e). <\/strong>Cela <strong>vous assurera<\/strong> <strong>la qualit\u00e9 de vos apprentissages<\/strong>, ainsi que <strong>le d\u00e9veloppement de vos aptitudes de pratiquant<\/strong>. Car <mark style=\"background-color:rgba(0, 0, 0, 0)\" class=\"has-inline-color has-black-color\">le premier<\/mark> <mark style=\"background-color:rgba(0, 0, 0, 0)\" class=\"has-inline-color has-ast-global-color-8-color\">objectif est que vous sortiez de cette formation avec <strong>un niveau de pratique \u00e9lev\u00e9<\/strong> et <strong>une confiance en vos propres capacit\u00e9s d\u2019interventions<\/strong><\/mark>.<\/p>\n\n\n\n<p class=\"has-text-align-justify has-medium-font-size\">Cette formation en <mark style=\"background-color:rgba(0, 0, 0, 0)\" class=\"has-inline-color has-ast-global-color-8-color\">communication Ericksonienne <\/mark>vous permettra de devenir un(e) <strong><mark style=\"background-color:rgba(0, 0, 0, 0);color:#249127\" class=\"has-inline-color\">Praticien(ne)<\/mark> <mark style=\"background-color:rgba(0, 0, 0, 0)\" class=\"has-inline-color has-ast-global-color-8-color\">certifi\u00e9(e) <\/mark><mark style=\"background-color:rgba(0, 0, 0, 0)\" class=\"has-inline-color has-black-color\">CFTBC<\/mark><\/strong>. Elle vous offrira un enseignement de qualit\u00e9 qui durera <strong>8 jours<\/strong>.<\/p>\n\n\n\n<p class=\"has-text-align-justify has-medium-font-size\">La partie <a data-type=\"page\" data-id=\"12\" href=\"https:\/\/cftbc.com\/index.php\/technicienne-en-hypnose-ericksonienne\/\" target=\"_blank\" rel=\"noreferrer noopener\"><mark style=\"background-color:rgba(0, 0, 0, 0);color:#6ec06c\" class=\"has-inline-color\"><strong>Technicien(ne) <\/strong>en Hypnose<\/mark><\/a> est le <strong>pr\u00e9requis indispensable pour pouvoir acc\u00e9der \u00e0 la partie <\/strong><mark style=\"background-color:rgba(0, 0, 0, 0);color:#237f25\" class=\"has-inline-color\"><strong>Praticien(ne) <\/strong>en Hypnose<\/mark> (certifiante).<\/p>\n\n\n\n<div class=\"wp-block-buttons is-layout-flex wp-block-buttons-is-layout-flex\">\n<div class=\"wp-block-button has-custom-font-size is-style-fill has-medium-font-size\"><a class=\"wp-block-button__link has-ast-global-color-4-color has-contrast-background-color has-text-color has-background wp-element-button\" href=\"https:\/\/cftbc.com\/index.php\/formation-hypnose-annecy-lyon-paris-dates-et-tarifs\/\" style=\"border-radius:12px;padding-top:12px;padding-right:12px;padding-bottom:12px;padding-left:12px\"><strong>Dates et Tarifs<\/strong><\/a><\/div>\n\n\n\n<div class=\"wp-block-button has-custom-font-size is-style-fill has-medium-font-size\"><a class=\"wp-block-button__link has-ast-global-color-4-color has-contrast-background-color has-text-color has-background wp-element-button\" href=\"https:\/\/cftbc.com\/index.php\/contenu-du-praticien-en-hypnose-ericksonienne\/\" style=\"border-radius:12px;padding-top:12px;padding-right:12px;padding-bottom:12px;padding-left:12px\"><strong>Contenu de Formation<\/strong><\/a><\/div>\n\n\n\n<div class=\"wp-block-button has-custom-font-size is-style-fill has-medium-font-size\"><a class=\"wp-block-button__link has-ast-global-color-4-color has-contrast-background-color has-text-color has-background wp-element-button\" href=\"https:\/\/cftbc.com\/index.php\/certifications\/\" style=\"border-radius:12px;padding-top:12px;padding-right:12px;padding-bottom:12px;padding-left:12px\" target=\"_blank\" rel=\"noreferrer noopener\"><strong>Certifications<\/strong><\/a><\/div>\n<\/div>\n\n\n\n<p><\/p>\n","protected":false},"excerpt":{"rendered":"<p>Cette formation de Praticien(ne) en Hypnose Ericksonienne, au m\u00eame titre que celle en PNL, est une mise en pratique de toutes les techniques sp\u00e9cifiques apprises&hellip;<\/p>\n","protected":false},"author":1,"featured_media":0,"parent":0,"menu_order":0,"comment_status":"closed","ping_status":"closed","template":"","meta":{"footnotes":""},"class_list":["post-14","page","type-page","status-publish","hentry"],"yoast_head":"<!-- This site is optimized with the Yoast SEO plugin v20.1 - https:\/\/yoast.com\/wordpress\/plugins\/seo\/ -->\n<title>Praticien(ne) en Hypnose - Formation<\/title>\n<meta name=\"description\" content=\"Cette formation de Praticien(ne) en Hypnose vous permettra de conna\u00eetre et appliquer les techniques de l&#039;Hypnose Ericksonienne...\" \/>\n<meta name=\"robots\" content=\"index, follow, max-snippet:-1, max-image-preview:large, max-video-preview:-1\" \/>\n<link rel=\"canonical\" href=\"https:\/\/cftbc.com\/index.php\/praticienne-en-hypnose-ericksonienne\/\" \/>\n<meta property=\"og:locale\" content=\"fr_FR\" \/>\n<meta property=\"og:type\" content=\"article\" \/>\n<meta property=\"og:title\" content=\"Praticien(ne) en Hypnose - Formation\" \/>\n<meta property=\"og:description\" content=\"Cette formation de Praticien(ne) en Hypnose vous permettra de conna\u00eetre et appliquer les techniques de l&#039;Hypnose Ericksonienne...\" \/>\n<meta property=\"og:url\" content=\"https:\/\/cftbc.com\/index.php\/praticienne-en-hypnose-ericksonienne\/\" \/>\n<meta property=\"og:site_name\" content=\"Centre de Formation en Th\u00e9rapies Br\u00e8ves et Cognitives\" \/>\n<meta property=\"article:modified_time\" content=\"2023-06-04T13:56:19+00:00\" \/>\n<meta property=\"og:image\" content=\"https:\/\/cftbc.com\/wp-content\/uploads\/2023\/02\/pexels-inchs-67025556-scaled-e1676734962707.jpg\" \/>\n<meta name=\"twitter:card\" content=\"summary_large_image\" \/>\n<meta name=\"twitter:label1\" content=\"Dur\u00e9e de lecture estim\u00e9e\" \/>\n\t<meta name=\"twitter:data1\" content=\"2 minutes\" \/>\n<script type=\"application\/ld+json\" class=\"yoast-schema-graph\">{\"@context\":\"https:\/\/schema.org\",\"@graph\":[{\"@type\":\"WebPage\",\"@id\":\"https:\/\/cftbc.com\/index.php\/praticienne-en-hypnose-ericksonienne\/\",\"url\":\"https:\/\/cftbc.com\/index.php\/praticienne-en-hypnose-ericksonienne\/\",\"name\":\"Praticien(ne) en Hypnose - Formation\",\"isPartOf\":{\"@id\":\"https:\/\/cftbc.com\/#website\"},\"datePublished\":\"2022-12-15T15:53:03+00:00\",\"dateModified\":\"2023-06-04T13:56:19+00:00\",\"description\":\"Cette formation de Praticien(ne) en Hypnose vous permettra de conna\u00eetre et appliquer les techniques de l'Hypnose Ericksonienne...\",\"breadcrumb\":{\"@id\":\"https:\/\/cftbc.com\/index.php\/praticienne-en-hypnose-ericksonienne\/#breadcrumb\"},\"inLanguage\":\"fr-FR\",\"potentialAction\":[{\"@type\":\"ReadAction\",\"target\":[\"https:\/\/cftbc.com\/index.php\/praticienne-en-hypnose-ericksonienne\/\"]}]},{\"@type\":\"BreadcrumbList\",\"@id\":\"https:\/\/cftbc.com\/index.php\/praticienne-en-hypnose-ericksonienne\/#breadcrumb\",\"itemListElement\":[{\"@type\":\"ListItem\",\"position\":1,\"name\":\"Accueil\",\"item\":\"https:\/\/cftbc.com\/\"},{\"@type\":\"ListItem\",\"position\":2,\"name\":\"Praticien(ne) en Hypnose Ericksonienne\"}]},{\"@type\":\"WebSite\",\"@id\":\"https:\/\/cftbc.com\/#website\",\"url\":\"https:\/\/cftbc.com\/\",\"name\":\"Centre de Formation en Th\u00e9rapies Br\u00e8ves et Cognitives\",\"description\":\"Soyez l&#039;acteur du changement !\",\"publisher\":{\"@id\":\"https:\/\/cftbc.com\/#organization\"},\"potentialAction\":[{\"@type\":\"SearchAction\",\"target\":{\"@type\":\"EntryPoint\",\"urlTemplate\":\"https:\/\/cftbc.com\/?s={search_term_string}\"},\"query-input\":\"required name=search_term_string\"}],\"inLanguage\":\"fr-FR\"},{\"@type\":\"Organization\",\"@id\":\"https:\/\/cftbc.com\/#organization\",\"name\":\"Centre de Formation en Th\u00e9rapies Br\u00e8ves et Cognitives\",\"url\":\"https:\/\/cftbc.com\/\",\"logo\":{\"@type\":\"ImageObject\",\"inLanguage\":\"fr-FR\",\"@id\":\"https:\/\/cftbc.com\/#\/schema\/logo\/image\/\",\"url\":\"https:\/\/cftbc.com\/wp-content\/uploads\/2022\/12\/centre-de-formation-de-therapie1-scaled.jpg\",\"contentUrl\":\"https:\/\/cftbc.com\/wp-content\/uploads\/2022\/12\/centre-de-formation-de-therapie1-scaled.jpg\",\"width\":2238,\"height\":2560,\"caption\":\"Centre de Formation en Th\u00e9rapies Br\u00e8ves et Cognitives\"},\"image\":{\"@id\":\"https:\/\/cftbc.com\/#\/schema\/logo\/image\/\"}}]}<\/script>\n<!-- \/ Yoast SEO plugin. -->","yoast_head_json":{"title":"Praticien(ne) en Hypnose - Formation","description":"Cette formation de Praticien(ne) en Hypnose vous permettra de conna\u00eetre et appliquer les techniques de l'Hypnose Ericksonienne...","robots":{"index":"index","follow":"follow","max-snippet":"max-snippet:-1","max-image-preview":"max-image-preview:large","max-video-preview":"max-video-preview:-1"},"canonical":"https:\/\/cftbc.com\/index.php\/praticienne-en-hypnose-ericksonienne\/","og_locale":"fr_FR","og_type":"article","og_title":"Praticien(ne) en Hypnose - Formation","og_description":"Cette formation de Praticien(ne) en Hypnose vous permettra de conna\u00eetre et appliquer les techniques de l'Hypnose Ericksonienne...","og_url":"https:\/\/cftbc.com\/index.php\/praticienne-en-hypnose-ericksonienne\/","og_site_name":"Centre de Formation en Th\u00e9rapies Br\u00e8ves et Cognitives","article_modified_time":"2023-06-04T13:56:19+00:00","og_image":[{"url":"https:\/\/cftbc.com\/wp-content\/uploads\/2023\/02\/pexels-inchs-67025556-scaled-e1676734962707.jpg"}],"twitter_card":"summary_large_image","twitter_misc":{"Dur\u00e9e de lecture estim\u00e9e":"2 minutes"},"schema":{"@context":"https:\/\/schema.org","@graph":[{"@type":"WebPage","@id":"https:\/\/cftbc.com\/index.php\/praticienne-en-hypnose-ericksonienne\/","url":"https:\/\/cftbc.com\/index.php\/praticienne-en-hypnose-ericksonienne\/","name":"Praticien(ne) en Hypnose - Formation","isPartOf":{"@id":"https:\/\/cftbc.com\/#website"},"datePublished":"2022-12-15T15:53:03+00:00","dateModified":"2023-06-04T13:56:19+00:00","description":"Cette formation de Praticien(ne) en Hypnose vous permettra de conna\u00eetre et appliquer les techniques de l'Hypnose Ericksonienne...","breadcrumb":{"@id":"https:\/\/cftbc.com\/index.php\/praticienne-en-hypnose-ericksonienne\/#breadcrumb"},"inLanguage":"fr-FR","potentialAction":[{"@type":"ReadAction","target":["https:\/\/cftbc.com\/index.php\/praticienne-en-hypnose-ericksonienne\/"]}]},{"@type":"BreadcrumbList","@id":"https:\/\/cftbc.com\/index.php\/praticienne-en-hypnose-ericksonienne\/#breadcrumb","itemListElement":[{"@type":"ListItem","position":1,"name":"Accueil","item":"https:\/\/cftbc.com\/"},{"@type":"ListItem","position":2,"name":"Praticien(ne) en Hypnose Ericksonienne"}]},{"@type":"WebSite","@id":"https:\/\/cftbc.com\/#website","url":"https:\/\/cftbc.com\/","name":"Centre de Formation en Th\u00e9rapies Br\u00e8ves et Cognitives","description":"Soyez l&#039;acteur du changement !","publisher":{"@id":"https:\/\/cftbc.com\/#organization"},"potentialAction":[{"@type":"SearchAction","target":{"@type":"EntryPoint","urlTemplate":"https:\/\/cftbc.com\/?s={search_term_string}"},"query-input":"required name=search_term_string"}],"inLanguage":"fr-FR"},{"@type":"Organization","@id":"https:\/\/cftbc.com\/#organization","name":"Centre de Formation en Th\u00e9rapies Br\u00e8ves et Cognitives","url":"https:\/\/cftbc.com\/","logo":{"@type":"ImageObject","inLanguage":"fr-FR","@id":"https:\/\/cftbc.com\/#\/schema\/logo\/image\/","url":"https:\/\/cftbc.com\/wp-content\/uploads\/2022\/12\/centre-de-formation-de-therapie1-scaled.jpg","contentUrl":"https:\/\/cftbc.com\/wp-content\/uploads\/2022\/12\/centre-de-formation-de-therapie1-scaled.jpg","width":2238,"height":2560,"caption":"Centre de Formation en Th\u00e9rapies Br\u00e8ves et Cognitives"},"image":{"@id":"https:\/\/cftbc.com\/#\/schema\/logo\/image\/"}}]}},"_links":{"self":[{"href":"https:\/\/cftbc.com\/index.php\/wp-json\/wp\/v2\/pages\/14","targetHints":{"allow":["GET"]}}],"collection":[{"href":"https:\/\/cftbc.com\/index.php\/wp-json\/wp\/v2\/pages"}],"about":[{"href":"https:\/\/cftbc.com\/index.php\/wp-json\/wp\/v2\/types\/page"}],"author":[{"embeddable":true,"href":"https:\/\/cftbc.com\/index.php\/wp-json\/wp\/v2\/users\/1"}],"replies":[{"embeddable":true,"href":"https:\/\/cftbc.com\/index.php\/wp-json\/wp\/v2\/comments?post=14"}],"version-history":[{"count":44,"href":"https:\/\/cftbc.com\/index.php\/wp-json\/wp\/v2\/pages\/14\/revisions"}],"predecessor-version":[{"id":2073,"href":"https:\/\/cftbc.com\/index.php\/wp-json\/wp\/v2\/pages\/14\/revisions\/2073"}],"wp:attachment":[{"href":"https:\/\/cftbc.com\/index.php\/wp-json\/wp\/v2\/media?parent=14"}],"curies":[{"name":"wp","href":"https:\/\/api.w.org\/{rel}","templated":true}]}}